{"id":520,"date":"2014-02-28T11:21:56","date_gmt":"2014-02-28T10:21:56","guid":{"rendered":"http:\/\/villa-loches.com\/it\/?page_id=520"},"modified":"2023-12-16T09:45:11","modified_gmt":"2023-12-16T08:45:11","slug":"tempo-libero-loches-valle-loira","status":"publish","type":"page","link":"https:\/\/villa-loches.com\/it\/tempo-libero-loches-valle-loira\/","title":{"rendered":"Le Attivit\u00e0"},"content":{"rendered":"<h1 class=\"corsiva\">Le Attivit\u00e0 per il tempo libero<\/h1>\n<table>\n<tbody>\n<tr>\n<td><img decoding=\"async\" class=\"zoom-me\" src=\"\/fr\/files\/2012\/12\/histoire-8.png\" alt=\"\" width=\"105\"><\/td>\n<td>\n<p class=\"gabriola\">Tutto attorno alla cittadina di Loches, potrete spaziare tra un vasto parco d\u2019attivitiv\u00e0 sportive: golf, pesca, camminate a piedi o passeggiate in groppa a cavalli od asini, percorsi per ciclisti, canoa o kayak, scalate sugli alberi, segway, parapendio&#8230;,<br \/>\n&#8230;.. numerose le attrazioni: voli in mongolfiera, stages e laboratori, passeggiate in carrozza, itinerari in battello, giri in auto d\u2019epoca, rally con le 2CV, parchi di divertimento per tutta la famiglia, &#8230;<\/p>\n<\/td>\n<td><img decoding=\"async\" class=\"zoom-me\" src=\"\/fr\/files\/2012\/12\/histoire-9.png\" alt=\"\" width=\"105\"><\/td>\n<\/tr>\n<\/tbody>\n<\/table>\n<table>\n<tbody>\n<tr>\n<td><img decoding=\"async\" src=\"\/fr\/files\/2012\/12\/histoire-10.png\" alt=\"\" width=\"105\"><\/td>\n<td>\n<p class=\"gabriola\">&#8230; festivals di musica e teatro, la balneoterapia e il nuovo parco acquatico Natureo con la magnifica vista sulla citt\u00e0 vecchia!<\/p>\n<\/td>\n<\/tr>\n<\/tbody>\n<\/table>\n<div class=\"is-layout-flex wp-container-4 wp-block-columns\">\n<div class=\"is-layout-flow wp-block-column\">\n<p><strong>in dettaglio<\/strong><em><strong>, <\/strong><\/em><em><strong>Attivit\u00e0 nella citt\u00e0 di Loches:<\/strong><\/em><\/p>\n<p>\u2022 passeggiate attraverso le \u201cPrairies du Roy\u201d e nella foresta demaniale di Loches (che conta 4.000 ettari)<br \/>\u2022 camminare e disegnare nella foresta<br \/>\u2022 passeggiate a cavallo e con asino<br \/>\u2022 giri in auto e carrozze d&rsquo;epoca<br \/>\u2022 escursioni in bicicletta e segway<br \/>\u2022 escursioni in canoa e kayak<br \/>\u2022 pesca<br \/>\u2022 Parco acquatico Natureo<br \/>\u2022 balneoterapia<br \/>\u2022 pratiche e laboratori sul patrimonio: vetrate, scultura in pietra, modellazione, creazione di stemmi&#8230;<br \/>\u2022 escape game al museo Lansyer<br \/>\u2022 laboratorio di produzione di caramelle presso l&rsquo;azienda Hallard<br \/>\u2022 mercatini di prodotti tipici francesi, che qui a Loches riempiono le vie della citt\u00e0 due volte a settimana<br \/>\u2022 festival musicali e teatrali<\/p>\n<div class=\"is-layout-flex wp-container-2 wp-block-columns\">\n<div class=\"is-layout-flow wp-block-column\"><\/div>\n<\/div>\n<p><strong>in dettaglio<\/strong><em><strong>, <\/strong><\/em><em><strong>Attivit\u00e0 n<\/strong><\/em><em><strong>ei dintorni<\/strong><\/em><em><strong> di Loches:<\/strong><\/em><\/p>\n<p>\u2022 centro ricreativo e di pesca con parco di arrampicata sugli alberi a Chemill\u00e9<br \/>\u2022 fattoria didattica\/pedagogica a Sepmes<br \/>\u2022 Museo della Preistoria di Grand-Pressigny<br \/>\u2022 Valle troglodita di Goupilli\u00e8res<br \/>\u2022 Museo Dufresne<br \/>\u2022 museo dell&rsquo;automobile a Valen\u00e7ay<br \/>\u2022 planetario a Tauxigny<br \/>\u2022 acquario a Lussault-sur-Loire<br \/>\u2022 le Grotte Pietrificate di Savonni\u00e8res<br \/>\u2022 coltivazione di funghi Roches Ville nel villaggio di Bourr\u00e9<br \/>\u2022 visite alle cantine di Montrichard e Vouvray<br \/>\u2022 laboratori di cioccolato di Renard a Manthelan<br \/>\u2022 laboratori naturalistici e gastronomici a Cand\u00e9<br \/>\u2022 giardino e conservatoria del pomodoro del Castello della Bourdaisi\u00e8re<br \/>\u2022 produzione di cesti di vimini a Villaines-les-Rochers<br \/>\u2022 voli in mongolfiera<br \/>\u2022 parapendio<br \/>\u2022 gite in barca sui fiumi<br \/>\u2022 voli a Ulm<br \/>\u2022 golf a Verneuil<br \/>\u2022 karting<br \/>\u2022 rally con 2CV<br \/>\u2022 circuito pedonale del lago di Le Louroux<br \/>\u2022 i famosi \u00ab\u00a0brocante\u00a0\u00bb, mercatini di oggetti antichi e di seconda mano<br \/>\u2022 percorsi ciclistici (Loire \u00e0 v\u00e9lo, Indre \u00e0 v\u00e9lo, Cher \u00e0 v\u00e9lo, Vienne \u00e0 v\u00e9lo) ed escursionistici (come il G.R.3 e il sentiero di San Martino)<br \/>\u2022 treno safari a Autr\u00e8che<br \/>\u2022 zoo di Beauval<br \/>\u2022 riserva zoologica dell&rsquo;Haute-Touche<br \/>\u2022 Family Park a Sorigny<br \/>\u2022 parco divertimenti a Monts<\/p>\n<\/div>\n<\/div>\n","protected":false},"excerpt":{"rendered":"<p>Le Attivit\u00e0 per il tempo libero Tutto attorno alla cittadina di Loches, potrete spaziare tra un vasto parco d\u2019attivitiv\u00e0 sportive: golf, pesca, camminate a piedi o passeggiate in groppa a cavalli od asini, percorsi per ciclisti, canoa o kayak, scalate sugli alberi, segway, parapendio&#8230;, &#8230;.. numerose le attrazioni: voli in mongolfiera, stages e laboratori, passeggiate [&hellip;]<\/p>\n","protected":false},"author":1,"featured_media":0,"parent":0,"menu_order":0,"comment_status":"closed","ping_status":"closed","template":"","meta":[],"_links":{"self":[{"href":"https:\/\/villa-loches.com\/it\/wp-json\/wp\/v2\/pages\/520"}],"collection":[{"href":"https:\/\/villa-loches.com\/it\/wp-json\/wp\/v2\/pages"}],"about":[{"href":"https:\/\/villa-loches.com\/it\/wp-json\/wp\/v2\/types\/page"}],"author":[{"embeddable":true,"href":"https:\/\/villa-loches.com\/it\/wp-json\/wp\/v2\/users\/1"}],"replies":[{"embeddable":true,"href":"https:\/\/villa-loches.com\/it\/wp-json\/wp\/v2\/comments?post=520"}],"version-history":[{"count":5,"href":"https:\/\/villa-loches.com\/it\/wp-json\/wp\/v2\/pages\/520\/revisions"}],"predecessor-version":[{"id":1028,"href":"https:\/\/villa-loches.com\/it\/wp-json\/wp\/v2\/pages\/520\/revisions\/1028"}],"wp:attachment":[{"href":"https:\/\/villa-loches.com\/it\/wp-json\/wp\/v2\/media?parent=520"}],"curies":[{"name":"wp","href":"https:\/\/api.w.org\/{rel}","templated":true}]}}