{"id":519,"date":"2014-02-28T11:21:55","date_gmt":"2014-02-28T10:21:55","guid":{"rendered":"http:\/\/villa-loches.com\/it\/?page_id=519"},"modified":"2023-10-18T12:13:05","modified_gmt":"2023-10-18T11:13:05","slug":"valle-della-loira-regione-luoghi-cultura","status":"publish","type":"page","link":"https:\/\/villa-loches.com\/it\/valle-della-loira-regione-luoghi-cultura\/","title":{"rendered":"La Regione: territorio &#038; cultura"},"content":{"rendered":"<h1 class=\"corsiva\">La Regione<\/h1>\n<table>\n<tbody>\n<tr>\n<td><img decoding=\"async\" class=\"zoom-me\" src=\"\/fr\/files\/2012\/12\/histoire-4.png\" alt=\"\" width=\"105\" \/><\/td>\n<td>\n<p class=\"gabriola\">La citt\u00e0 \u00e8 un perla nel cuore della Touraine, il \u2018\u201dgiardino di Francia\u201d, terra di vigneti, gastronomia, prodotti agricoli e caseari<br \/>\nDal vino alle cantine: un\u2019interminabile scoperta lontano dalla confusione e dalle vie pi\u00f9 trafficate, tra vigneti e cantine, un percorso immerso tra verdi e dolci paesaggi, che vi invita ad incontrare la gente del luogo, il loro leggendario spirito d\u2019accoglienza e il loro \u201cnettare divino\u201d<br \/>\nE come scordare i mercati dei prodotti locali di Francia, che qui, a Loches, riempiono le vie della citt\u00e0 due volte alla settimana. O i famosi \u201cbrocante\u201d, mercatini di oggetti d\u2019occasione e d\u2019antiquariato tipici di questo Paese&#8230;<\/p>\n<\/td>\n<td><img decoding=\"async\" class=\"zoom-me\" src=\"\/fr\/files\/2012\/12\/histoire-5.png\" alt=\"\" width=\"105\" data-zoom=\"2\" \/><\/td>\n<\/tr>\n<\/tbody>\n<\/table>\n<table>\n<tbody>\n<tr>\n<td><img decoding=\"async\" class=\"zoom-me\" src=\"\/fr\/files\/2012\/12\/histoire-6.png\" alt=\"\" width=\"105\" \/><\/td>\n<td>\n<p class=\"gabriola\">Estesa su una superficie di circa 100 km la Touraine vanta molti dei pi\u00f9 celebri castelli della Valle della Loira e splendide cittadine. Migliaia di tesori non attendono che voi: Chenonceau, Chambord, Amboise, Chinon, Villandry, Uss\u00e9, Azay-le-Rideau, Chaumont-sur-Loire, Valen\u00e7ay, Langeais\u2026 E poi: Blois, Tours, Saumur, Chinon, Montrichard, Ch\u00e2tellerault, Richelieu\u2026<br \/>\nProtette da tre Parchi Naturali Regionali (Brenne &#8211; Loire Anjou Touraine \u2013 Perche), la Touraine e la Regione della Valle della Loira custodiscono un patrimonio riconosciuto a livello nazionale e persino mondiale (280 km di percorso fluviale eletti Patrimonio mondiale dell&rsquo;UNESCO dal novembre 2000), con la loro natura incantevole, ricca di percorsi di cicloturismo (Loire \u00e0 v\u00e9lo, Indre \u00e0 v\u00e9lo, Cher \u00e0 v\u00e9lo, Vienne \u00e0 v\u00e9lo) ed escursioni (come il G.R.3 e il cammino di San Martino), boschi (la foresta demaniale di Loches vanta ben 4000 ettari), giardini e corsi d\u2019acqua<\/p>\n<\/td>\n<td><img decoding=\"async\" class=\"zoom-me\" src=\"\/fr\/files\/2012\/12\/histoire-7.png\" alt=\"\" width=\"105\" data-zoom=\"2\" \/><\/td>\n<\/tr>\n<\/tbody>\n<\/table>\n<h1 class=\"corsiva\"><\/h1>\n","protected":false},"excerpt":{"rendered":"<p>La Regione La citt\u00e0 \u00e8 un perla nel cuore della Touraine, il \u2018\u201dgiardino di Francia\u201d, terra di vigneti, gastronomia, prodotti agricoli e caseari Dal vino alle cantine: un\u2019interminabile scoperta lontano dalla confusione e dalle vie pi\u00f9 trafficate, tra vigneti e cantine, un percorso immerso tra verdi e dolci paesaggi, che vi invita ad incontrare la [&hellip;]<\/p>\n","protected":false},"author":1,"featured_media":0,"parent":0,"menu_order":0,"comment_status":"closed","ping_status":"closed","template":"","meta":[],"_links":{"self":[{"href":"https:\/\/villa-loches.com\/it\/wp-json\/wp\/v2\/pages\/519"}],"collection":[{"href":"https:\/\/villa-loches.com\/it\/wp-json\/wp\/v2\/pages"}],"about":[{"href":"https:\/\/villa-loches.com\/it\/wp-json\/wp\/v2\/types\/page"}],"author":[{"embeddable":true,"href":"https:\/\/villa-loches.com\/it\/wp-json\/wp\/v2\/users\/1"}],"replies":[{"embeddable":true,"href":"https:\/\/villa-loches.com\/it\/wp-json\/wp\/v2\/comments?post=519"}],"version-history":[{"count":6,"href":"https:\/\/villa-loches.com\/it\/wp-json\/wp\/v2\/pages\/519\/revisions"}],"predecessor-version":[{"id":1019,"href":"https:\/\/villa-loches.com\/it\/wp-json\/wp\/v2\/pages\/519\/revisions\/1019"}],"wp:attachment":[{"href":"https:\/\/villa-loches.com\/it\/wp-json\/wp\/v2\/media?parent=519"}],"curies":[{"name":"wp","href":"https:\/\/api.w.org\/{rel}","templated":true}]}}