{"id":5,"date":"2012-12-11T10:01:32","date_gmt":"2012-12-11T09:01:32","guid":{"rendered":"http:\/\/villa-loches.com\/it\/?page_id=5"},"modified":"2015-07-07T14:47:22","modified_gmt":"2015-07-07T13:47:22","slug":"home","status":"publish","type":"page","link":"https:\/\/villa-loches.com\/it\/","title":{"rendered":"Home"},"content":{"rendered":"<p class=\"gabriola line-height-adjust\" align=\"center\">Troverete ad accogliervi <strong class=\"corsiva\"><em>Silvia<\/em><\/strong> con le sue due compagne d\u2019avventure a quattro zampe,<br \/>\n<strong class=\"corsiva\"><em>Lola<\/em><\/strong> e <strong class=\"corsiva\"><em>Lilli<\/em><\/strong>.<\/p>\n<table>\n<tbody>\n<tr>\n<td>\n<p class=\"gabriola line-height-adjust\" align=\"center\">Nel cuore della Terra dei Re, il <em>Giardino di Francia<\/em>, tra i pi\u00f9 celebri <em>Castelli della Valle della Loira<\/em> (Chambord, Chenonceau, Amboise o Villandry) e magnifiche citt\u00e0 storiche come <em>Orl\u00e9ans, Blois, Tours<\/em> e <em>Chinon<\/em>, sarete immersi nel passato<\/p>\n<\/td>\n<td><img decoding=\"async\" src=\"\/fr\/files\/2012\/12\/accueil-1.png\" alt=\"\" width=\"75\" \/><\/td>\n<\/tr>\n<\/tbody>\n<\/table>\n<table>\n<tbody>\n<tr>\n<td><img decoding=\"async\" src=\"\/fr\/files\/2012\/12\/accueil-2.png\" alt=\"\" width=\"75\" \/><\/td>\n<td>\n<p class=\"gabriola line-height-adjust\" align=\"center\">in una casa che conserva ancora intatti i segni dei secoli, un po\u2019 quattrocentesca ed un po\u2019 cinquecentesca, affascinante nella sua semplicit\u00e0,con la sua splendida torre, un tempo piccionaia, oggi sede di una scala che con i suoi 37 gradini porta ad un terzo ingresso alla propriet\u00e0,<\/p>\n<\/td>\n<\/tr>\n<\/tbody>\n<\/table>\n<table>\n<tbody>\n<tr>\n<td>\n<p class=\"gabriola line-height-adjust\" align=\"center\">e le sue cantine di origine medioevale &#8211; un tempo forse abitazioni troglodite- che si protraggono sotto le mura della fortezza&#8230;<\/p>\n<\/td>\n<td><img decoding=\"async\" src=\"\/fr\/files\/2012\/12\/accueil-3.png\" alt=\"\" width=\"75\" \/><\/td>\n<\/tr>\n<\/tbody>\n<\/table>\n<p><a class=\"button-more\" href=\"\/it\/home-di-piu\/\">Per saperne di pi\u00f9&#8230;<\/a><br \/>\n<iframe loading=\"lazy\" width=\"560\" height=\"315\" src=\"https:\/\/www.youtube.com\/embed\/RaDI-_gnrD4?rel=0&amp;controls=0&amp;showinfo=0\" frameborder=\"0\" allowfullscreen><\/iframe><\/p>\n","protected":false},"excerpt":{"rendered":"<p>Troverete ad accogliervi Silvia con le sue due compagne d\u2019avventure a quattro zampe, Lola e Lilli. Nel cuore della Terra dei Re, il Giardino di Francia, tra i pi\u00f9 celebri Castelli della Valle della Loira (Chambord, Chenonceau, Amboise o Villandry) e magnifiche citt\u00e0 storiche come Orl\u00e9ans, Blois, Tours e Chinon, sarete immersi nel passato in [&hellip;]<\/p>\n","protected":false},"author":1,"featured_media":0,"parent":0,"menu_order":0,"comment_status":"closed","ping_status":"closed","template":"","meta":[],"_links":{"self":[{"href":"https:\/\/villa-loches.com\/it\/wp-json\/wp\/v2\/pages\/5"}],"collection":[{"href":"https:\/\/villa-loches.com\/it\/wp-json\/wp\/v2\/pages"}],"about":[{"href":"https:\/\/villa-loches.com\/it\/wp-json\/wp\/v2\/types\/page"}],"author":[{"embeddable":true,"href":"https:\/\/villa-loches.com\/it\/wp-json\/wp\/v2\/users\/1"}],"replies":[{"embeddable":true,"href":"https:\/\/villa-loches.com\/it\/wp-json\/wp\/v2\/comments?post=5"}],"version-history":[{"count":7,"href":"https:\/\/villa-loches.com\/it\/wp-json\/wp\/v2\/pages\/5\/revisions"}],"predecessor-version":[{"id":674,"href":"https:\/\/villa-loches.com\/it\/wp-json\/wp\/v2\/pages\/5\/revisions\/674"}],"wp:attachment":[{"href":"https:\/\/villa-loches.com\/it\/wp-json\/wp\/v2\/media?parent=5"}],"curies":[{"name":"wp","href":"https:\/\/api.w.org\/{rel}","templated":true}]}}