{"id":42,"date":"2012-12-21T15:54:20","date_gmt":"2012-12-21T14:54:20","guid":{"rendered":"http:\/\/villa-loches.com\/it\/?page_id=42"},"modified":"2025-04-08T14:32:21","modified_gmt":"2025-04-08T13:32:21","slug":"tariffe","status":"publish","type":"page","link":"https:\/\/villa-loches.com\/it\/tariffe\/","title":{"rendered":"Tariffe"},"content":{"rendered":"<h3>Tariffe<\/h3>\n<h4>Appartamento \/ Mansarda<\/h4>\n<table width=\"600\" cellpadding=\"5\">\n<tbody>\n<tr>\n<td><\/td>\n<td style=\"border: 1px dashed black;\" align=\"center\">(1-2 pers)<\/td>\n<td style=\"border: 1px dashed black;\" align=\"center\">(3-5 pers)<\/td>\n<td style=\"border: 1px dashed black;\" align=\"center\">min<\/td>\n<td style=\"border: 1px dashed black;\" align=\"center\">max<\/td>\n<\/tr>\n<tr style=\"border: 1px dashed black;\">\n<td>Settimana<\/td>\n<td style=\"border: 1px dashed black;\" align=\"right\">595 \u20ac<\/td>\n<td style=\"border: 1px dashed black;\" align=\"right\">690 \u20ac<\/td>\n<td style=\"border: 1px dashed black;\" align=\"right\">500 \u20ac<\/td>\n<td style=\"border: 1px dashed black;\" align=\"right\">690 \u20ac<\/td>\n<\/tr>\n<tr style=\"border: 1px dashed black;\">\n<td>Notte<\/td>\n<td style=\"border: 1px dashed black;\" align=\"right\">95 \u20ac<\/td>\n<td style=\"border: 1px dashed black;\" align=\"right\">110 \u20ac<\/td>\n<td style=\"border: 1px dashed black;\" align=\"right\">75 \u20ac<\/td>\n<td style=\"border: 1px dashed black;\" align=\"right\">120 \u20ac<\/td>\n<\/tr>\n<tr>\n<td><\/td>\n<td style=\"border: 1px dashed black; border-top: 2px solid black;\">Rid week<\/td>\n<td style=\"border: 1px dashed black; border-top: 2px solid black;\" align=\"right\">10 %<\/td>\n<td><\/td>\n<td><\/td>\n<\/tr>\n<tr>\n<td><\/td>\n<td style=\"border: 1px dashed black;\">Rid month<\/td>\n<td style=\"border: 1px dashed black;\" align=\"right\">20 %<\/td>\n<td><\/td>\n<td><\/td>\n<\/tr>\n<\/tbody>\n<\/table>\n<h4>Monolocale<\/h4>\n<table width=\"600\" cellpadding=\"5\">\n<tbody>\n<tr>\n<td><\/td>\n<td style=\"border: 1px dashed black;\" align=\"center\">(1-2 pers)<\/td>\n<td style=\"border: 1px dashed black;\" align=\"center\"><\/td>\n<td style=\"border: 1px dashed black;\" align=\"center\">min<\/td>\n<td style=\"border: 1px dashed black;\" align=\"center\">max<\/td>\n<\/tr>\n<tr style=\"border: 1px dashed black;\">\n<td>Settimana<\/td>\n<td style=\"border: 1px dashed black;\" align=\"right\">535 \u20ac<\/td>\n<td style=\"border: 1px dashed black;\" align=\"right\"><\/td>\n<td style=\"border: 1px dashed black;\" align=\"right\">350 \u20ac<\/td>\n<td style=\"border: 1px dashed black;\" align=\"right\">560 \u20ac<\/td>\n<\/tr>\n<tr style=\"border: 1px dashed black;\">\n<td>Notte<\/td>\n<td style=\"border: 1px dashed black;\" align=\"right\">80 \u20ac<\/td>\n<td style=\"border: 1px dashed black;\" align=\"right\"><\/td>\n<td style=\"border: 1px dashed black;\" align=\"right\">65 \u20ac<\/td>\n<td style=\"border: 1px dashed black;\" align=\"right\">90 \u20ac<\/td>\n<\/tr>\n<tr>\n<td><\/td>\n<td style=\"border: 1px dashed black; border-top: 2px solid black;\">Rid week<\/td>\n<td style=\"border: 1px dashed black; border-top: 2px solid black;\" align=\"right\">10 %<\/td>\n<td><\/td>\n<td><\/td>\n<\/tr>\n<tr>\n<td><\/td>\n<td style=\"border: 1px dashed black;\">Rid month<\/td>\n<td style=\"border: 1px dashed black;\" align=\"right\">16 %<\/td>\n<td><\/td>\n<td><\/td>\n<\/tr>\n<\/tbody>\n<\/table>\n<h4>Nuovo Alloggio ! &#8211; Chez PIERROT<\/h4>\n<table width=\"600\" cellpadding=\"5\">\n<tbody>\n<tr>\n<td><\/td>\n<td style=\"border: 1px dashed black;\" align=\"center\">(1-2 pers)<\/td>\n<td style=\"border: 1px dashed black;\" align=\"center\"><\/td>\n<td style=\"border: 1px dashed black;\" align=\"center\">min<\/td>\n<td style=\"border: 1px dashed black;\" align=\"center\">max<\/td>\n<\/tr>\n<tr style=\"border: 1px dashed black;\">\n<td>Settimana<\/td>\n<td style=\"border: 1px dashed black;\" align=\"right\">620 \u20ac<\/td>\n<td style=\"border: 1px dashed black;\" align=\"right\"><\/td>\n<td style=\"border: 1px dashed black;\" align=\"right\">550 \u20ac<\/td>\n<td style=\"border: 1px dashed black;\" align=\"right\">680 \u20ac<\/td>\n<\/tr>\n<tr style=\"border: 1px dashed black;\">\n<td>Notte<\/td>\n<td style=\"border: 1px dashed black;\" align=\"right\">98 \u20ac<\/td>\n<td style=\"border: 1px dashed black;\" align=\"right\"><\/td>\n<td style=\"border: 1px dashed black;\" align=\"right\">85 \u20ac<\/td>\n<td style=\"border: 1px dashed black;\" align=\"right\">105 \u20ac<\/td>\n<\/tr>\n<tr>\n<td><\/td>\n<td style=\"border: 1px dashed black; border-top: 2px solid black;\">Rid week<\/td>\n<td style=\"border: 1px dashed black; border-top: 2px solid black;\" align=\"right\">10 %<\/td>\n<td><\/td>\n<td><\/td>\n<\/tr>\n<tr>\n<td><\/td>\n<td style=\"border: 1px dashed black;\">Rid month<\/td>\n<td style=\"border: 1px dashed black;\" align=\"right\">16 %<\/td>\n<td><\/td>\n<td><\/td>\n<\/tr>\n<\/tbody>\n<\/table>\n<p>Preventivi su misura a seconda della durata del soggiorno e del numero di persone: massima flessibilit\u00e0&#8230; <a href=\"\/it\/contact\">Chiamatemi!<\/a><\/p>\n<p>A partire dal 1\u00b0 gennaio 2016, alla tariffa dell\u2019alloggio occorre aggiungere la Tassa di Soggiorno ; essa si applica ai turisti maggiorenni ed il suo valore giornaliero corrisponde al seguente calcolo: importo totale dell&rsquo;affitto x 0,05 x 1,10. <a style=\"font-weight: bold; text-decoration: underline;\" href=\"\/fr\/files\/2016\/01\/tax.jpg\" target=\"_blank\" rel=\"noopener\">Qui<\/a> troverete il documento relativo, deliberato dalla Communaut\u00e9 de Communes Loches D\u00e9veloppement nel novembre 2015.<\/p>\n<h3>Condizioni di Pagamento<\/h3>\n<table>\n<tbody>\n<tr>\n<td>a)<\/td>\n<td colspan=\"2\">la vostra prenotazione sar\u00e0 convalidata al ricevimento:<\/td>\n<\/tr>\n<tr>\n<td><\/td>\n<td>&#8211;<\/td>\n<td>del contratto firmato, che vi verr\u00e0 inviato per posta elettronica;<\/td>\n<\/tr>\n<tr>\n<td><\/td>\n<td>&#8211;<\/td>\n<td>della caparra pari al 33% dell\u2019importo totale del soggiorno (tramite bonifico o paypal)<\/td>\n<\/tr>\n<tr>\n<td>b)<\/td>\n<td colspan=\"2\">al vostro arrivo vi verr\u00e0 richiesto:<\/td>\n<\/tr>\n<tr>\n<td><\/td>\n<td>&#8211;<\/td>\n<td>il saldo del costo totale del soggiorno;<\/td>\n<\/tr>\n<tr>\n<td><\/td>\n<td valign=\"top\">&#8211;<\/td>\n<td>il pagamento di una cauzione (300 \u20ac per il monolocale e 400 \u20ac per l\u2019appartamento \/ chez Pierrot \/ mansarda) che vi sar\u00e0 restituita al momento della partenza in assenza di danni<\/td>\n<\/tr>\n<tr>\n<td colspan=\"3\">In caso di disdetta nell&rsquo;ultimo mese precedente l&rsquo;inizio della prenotazione, l&rsquo;anticipo non sar\u00e0 rimborsato; se la disdetta \u00e8 effettuata prima, l&rsquo;importo anticipato avr\u00e0 validit\u00e0 di un anno dall&rsquo;inizio prestabilito del soggiorno.<\/td>\n<\/tr>\n<tr>\n<td colspan=\"3\">I servizi aggiuntivi a pagamento verranno pagati a fine soggiorno.<\/td>\n<\/tr>\n<\/tbody>\n<\/table>\n<h3>Orari di check-in e check-out<\/h3>\n<p>Il giorno d\u2019arrivo gli appartamenti saranno messi a disposizione a partire dalle ore 16.00.<br \/>\nIl giorno della partenza gli appartamenti dovranno essere liberati entro le 10.30.<\/p>\n<p>Controllate le date di prenotazione disponibili sul <a href=\"\/it\/prenotazioni\/\">calendario<\/a>.<\/p>\n","protected":false},"excerpt":{"rendered":"<p>Tariffe Appartamento \/ Mansarda (1-2 pers) (3-5 pers) min max Settimana 595 \u20ac 690 \u20ac 500 \u20ac 690 \u20ac Notte 95 \u20ac 110 \u20ac 75 \u20ac 120 \u20ac Rid week 10 % Rid month 20 % Monolocale (1-2 pers) min max Settimana 535 \u20ac 350 \u20ac 560 \u20ac Notte 80 \u20ac 65 \u20ac 90 \u20ac [&hellip;]<\/p>\n","protected":false},"author":1,"featured_media":0,"parent":0,"menu_order":0,"comment_status":"closed","ping_status":"closed","template":"","meta":[],"_links":{"self":[{"href":"https:\/\/villa-loches.com\/it\/wp-json\/wp\/v2\/pages\/42"}],"collection":[{"href":"https:\/\/villa-loches.com\/it\/wp-json\/wp\/v2\/pages"}],"about":[{"href":"https:\/\/villa-loches.com\/it\/wp-json\/wp\/v2\/types\/page"}],"author":[{"embeddable":true,"href":"https:\/\/villa-loches.com\/it\/wp-json\/wp\/v2\/users\/1"}],"replies":[{"embeddable":true,"href":"https:\/\/villa-loches.com\/it\/wp-json\/wp\/v2\/comments?post=42"}],"version-history":[{"count":26,"href":"https:\/\/villa-loches.com\/it\/wp-json\/wp\/v2\/pages\/42\/revisions"}],"predecessor-version":[{"id":1044,"href":"https:\/\/villa-loches.com\/it\/wp-json\/wp\/v2\/pages\/42\/revisions\/1044"}],"wp:attachment":[{"href":"https:\/\/villa-loches.com\/it\/wp-json\/wp\/v2\/media?parent=42"}],"curies":[{"name":"wp","href":"https:\/\/api.w.org\/{rel}","templated":true}]}}