{"id":34,"date":"2012-12-21T15:44:10","date_gmt":"2012-12-21T14:44:10","guid":{"rendered":"http:\/\/villa-loches.com\/it\/?page_id=34"},"modified":"2023-12-14T12:15:36","modified_gmt":"2023-12-14T11:15:36","slug":"loches-valle-loira-storia","status":"publish","type":"page","link":"https:\/\/villa-loches.com\/it\/loches-valle-loira-storia\/","title":{"rendered":"La Storia"},"content":{"rendered":"<h1 class=\"corsiva\">La Storia<\/h1>\n<table>\n<tbody>\n<tr>\n<td>\n<p class=\"gabriola\">Ci troviamo nel dipartimento dell\u2019Indre-et-Loire, nella regione del Centro, situata nella zona centro-occidentale della Francia, a sud-est di Tours, sulla riva sinistra del fiume Indre.<br \/>\nLoches (la romana Leucae) si svilupp\u00f3 nel V secolo attorno al monastero fondato da Saint Ours, ed il suo rilievo sul piano storico, militare ed archeologico \u00e8 di primordine. \u00c9 menzionata nella lista de \u201c I pi\u00f9 bei luoghi di Francia\u201d e, a partire dall\u2019anno 2000, Loches fa parte della rete nazionale delle \u201cCitt\u00e0 ed Aree di Interesse Artistico e Storico\u201d.<\/p>\n<\/td>\n<td><img decoding=\"async\" class=\"zoom-me\" src=\"\/fr\/files\/2012\/12\/histoire-1.png\" alt=\"\" width=\"105\" \/><\/td>\n<\/tr>\n<\/tbody>\n<\/table>\n<table>\n<tbody>\n<tr>\n<td><img decoding=\"async\" class=\"zoom-me\" src=\"\/fr\/files\/2012\/12\/histoire-2.png\" alt=\"\" width=\"105\" \/><\/td>\n<td>\n<p class=\"gabriola\">Capitale della Touraine meridionale e citt\u00e0 natale dello scrittore Alfred de Vigny, la cittadina di Loches conserva il proprio aspetto medioevale. Nonostante i cambiamenti imposti dal passare dei secoli, la citt\u00e0 preserva ancora gran parte della sua eredit\u00e0 medievale e rinascimentale, mille anni di storia ed architettura: il Castello noto come Appartamenti Reali (principalmente del XV secolo, residenza preferita dei Valois e segnata da tre donne illustri, Giovanna d\u2019Arco, Agnes Sorel e Anna di Bretagna), la Collegiata Chiesa di Notre-Dame oggi Saint Ours (splendore romanico del X-XI secolo), la Casa di Lansyer (dimora ancestrale del pittore Emmanuel Lansyer, 1835-1893, considerato nel suo tempo come uno dei migliori paesaggisti dell\u2019epoca), la Porta Reale (risalente ai secoli XII e XIII) e il Dongione meglio conservato d\u2019Europa, roccaforte normanna che si erge per 37 metri, in perfetto stato di mantenimento (trasformata in prigione, nel 1504 rinchiuse il famoso duca di Milano, Ludovico Sforza).<\/p>\n<\/td>\n<\/tr>\n<\/tbody>\n<\/table>\n<table>\n<tbody>\n<tr>\n<td>\n<p class=\"gabriola\">La cittadella medioevale \u00e8 circondata per 2 km dalle antiche mura; un secondo anello di fortificazioni racchiude alcune tra le pi\u00f9 belle case della citt\u00e0 (tra le quali \u00e8 situata anche la Villa \u00e0 l\u2019ancien Pigeonnier) e tra questo ed il terzo giro di mura troviamo molti edifici di prestigio del Rinascimento: il Municipio, la Cancelleria, la Casa del Centauro, la Torre di Saint Antoine, la Porta Picois e la Porta des Cordeliers.<\/p>\n<\/td>\n<td><img decoding=\"async\" class=\"zoom-me\" src=\"\/fr\/files\/2012\/12\/histoire-3.png\" alt=\"\" width=\"105\" \/><\/td>\n<\/tr>\n<\/tbody>\n<\/table>\n<h1 class=\"corsiva\"><\/h1>\n","protected":false},"excerpt":{"rendered":"<p>La Storia Ci troviamo nel dipartimento dell\u2019Indre-et-Loire, nella regione del Centro, situata nella zona centro-occidentale della Francia, a sud-est di Tours, sulla riva sinistra del fiume Indre. Loches (la romana Leucae) si svilupp\u00f3 nel V secolo attorno al monastero fondato da Saint Ours, ed il suo rilievo sul piano storico, militare ed archeologico \u00e8 di [&hellip;]<\/p>\n","protected":false},"author":1,"featured_media":0,"parent":0,"menu_order":0,"comment_status":"closed","ping_status":"closed","template":"","meta":[],"_links":{"self":[{"href":"https:\/\/villa-loches.com\/it\/wp-json\/wp\/v2\/pages\/34"}],"collection":[{"href":"https:\/\/villa-loches.com\/it\/wp-json\/wp\/v2\/pages"}],"about":[{"href":"https:\/\/villa-loches.com\/it\/wp-json\/wp\/v2\/types\/page"}],"author":[{"embeddable":true,"href":"https:\/\/villa-loches.com\/it\/wp-json\/wp\/v2\/users\/1"}],"replies":[{"embeddable":true,"href":"https:\/\/villa-loches.com\/it\/wp-json\/wp\/v2\/comments?post=34"}],"version-history":[{"count":8,"href":"https:\/\/villa-loches.com\/it\/wp-json\/wp\/v2\/pages\/34\/revisions"}],"predecessor-version":[{"id":1026,"href":"https:\/\/villa-loches.com\/it\/wp-json\/wp\/v2\/pages\/34\/revisions\/1026"}],"wp:attachment":[{"href":"https:\/\/villa-loches.com\/it\/wp-json\/wp\/v2\/media?parent=34"}],"curies":[{"name":"wp","href":"https:\/\/api.w.org\/{rel}","templated":true}]}}