{"id":12,"date":"2012-12-21T15:18:33","date_gmt":"2012-12-21T14:18:33","guid":{"rendered":"http:\/\/villa-loches.com\/it\/?page_id=12"},"modified":"2023-10-19T10:31:39","modified_gmt":"2023-10-19T09:31:39","slug":"home-di-piu","status":"publish","type":"page","link":"https:\/\/villa-loches.com\/it\/home-di-piu\/","title":{"rendered":"Home (di-piu)"},"content":{"rendered":"<p class=\"gabriola line-height-adjust\" align=\"center\">Troverete ad accogliervi <strong class=\"corsiva\"><em>Silvia<\/em><\/strong> con le sue due compagne d\u2019avventure a quattro zampe,<br \/>\n<strong class=\"corsiva\"><em>Lola<\/em><\/strong> e <strong class=\"corsiva\"><em>Lilli<\/em><\/strong>.<\/p>\n<table>\n<tbody>\n<tr>\n<td>\n<p class=\"gabriola line-height-adjust\" align=\"center\">Nel cuore della Terra dei Re, il <em>Giardino di Francia<\/em>, tra i pi\u00f9 celebri <em>Castelli della Valle della Loira<\/em> (Chambord, Chenonceau, Amboise o Villandry) e magnifiche citt\u00e0 storiche come <em>Orl\u00e9ans, Blois, Tours<\/em> e <em>Chinon<\/em>, sarete immersi nel passato<\/p>\n<\/td>\n<td><img decoding=\"async\" src=\"\/fr\/files\/2012\/12\/accueil-1.png\" alt=\"\" width=\"75\" \/><\/td>\n<\/tr>\n<\/tbody>\n<\/table>\n<table>\n<tbody>\n<tr>\n<td><img decoding=\"async\" src=\"\/fr\/files\/2012\/12\/accueil-2.png\" alt=\"\" width=\"75\" \/><\/td>\n<td>\n<p class=\"gabriola line-height-adjust\" align=\"center\">in una casa che conserva ancora intatti i segni dei secoli, un po\u2019 cinquecentesca ed un po\u2019 settecentesca, affascinante nella sua semplicit\u00e0,con la sua splendida torre, un tempo piccionaia, oggi sede di una scala che con i suoi 37 gradini porta ad un terzo ingresso alla propriet\u00e0,<\/p>\n<\/td>\n<\/tr>\n<\/tbody>\n<\/table>\n<table>\n<tbody>\n<tr>\n<td>\n<p class=\"gabriola line-height-adjust\" align=\"center\">e le sue cantine di origine medioevale &#8211; un tempo forse abitazioni troglodite- che si protraggono sotto le mura della fortezza&#8230;<\/p>\n<\/td>\n<td><img decoding=\"async\" src=\"\/fr\/files\/2012\/12\/accueil-3.png\" alt=\"\" width=\"75\" \/><\/td>\n<\/tr>\n<\/tbody>\n<\/table>\n<p class=\"gabriola line-height-adjust\" align=\"center\">Tre gli appartamenti in affitto, appena ristrutturati con classe ma nel rispetto dell\u2019antico; tutti e tre godono di ingresso indipendente, riservatezza dentro e fuori l\u2019alloggio, due con porzioni di giardino separate ed attrezzate con tavoli e sedie per mangiare all\u2019aperto et il terzo, mansardato, con le travi del Quindicesimo secolo apparenti, in tutta la loro bellezza, a ricordarci la magia del passato.<\/p>\n<p class=\"gabriola line-height-adjust\" align=\"center\">Un angolino di paradiso ma per nulla isolato: ci troviamo nel cuore di una delle cittadelle medioevali d\u2019Europa tra le meglio conservate e nel vostro alloggio troverete tutte le informazioni utili ad organizzare una vacanza unica ed indimenticabile!<\/p>\n","protected":false},"excerpt":{"rendered":"<p>Troverete ad accogliervi Silvia con le sue due compagne d\u2019avventure a quattro zampe, Lola e Lilli. Nel cuore della Terra dei Re, il Giardino di Francia, tra i pi\u00f9 celebri Castelli della Valle della Loira (Chambord, Chenonceau, Amboise o Villandry) e magnifiche citt\u00e0 storiche come Orl\u00e9ans, Blois, Tours e Chinon, sarete immersi nel passato in [&hellip;]<\/p>\n","protected":false},"author":1,"featured_media":0,"parent":0,"menu_order":0,"comment_status":"closed","ping_status":"closed","template":"","meta":[],"_links":{"self":[{"href":"https:\/\/villa-loches.com\/it\/wp-json\/wp\/v2\/pages\/12"}],"collection":[{"href":"https:\/\/villa-loches.com\/it\/wp-json\/wp\/v2\/pages"}],"about":[{"href":"https:\/\/villa-loches.com\/it\/wp-json\/wp\/v2\/types\/page"}],"author":[{"embeddable":true,"href":"https:\/\/villa-loches.com\/it\/wp-json\/wp\/v2\/users\/1"}],"replies":[{"embeddable":true,"href":"https:\/\/villa-loches.com\/it\/wp-json\/wp\/v2\/comments?post=12"}],"version-history":[{"count":7,"href":"https:\/\/villa-loches.com\/it\/wp-json\/wp\/v2\/pages\/12\/revisions"}],"predecessor-version":[{"id":1021,"href":"https:\/\/villa-loches.com\/it\/wp-json\/wp\/v2\/pages\/12\/revisions\/1021"}],"wp:attachment":[{"href":"https:\/\/villa-loches.com\/it\/wp-json\/wp\/v2\/media?parent=12"}],"curies":[{"name":"wp","href":"https:\/\/api.w.org\/{rel}","templated":true}]}}