{"id":88,"date":"2012-12-12T17:34:56","date_gmt":"2012-12-12T16:34:56","guid":{"rendered":"http:\/\/villa-loches.com\/fr\/?page_id=88"},"modified":"2023-12-14T12:17:30","modified_gmt":"2023-12-14T11:17:30","slug":"histoire-loches-vallee-loire-cher","status":"publish","type":"page","link":"https:\/\/villa-loches.com\/fr\/histoire-loches-vallee-loire-cher\/","title":{"rendered":"L&rsquo;Histoire"},"content":{"rendered":"<h1 class=\"corsiva\">l\u2019 Histoire<\/h1>\n<table>\n<tbody>\n<tr>\n<td>\n<p class=\"gabriola\">On est dans le d\u00e9partement de l\u2019Indre-et-Loire, dans la r\u00e9gion du Centre, \u00e0 sud-est de Tours, sur la rive gauche de l\u2019Indre.<br \/>\nLoches (la romaine Laucae) fut cr\u00e9\u00e9e au Ve si\u00e8cle autour\u00a0du monast\u00e8re fond\u00e9 par Saint Ours, et son r\u00f4le cl\u00e9\u00a0aux niveaux historique, militaire et arch\u00e9ologique est incontestable. Elle est class\u00e9e parmi \u00abLes Plus Beaux D\u00e9tours de France\u00bb et, depuis l\u2019an 2000, elle fait partie du r\u00e9seau national du label\u00a0\u00abVille d\u2019Art et d\u2019Histoire\u00bb.<\/p>\n<\/td>\n<td><img decoding=\"async\" class=\"zoom-me\" src=\"\/fr\/files\/2012\/12\/histoire-1.png\" alt=\"\" width=\"105\" \/><\/td>\n<\/tr>\n<\/tbody>\n<\/table>\n<table>\n<tbody>\n<tr>\n<td><img decoding=\"async\" class=\"zoom-me\" src=\"\/fr\/files\/2012\/12\/histoire-2.png\" alt=\"\" width=\"105\" \/><\/td>\n<td>\n<p class=\"gabriola\">Capitale de la Touraine C\u00f4t\u00e9 Sud et ville natale de l\u2019\u00e9crivain Alfred-de Vigny, la citadelle de Loches pr\u00e9serve en tout son aspect m\u00e9di\u00e9val. Malgr\u00e9 les changements impos\u00e9s par le passage du temps la ville conserve encore aujourd\u2019hui une tr\u00e8s grande partie de son h\u00e9ritage m\u00e9di\u00e9val et de la Renaissance, mille ans d\u2019histoire et d\u2019architecture: le Ch\u00e2teau connu sous le nom de Logis Royal (du XVe si\u00e8cle, r\u00e9sidence favorite des Valois, marqu\u00e9e par trois illustres femmes: Jeanne d\u2019Arc, Agn\u00e8s Sorel et Anne de Bretagne), la Coll\u00e9giale de Notre-Dame actuellement Coll\u00e9giale Saint Ours (splendeur romane \u00e9difi\u00e9e aux XIe et XIIe si\u00e8cles), la Maison Lansyer (demeure familiale du peintre Emmanuel Lansyer, 1835-1893, consid\u00e9r\u00e9 parmi ses contemporains comme l\u2019un des meilleurs peintres paysagistes), la Port Royale (datant des XIIe et XIIIe si\u00e8cles) et le Donjon le mieux conserv\u00e9 d\u2019Europe, fort normand haut de ses 37 m\u00e8tres, dans un parfait \u00e9tat de conservation (transform\u00e9 en prison, en 1504 il enferma le c\u00e9l\u00e8bre Ludovic Sforza, Duc de Milan).<\/p>\n<\/td>\n<\/tr>\n<\/tbody>\n<\/table>\n<table>\n<tbody>\n<tr>\n<td>\n<p class=\"gabriola\">La citadelle m\u00e9di\u00e9vale est entour\u00e9e de 2 km des remparts; un second anneau de fortifications abrite quelques-unes des plus jolie demeures de Loches (parmi lesquelles il y a aussi la Villa \u00e0 l\u2019ancien Pigeonnier) et une troisi\u00e8me enceinte est enserr\u00e9e parmi des b\u00e2timents prestigieux de la Renaissance: l\u2019H\u00f4tel de Ville, la Chancellerie, la Maison du Centaure, la Tour Saint Antoine, la Porte Picois et la Portes des Cordeliers.<\/p>\n<\/td>\n<td><img decoding=\"async\" class=\"zoom-me\" src=\"\/fr\/files\/2012\/12\/histoire-3.png\" alt=\"\" width=\"105\" \/><\/td>\n<\/tr>\n<\/tbody>\n<\/table>\n<h1 class=\"corsiva\"><\/h1>\n","protected":false},"excerpt":{"rendered":"<p>l\u2019 Histoire On est dans le d\u00e9partement de l\u2019Indre-et-Loire, dans la r\u00e9gion du Centre, \u00e0 sud-est de Tours, sur la rive gauche de l\u2019Indre. Loches (la romaine Laucae) fut cr\u00e9\u00e9e au Ve si\u00e8cle autour\u00a0du monast\u00e8re fond\u00e9 par Saint Ours, et son r\u00f4le cl\u00e9\u00a0aux niveaux historique, militaire et arch\u00e9ologique est incontestable. Elle est class\u00e9e parmi \u00abLes [&hellip;]<\/p>\n","protected":false},"author":1,"featured_media":0,"parent":0,"menu_order":0,"comment_status":"closed","ping_status":"closed","template":"","meta":[],"_links":{"self":[{"href":"https:\/\/villa-loches.com\/fr\/wp-json\/wp\/v2\/pages\/88"}],"collection":[{"href":"https:\/\/villa-loches.com\/fr\/wp-json\/wp\/v2\/pages"}],"about":[{"href":"https:\/\/villa-loches.com\/fr\/wp-json\/wp\/v2\/types\/page"}],"author":[{"embeddable":true,"href":"https:\/\/villa-loches.com\/fr\/wp-json\/wp\/v2\/users\/1"}],"replies":[{"embeddable":true,"href":"https:\/\/villa-loches.com\/fr\/wp-json\/wp\/v2\/comments?post=88"}],"version-history":[{"count":20,"href":"https:\/\/villa-loches.com\/fr\/wp-json\/wp\/v2\/pages\/88\/revisions"}],"predecessor-version":[{"id":2431,"href":"https:\/\/villa-loches.com\/fr\/wp-json\/wp\/v2\/pages\/88\/revisions\/2431"}],"wp:attachment":[{"href":"https:\/\/villa-loches.com\/fr\/wp-json\/wp\/v2\/media?parent=88"}],"curies":[{"name":"wp","href":"https:\/\/api.w.org\/{rel}","templated":true}]}}