{"id":44,"date":"2012-12-11T14:44:17","date_gmt":"2012-12-11T13:44:17","guid":{"rendered":"http:\/\/villa-loches.com\/fr\/?page_id=44"},"modified":"2013-05-01T20:13:12","modified_gmt":"2013-05-01T19:13:12","slug":"parfaire-son-italien","status":"publish","type":"page","link":"https:\/\/villa-loches.com\/fr\/parfaire-son-italien\/","title":{"rendered":"Parfaire son Italien"},"content":{"rendered":"<p><center><img decoding=\"async\" src=\"\/fr\/files\/2012\/12\/cours_italien_footer.png\" alt=\"\" width=\"200\" \/><\/center><\/p>\n<div style=\"text-align: justify;\">Silvia, la propri\u00e9taire, italienne de naissance et formation, vous offre l\u2019opportunit\u00e9 d\u2019associer votre s\u00e9jour \u00e0 des le\u00e7ons individuelles de conversation dans sa langue maternelle. Aimez-vous l\u2019Italie, sa langue ou le chant\u00a0lyrique? Etes-vous chanteurs d\u2019op\u00e9ra? Devez-vous vous d\u00e9placer en Italie? Elle vous fournira, \u00e0 chaque fois, un devis personnalis\u00e9 sur la base de la dur\u00e9e de votre s\u00e9jour et du nombre d\u2019heures de conversation que vous d\u00e9sirez faire. Si vous habitez dans les alentours ou si vous d\u00e9sirez vous loger ailleurs, l\u2019on pourra formuler un programme personnalis\u00e9 seulement en fonction des heures de conversation.<\/p>\n<\/div>\n<p><a href=\"http:\/\/www.italianlanguageinfrance.com\/\" target=\"_blank\">Visitez le blog!<\/a><\/p>\n<p>&nbsp;<\/p>\n","protected":false},"excerpt":{"rendered":"<p>Silvia, la propri\u00e9taire, italienne de naissance et formation, vous offre l\u2019opportunit\u00e9 d\u2019associer votre s\u00e9jour \u00e0 des le\u00e7ons individuelles de conversation dans sa langue maternelle. Aimez-vous l\u2019Italie, sa langue ou le chant\u00a0lyrique? Etes-vous chanteurs d\u2019op\u00e9ra? Devez-vous vous d\u00e9placer en Italie? Elle vous fournira, \u00e0 chaque fois, un devis personnalis\u00e9 sur la base de la dur\u00e9e de [&hellip;]<\/p>\n","protected":false},"author":1,"featured_media":0,"parent":0,"menu_order":0,"comment_status":"closed","ping_status":"closed","template":"","meta":[],"_links":{"self":[{"href":"https:\/\/villa-loches.com\/fr\/wp-json\/wp\/v2\/pages\/44"}],"collection":[{"href":"https:\/\/villa-loches.com\/fr\/wp-json\/wp\/v2\/pages"}],"about":[{"href":"https:\/\/villa-loches.com\/fr\/wp-json\/wp\/v2\/types\/page"}],"author":[{"embeddable":true,"href":"https:\/\/villa-loches.com\/fr\/wp-json\/wp\/v2\/users\/1"}],"replies":[{"embeddable":true,"href":"https:\/\/villa-loches.com\/fr\/wp-json\/wp\/v2\/comments?post=44"}],"version-history":[{"count":16,"href":"https:\/\/villa-loches.com\/fr\/wp-json\/wp\/v2\/pages\/44\/revisions"}],"predecessor-version":[{"id":2415,"href":"https:\/\/villa-loches.com\/fr\/wp-json\/wp\/v2\/pages\/44\/revisions\/2415"}],"wp:attachment":[{"href":"https:\/\/villa-loches.com\/fr\/wp-json\/wp\/v2\/media?parent=44"}],"curies":[{"name":"wp","href":"https:\/\/api.w.org\/{rel}","templated":true}]}}