{"id":1929,"date":"2022-04-25T21:58:15","date_gmt":"2022-04-25T20:58:15","guid":{"rendered":"http:\/\/villa-loches.com\/fr\/?page_id=1929"},"modified":"2023-10-12T23:16:53","modified_gmt":"2023-10-12T22:16:53","slug":"chez-pierrot","status":"publish","type":"page","link":"https:\/\/villa-loches.com\/fr\/description\/chez-pierrot\/","title":{"rendered":"Chez Pierrot"},"content":{"rendered":"<h1>Chez Pierrot<\/h1>\n<h3 style=\"text-align: right; font-size: 22px;\">meubl\u00e9 pour 2 pers<\/h3>\n<table>\n<tbody>\n<tr>\n<td>\n\n<div class=\"diapo-large center\">\n<div class=\"diapo-random\"><img decoding=\"async\" src=\"\/fr\/files\/2023\/01\/IMAG5165-150x150.jpg\" alt=\"\" \/>\n<img decoding=\"async\" src=\"\/fr\/files\/2023\/01\/IMAG5167-150x150.jpg\" alt=\"\" \/>\n<img decoding=\"async\" src=\"\/fr\/files\/2023\/01\/IMAG5168-150x150.jpg\" alt=\"\" \/>\n<img decoding=\"async\" src=\"\/fr\/files\/2023\/01\/IMAG5174-150x150.jpg\" alt=\"\" \/>\n<img decoding=\"async\" src=\"\/fr\/files\/2023\/01\/IMAG5241-150x150.jpg\" alt=\"\" \/>\n<img decoding=\"async\" src=\"\/fr\/files\/2023\/06\/1-150x150.jpg\" alt=\"\" \/>\n<img decoding=\"async\" src=\"\/fr\/files\/2023\/06\/2-150x150.jpg\" alt=\"\" \/>\n<img decoding=\"async\" src=\"\/fr\/files\/2023\/06\/3-150x150.jpg\" alt=\"\" \/>\n<img decoding=\"async\" src=\"\/fr\/files\/2023\/06\/4-150x150.jpg\" alt=\"\" \/>\n<img decoding=\"async\" src=\"\/fr\/files\/2023\/06\/5-150x150.jpg\" alt=\"\" \/>\n<img decoding=\"async\" src=\"\/fr\/files\/2023\/06\/6-150x150.jpg\" alt=\"\" \/>\n<img decoding=\"async\" src=\"\/fr\/files\/2023\/06\/7-150x150.jpg\" alt=\"\" \/><\/div>\n<div class=\"diapo-random\"><img decoding=\"async\" src=\"\/fr\/files\/2023\/01\/1657990165240-150x150.jpg\" alt=\"\" \/>\n<img decoding=\"async\" src=\"\/fr\/files\/2023\/01\/cucina-2-150x150.jpg\" alt=\"\" \/>\n<img decoding=\"async\" src=\"\/fr\/files\/2023\/01\/cucina-salone-150x150.jpg\" alt=\"\" \/>\n<img decoding=\"async\" src=\"\/fr\/files\/2023\/01\/IMAG5080-150x150.jpg\" alt=\"\" \/>\n<img decoding=\"async\" src=\"\/fr\/files\/2023\/01\/IMAG5086-150x150.jpg\" alt=\"\" \/>\n<img decoding=\"async\" src=\"\/fr\/files\/2023\/01\/IMAG5090-150x150.jpg\" alt=\"\" \/>\n<img decoding=\"async\" src=\"\/fr\/files\/2023\/01\/IMAG5095-150x150.jpg\" alt=\"\" \/>\n<img decoding=\"async\" src=\"\/fr\/files\/2023\/01\/salone-4-150x150.jpg\" alt=\"\" \/>\n<img decoding=\"async\" src=\"\/fr\/files\/2023\/01\/salone-5-150x150.jpg\" alt=\"\" \/>\n<img decoding=\"async\" src=\"\/fr\/files\/2023\/01\/salone-6-150x150.jpg\" alt=\"\" \/>\n<img decoding=\"async\" src=\"\/fr\/files\/2023\/01\/salone-7-150x150.jpg\" alt=\"\" \/>\n<img decoding=\"async\" src=\"\/fr\/files\/2023\/06\/9-150x150.jpg\" alt=\"\" \/><\/div>\n<div class=\"diapo-random\"><img decoding=\"async\" src=\"\/fr\/files\/2023\/01\/bagno-2-150x150.jpg\" alt=\"\" \/>\n<img decoding=\"async\" src=\"\/fr\/files\/2023\/01\/bagno-6-150x150.jpg\" alt=\"\" \/>\n<img decoding=\"async\" src=\"\/fr\/files\/2023\/01\/bagno-7-150x150.jpg\" alt=\"\" \/>\n<img decoding=\"async\" src=\"\/fr\/files\/2023\/01\/bagno-8-150x150.jpg\" alt=\"\" \/>\n<img decoding=\"async\" src=\"\/fr\/files\/2023\/01\/camera-1-150x150.jpg\" alt=\"\" \/>\n<img decoding=\"async\" src=\"\/fr\/files\/2023\/01\/camera-2-150x150.jpg\" alt=\"\" \/>\n<img decoding=\"async\" src=\"\/fr\/files\/2023\/01\/camera-3-150x150.jpg\" alt=\"\" \/>\n<img decoding=\"async\" src=\"\/fr\/files\/2023\/01\/camera-5-150x150.jpg\" alt=\"\" \/>\n<img decoding=\"async\" src=\"\/fr\/files\/2023\/01\/IMAG5110-150x150.jpg\" alt=\"\" \/>\n<img decoding=\"async\" src=\"\/fr\/files\/2023\/01\/salone-camera-150x150.jpg\" alt=\"\" \/>\n<img decoding=\"async\" src=\"\/fr\/files\/2023\/06\/11-150x150.jpg\" alt=\"\" \/>\n<img decoding=\"async\" src=\"\/fr\/files\/2023\/06\/8-150x150.jpg\" alt=\"\" \/>\n<img decoding=\"async\" src=\"\/fr\/files\/2023\/06\/10-150x150.jpg\" alt=\"\" \/><\/div>\n<\/div>\n<\/td>\n<\/tr>\n<tr>\n<td class=\"center\"><a class=\"dyna\" href=\"#description\">Description<\/a>\u00a0<a class=\"dyna\" href=\"#services\">Services<\/a>\u00a0<a class=\"dyna\" href=\"#reglement\">R\u00e8glement<\/a><\/td>\n<\/tr>\n<\/tbody>\n<\/table>\n<div class=\"description block-with-border\">\n<ul>\n<li>une belle v\u00e9randa vitr\u00e9e d&rsquo;entr\u00e9e<\/li>\n<li>une cuisine:\n<ul>\n<li>\u00e9vier double bac<\/li>\n<li>r\u00e9frig\u00e9rateur<\/li>\n<li>plaques \u00e0 induction (3)<\/li>\n<li>four<\/li>\n<li>four \u00e0 micro-ondes<\/li>\n<li>lave-vaisselle<\/li>\n<li>cafeti\u00e8re Senseo, bouilloire, grille pain<\/li>\n<li>vaisselle et mat\u00e9riels de cuisson<\/li>\n<\/ul>\n<\/li>\n<li>un salon:\n<ul>\n<li>canap\u00e9 3 places<\/li>\n<li>t\u00e9l\u00e9vision TNT et DVD<\/li>\n<\/ul>\n<\/li>\n<li>un coin bureau<\/li>\n<li>une chambre:\n<ul>\n<li>lit double de 140&#215;190 cm<\/li>\n<li>commode<\/li>\n<li>grande armoire<\/li>\n<\/ul>\n<\/li>\n<li>une salle d&rsquo;eau avec douche, lavabo, wc et lave-linge<\/li>\n<\/ul>\n<\/div>\n<div class=\"services block-with-border\">\n<ul>\n<li>Services compris\n<ul>\n<li>charges d\u2019\u00e9lectricit\u00e9, chauffage et eau<\/li>\n<li>wifi<\/li>\n<li>balai de lavage \u00e0 frange avec seau et presse<\/li>\n<li>fer et table \u00e0 repasser<\/li>\n<li>adaptateurs \u00e9lectriques \u00e0 la demande<\/li>\n<li>s\u00e8che-cheveux \u00e9lectrique<\/li>\n<li>si vous arrivez \u00e0 la gare de Loches, \u00e0 la demande d\u00e9placement depuis la gare de Loches aux g\u00eetes ou au garage de location de voitures<\/li>\n<\/ul>\n<\/li>\n<\/ul>\n<ul>\n<li>Services \u00e0 la demande\n<ul>\n<li>pain et croissants chauds de boulangerie le matin<\/li>\n<li>service de m\u00e9nage<\/li>\n<li>draps, linge de toilette, linge de table<\/li>\n<li>petits animaux accept\u00e9s sur demande<\/li>\n<li>parking priv\u00e9 pour motos et v\u00e9los<\/li>\n<li>mat\u00e9riel pour b\u00e9b\u00e9 (si\u00e8ge, lit, baignoire, pot)<\/li>\n<li>si vous arrivez \u00e0 la gare de Tours ou d\u2019Amboise, service de taxi pour Loches aux g\u00eetes ou au garage de location de voitures<\/li>\n<li>cours d\u2019italien&#8230;\u00a0<a href=\"\/fr\/parfaire-son-italien\/\">(voir section d\u00e9di\u00e9e)<\/a><\/li>\n<\/ul>\n<\/li>\n<\/ul>\n<p><span style=\"color: black; font-style: italic;\">Et \u00e0 l\u2019ext\u00e9rieur de la propri\u00e9t\u00e9: espaces de stationnement publics et gratuits tr\u00e8s pratiques et \u00e0 quelques minutes \u00e0 pied tous commerces, restaurants, attractions, march\u00e9 des produits locaux, gare, rivi\u00e8re\u2026<\/span><\/p>\n<\/div>\n<div class=\"reglement block-with-border\">\n<ul>\n<li>La maison est non-fumeur<\/li>\n<li>Les animaux de compagnie sont bien accept\u00e9s, \u00e0 5 \u20ac par jour. Ils ne peuvent \u00eatre laiss\u00e9s seuls dans les logements. Lit et canap\u00e9 doivent \u00eatre prot\u00e9g\u00e9s<\/li>\n<li>On fait le triage s\u00e9lectif<\/li>\n<\/ul>\n<\/div>\n","protected":false},"excerpt":{"rendered":"<p>Chez Pierrot meubl\u00e9 pour 2 pers Description\u00a0Services\u00a0R\u00e8glement une belle v\u00e9randa vitr\u00e9e d&rsquo;entr\u00e9e une cuisine: \u00e9vier double bac r\u00e9frig\u00e9rateur plaques \u00e0 induction (3) four four \u00e0 micro-ondes lave-vaisselle cafeti\u00e8re Senseo, bouilloire, grille pain vaisselle et mat\u00e9riels de cuisson un salon: canap\u00e9 3 places t\u00e9l\u00e9vision TNT et DVD un coin bureau une chambre: lit double de 140&#215;190 [&hellip;]<\/p>\n","protected":false},"author":1,"featured_media":0,"parent":8,"menu_order":3,"comment_status":"closed","ping_status":"closed","template":"","meta":[],"_links":{"self":[{"href":"https:\/\/villa-loches.com\/fr\/wp-json\/wp\/v2\/pages\/1929"}],"collection":[{"href":"https:\/\/villa-loches.com\/fr\/wp-json\/wp\/v2\/pages"}],"about":[{"href":"https:\/\/villa-loches.com\/fr\/wp-json\/wp\/v2\/types\/page"}],"author":[{"embeddable":true,"href":"https:\/\/villa-loches.com\/fr\/wp-json\/wp\/v2\/users\/1"}],"replies":[{"embeddable":true,"href":"https:\/\/villa-loches.com\/fr\/wp-json\/wp\/v2\/comments?post=1929"}],"version-history":[{"count":30,"href":"https:\/\/villa-loches.com\/fr\/wp-json\/wp\/v2\/pages\/1929\/revisions"}],"predecessor-version":[{"id":2409,"href":"https:\/\/villa-loches.com\/fr\/wp-json\/wp\/v2\/pages\/1929\/revisions\/2409"}],"up":[{"embeddable":true,"href":"https:\/\/villa-loches.com\/fr\/wp-json\/wp\/v2\/pages\/8"}],"wp:attachment":[{"href":"https:\/\/villa-loches.com\/fr\/wp-json\/wp\/v2\/media?parent=1929"}],"curies":[{"name":"wp","href":"https:\/\/api.w.org\/{rel}","templated":true}]}}