{"id":192,"date":"2012-12-17T12:00:15","date_gmt":"2012-12-17T11:00:15","guid":{"rendered":"http:\/\/villa-loches.com\/fr\/?page_id=192"},"modified":"2023-10-12T23:15:41","modified_gmt":"2023-10-12T22:15:41","slug":"studio","status":"publish","type":"page","link":"https:\/\/villa-loches.com\/fr\/description\/studio\/","title":{"rendered":"Studio"},"content":{"rendered":"<h1>Le Studio<\/h1>\n<h3 style=\"text-align: right; font-size: 22px;\">MEUBL\u00c9 pour 2 pers<\/h3>\n<table>\n<tbody>\n<tr>\n<td>\n\n<div class=\"diapo-large center\">\n<div class=\"diapo-random\"><img decoding=\"async\" src=\"\/fr\/files\/2013\/06\/1-150x150.jpg\" alt=\"\" \/>\n<img decoding=\"async\" src=\"\/fr\/files\/2013\/06\/4-150x150.jpg\" alt=\"\" \/>\n<img decoding=\"async\" src=\"\/fr\/files\/2013\/06\/7-150x150.jpg\" alt=\"\" \/>\n<img decoding=\"async\" src=\"\/fr\/files\/2013\/06\/10-150x150.jpg\" alt=\"\" \/>\n<img decoding=\"async\" src=\"\/fr\/files\/2023\/07\/1688474660716-150x150.jpg\" alt=\"\" \/>\n<img decoding=\"async\" src=\"\/fr\/files\/2013\/06\/13-150x150.jpg\" alt=\"\" \/>\n<img decoding=\"async\" src=\"\/fr\/files\/2014\/07\/6-150x150.jpg\" alt=\"\" \/>\n<img decoding=\"async\" src=\"\/fr\/files\/2014\/07\/IMG658.jpg\" alt=\"\" height=\"150\" \/>\n<img decoding=\"async\" src=\"\/fr\/files\/2023\/04\/IMG_20230323_071859-150x150.jpg\" alt=\"\" \/>\n<img decoding=\"async\" src=\"\/fr\/files\/2023\/04\/IMG_20230407_094545-150x150.jpg\" alt=\"\" \/>\n<img decoding=\"async\" src=\"\/fr\/files\/2023\/04\/IMG_20230407_174307-150x150.jpg\" alt=\"\" \/>\n<img decoding=\"async\" src=\"\/fr\/files\/2023\/07\/1688474660731-150x150.jpg\" alt=\"\" \/>\n<img decoding=\"async\" src=\"\/fr\/files\/2023\/07\/1688474628494-150x150.jpg\" alt=\"\" \/>\n<img decoding=\"async\" src=\"\/fr\/files\/2023\/04\/IMG_20230409_143610-150x150.jpg\" alt=\"\" \/>\n<img decoding=\"async\" src=\"\/fr\/files\/2023\/04\/IMG_20230409_143617-150x150.jpg\" alt=\"\" \/>\n<img decoding=\"async\" src=\"\/fr\/files\/2023\/04\/IMG_20230409_143637-150x150.jpg\" alt=\"\" \/>\n<img decoding=\"async\" src=\"\/fr\/files\/2023\/04\/IMG_20230409_143644-150x150.jpg\" alt=\"\" \/>\n<img decoding=\"async\" src=\"\/fr\/files\/2023\/04\/1682768615433-150x150.jpg\" alt=\"\" \/>\n<img decoding=\"async\" src=\"\/fr\/files\/2023\/04\/1682768615427-150x150.jpg\" alt=\"\" \/>\n<img decoding=\"async\" src=\"\/fr\/files\/2023\/04\/1682768615422-150x150.jpg\" alt=\"\" \/>\n<img decoding=\"async\" src=\"\/fr\/files\/2023\/04\/1682768615418-150x150.jpg\" alt=\"\" \/>\n<img decoding=\"async\" src=\"\/fr\/files\/2023\/04\/1682768615411-150x150.jpg\" alt=\"\" \/><\/div>\n<div class=\"diapo-random\"><img decoding=\"async\" src=\"\/fr\/files\/2014\/07\/1-150x150.jpg\" alt=\"\" \/>\n<img decoding=\"async\" src=\"\/fr\/files\/2013\/06\/5-150x150.jpg\" alt=\"\" \/>\n<img decoding=\"async\" src=\"\/fr\/files\/2013\/06\/8-150x150.jpg\" alt=\"\" \/>\n<img decoding=\"async\" src=\"\/fr\/files\/2013\/06\/11-150x150.jpg\" alt=\"\" \/>\n<img decoding=\"async\" src=\"\/fr\/files\/2013\/06\/14-150x150.jpg\" alt=\"\" \/>\n<img decoding=\"async\" src=\"\/fr\/files\/2013\/06\/17-150x150.jpg\" alt=\"\" \/>\n<img decoding=\"async\" src=\"\/fr\/files\/2014\/07\/IMG661.jpg\" alt=\"\" height=\"150\" \/>\n<img decoding=\"async\" src=\"\/fr\/files\/2023\/04\/IMG_20230409_143655-150x150.jpg\" alt=\"\" \/>\n<img decoding=\"async\" src=\"\/fr\/files\/2023\/04\/IMG_20230409_143743-150x150.jpg\" alt=\"\" \/>\n<img decoding=\"async\" src=\"\/fr\/files\/2023\/04\/IMG_20230409_144908-150x150.jpg\" alt=\"\" \/>\n<img decoding=\"async\" src=\"\/fr\/files\/2023\/04\/IMG_20230409_144953-150x150.jpg\" alt=\"\" \/>\n<img decoding=\"async\" src=\"\/fr\/files\/2023\/05\/1682768594097-150x150.jpg\" alt=\"\" \/>\n<img decoding=\"async\" src=\"\/fr\/files\/2023\/05\/1682768594102-150x150.jpg\" alt=\"\" \/>\n<img decoding=\"async\" src=\"\/fr\/files\/2023\/05\/1682768594106-150x150.jpg\" alt=\"\" \/>\n<img decoding=\"async\" src=\"\/fr\/files\/2023\/05\/1682795144537-150x150.jpg\" alt=\"\" \/>\n<img decoding=\"async\" src=\"\/fr\/files\/2023\/05\/1682768615437-150x150.jpg\" alt=\"\" \/>\n<img decoding=\"async\" src=\"\/fr\/files\/2023\/05\/1682768570796-150x150.jpg\" alt=\"\" \/><\/div>\n<div class=\"diapo-random\"><img decoding=\"async\" src=\"\/fr\/files\/2014\/07\/2-150x150.jpg\" alt=\"\" \/>\n<img decoding=\"async\" src=\"\/fr\/files\/2013\/06\/6-150x150.jpg\" alt=\"\" \/>\n<img decoding=\"async\" src=\"\/fr\/files\/2013\/06\/9-150x150.jpg\" alt=\"\" \/>\n<img decoding=\"async\" src=\"\/fr\/files\/2013\/06\/12-150x150.jpg\" alt=\"\" \/>\n<img decoding=\"async\" src=\"\/fr\/files\/2013\/06\/15-150x150.jpg\" alt=\"\" \/>\n<img decoding=\"async\" src=\"\/fr\/files\/2023\/07\/1688474628502-150x150.jpg\" alt=\"\" \/>\n<img decoding=\"async\" src=\"\/fr\/files\/2023\/07\/1688474660720-150x150.jpg\" alt=\"\" \/>\n<img decoding=\"async\" src=\"\/fr\/files\/2014\/07\/5-150x150.jpg\" alt=\"\" \/>\n<img decoding=\"async\" src=\"\/fr\/files\/2014\/07\/IMG663.jpg\" alt=\"\" width=\"150\" \/>\n<img decoding=\"async\" src=\"\/fr\/files\/2014\/07\/IMG664.jpg\" alt=\"\" height=\"150\" \/>\n<img decoding=\"async\" src=\"\/fr\/files\/2023\/04\/IMG_20230409_145047-150x150.jpg\" alt=\"\" \/>\n<img decoding=\"async\" src=\"\/fr\/files\/2023\/04\/IMG_20230409_145119-150x150.jpg\" alt=\"\" \/>\n<img decoding=\"async\" src=\"\/fr\/files\/2023\/04\/IMG_20230409_145144-150x150.jpg\" alt=\"\" \/>\n<img decoding=\"async\" src=\"\/fr\/files\/2023\/05\/1682768570803-150x150.jpg\" alt=\"\" \/>\n<img decoding=\"async\" src=\"\/fr\/files\/2023\/05\/1682768594118-150x150.jpg\" alt=\"\" \/>\n<img decoding=\"async\" src=\"\/fr\/files\/2023\/05\/1682768570776-150x150.jpg\" alt=\"\" \/>\n<img decoding=\"async\" src=\"\/fr\/files\/2023\/05\/1682768570789-150x150.jpg\" alt=\"\" \/>\n<img decoding=\"async\" src=\"\/fr\/files\/2023\/05\/1682768570783-150x150.jpg\" alt=\"\" \/>\n<img decoding=\"async\" src=\"\/fr\/files\/2023\/05\/1682768594114-150x150.jpg\" alt=\"\" \/><\/div>\n<\/div>\n<\/td>\n<\/tr>\n<tr>\n<td class=\"center\"><a class=\"dyna\" href=\"#description\">Description<\/a> <a class=\"dyna\" href=\"#services\">Services<\/a> <a class=\"dyna\" href=\"#reglement\">R\u00e8glement<\/a><\/td>\n<\/tr>\n<\/tbody>\n<\/table>\n<div class=\"description block-with-border\">\n<ul>\n<li>une pi\u00e8ce principale avec :\n<ul>\n<li>kitchenette\n<ul>\n<li>r\u00e9frig\u00e9rateur<\/li>\n<li>plaques \u00e0 induction (2)<\/li>\n<li>four multifonctions<\/li>\n<li>cafeti\u00e8re, moka, bouilloire, grille pain<\/li>\n<li>vaisselle et mat\u00e9riels de cuisson<\/li>\n<\/ul>\n<\/li>\n<li>table et chaises<\/li>\n<li>lit double de 160&#215;200 cm<\/li>\n<li>deux fauteuils<\/li>\n<li>t\u00e9l\u00e9vision TNT et DVD<\/li>\n<\/ul>\n<\/li>\n<li>une salle d\u2019eau avec une douche particuli\u00e8re munie d\u2019un petit mur de protection et d\u2019un rideau pare-douche, qui facilite faire le bain aux b\u00e9b\u00e9s (avec de baignoire appropri\u00e9e)<\/li>\n<\/ul>\n<\/div>\n<div class=\"services block-with-border\">\n<ul>\n<li>Services compris\n<ul>\n<li>draps, linge de toilette, linge de table<\/li>\n<li>acc\u00e8s internet haut d\u00e9bit<\/li>\n<li>charges d\u2019\u00e9lectricit\u00e9, chauffage et eau<\/li>\n<li>laverie \u00e0 disposition avec machine \u00e0 laver et s\u00e8che-linge, mais aussi \u00e9tendage dans le jardin (quelle po\u00e9sie \u00e9tendre les draps au soleil&#8230;)<\/li>\n<li>balai de lavage \u00e0 frange avec seau et presse; aspirateur; fer et table \u00e0 repasser<\/li>\n<li>adaptateurs \u00e9lectriques \u00e0 la demande<\/li>\n<li>s\u00e8che-cheveux \u00e9lectrique<\/li>\n<li>si vous arrivez \u00e0 la gare de Loches, \u00e0 la demande d\u00e9placement depuis la gare de Loches aux g\u00eetes ou au garage de location de voitures<\/li>\n<\/ul>\n<\/li>\n<\/ul>\n<ul>\n<li>Services \u00e0 la demande\n<ul>\n<li>petit-d\u00e9jeuner royal&#8230;<\/li>\n<li>panier pique-nique<\/li>\n<li>pain et croissants chauds de boulangerie le matin<\/li>\n<li>produits locaux achet\u00e9s au march\u00e9 (fromages, l\u00e9gumes, fruits, \u0153uf, viande, charcuterie, confitures, miels, pains sp\u00e9ciales, g\u00e2teaux, &#8230;) \u00e0 votre choix, qui vous attendent d\u00e9j\u00e0 dans le studio<\/li>\n<li>petits animaux accept\u00e9s sur demande (il y a une minette et une petite chienne \u00e0 la maison !)<\/li>\n<li>parking priv\u00e9 pour motos et v\u00e9los<\/li>\n<li>mat\u00e9riel pour b\u00e9b\u00e9 (si\u00e8ge, lit, baignoire, pot)<\/li>\n<li>service de m\u00e9nage<\/li>\n<li>produits d\u2019entretiens de la maison<\/li>\n<li>si vous arrivez \u00e0 la gare de Tours or d\u2019Amboise, service de taxi pour Loches aux g\u00eetes ou au garage de location de voitures<\/li>\n<li>nounou le soir (un d\u00eener romantique ou une nuit au th\u00e9\u00e2tre ou\u2026 parce que pas tous les deux?)<\/li>\n<li>cours d\u2019italien&#8230; <a href=\"\/fr\/parfaire-son-italien\/\">(voir section d\u00e9di\u00e9e)<\/a><\/li>\n<\/ul>\n<\/li>\n<\/ul>\n<p><span style=\"color: black; font-style: italic;\">Et \u00e0 l\u2019ext\u00e9rieur de la propri\u00e9t\u00e9: espaces de stationnement publics et gratuits tr\u00e8s pratiques et \u00e0 quelques minutes \u00e0 pied tous commerces, restaurants, attractions, march\u00e9 des produits locaux, gare, rivi\u00e8re&#8230;<\/span><\/p>\n<\/div>\n<div class=\"reglement block-with-border\">\n<ul>\n<li>La maison est non-fumeur<\/li>\n<li>Les animaux de compagnie sont bien accept\u00e9s, \u00e0 5 \u20ac par jour. Ils ne peuvent \u00eatre laiss\u00e9s seuls dans les logements. Lit et fauteuils doivent \u00eatre prot\u00e9g\u00e9s<\/li>\n<li>Il y a la mise en \u0153uvre de mesures de r\u00e9duction de consommation d\u2019\u00e9nergie et d\u2019eau<\/li>\n<li>On fait le triage s\u00e9lectif<\/li>\n<\/ul>\n<\/div>\n","protected":false},"excerpt":{"rendered":"<p>Le Studio MEUBL\u00c9 pour 2 pers Description Services R\u00e8glement une pi\u00e8ce principale avec : kitchenette r\u00e9frig\u00e9rateur plaques \u00e0 induction (2) four multifonctions cafeti\u00e8re, moka, bouilloire, grille pain vaisselle et mat\u00e9riels de cuisson table et chaises lit double de 160&#215;200 cm deux fauteuils t\u00e9l\u00e9vision TNT et DVD une salle d\u2019eau avec une douche particuli\u00e8re munie d\u2019un [&hellip;]<\/p>\n","protected":false},"author":1,"featured_media":0,"parent":8,"menu_order":1,"comment_status":"closed","ping_status":"closed","template":"","meta":[],"_links":{"self":[{"href":"https:\/\/villa-loches.com\/fr\/wp-json\/wp\/v2\/pages\/192"}],"collection":[{"href":"https:\/\/villa-loches.com\/fr\/wp-json\/wp\/v2\/pages"}],"about":[{"href":"https:\/\/villa-loches.com\/fr\/wp-json\/wp\/v2\/types\/page"}],"author":[{"embeddable":true,"href":"https:\/\/villa-loches.com\/fr\/wp-json\/wp\/v2\/users\/1"}],"replies":[{"embeddable":true,"href":"https:\/\/villa-loches.com\/fr\/wp-json\/wp\/v2\/comments?post=192"}],"version-history":[{"count":86,"href":"https:\/\/villa-loches.com\/fr\/wp-json\/wp\/v2\/pages\/192\/revisions"}],"predecessor-version":[{"id":2407,"href":"https:\/\/villa-loches.com\/fr\/wp-json\/wp\/v2\/pages\/192\/revisions\/2407"}],"up":[{"embeddable":true,"href":"https:\/\/villa-loches.com\/fr\/wp-json\/wp\/v2\/pages\/8"}],"wp:attachment":[{"href":"https:\/\/villa-loches.com\/fr\/wp-json\/wp\/v2\/media?parent=192"}],"curies":[{"name":"wp","href":"https:\/\/api.w.org\/{rel}","templated":true}]}}