{"id":190,"date":"2012-12-17T11:59:59","date_gmt":"2012-12-17T10:59:59","guid":{"rendered":"http:\/\/villa-loches.com\/fr\/?page_id=190"},"modified":"2023-10-12T23:15:03","modified_gmt":"2023-10-12T22:15:03","slug":"appartement","status":"publish","type":"page","link":"https:\/\/villa-loches.com\/fr\/description\/appartement\/","title":{"rendered":"Appartement"},"content":{"rendered":"<h1>L&rsquo;Appartement<\/h1>\n<h3 style=\"text-align: right; font-size: 22px;\">\u00a0MEUBL\u00c9 3 * pour 5 pers<\/h3>\n<table>\n<tbody>\n<tr>\n<td>\n\n<div class=\"diapo-large center\">\n<div class=\"diapo-random\"><img decoding=\"async\" src=\"\/fr\/files\/2013\/05\/1-150x150.jpg\" alt=\"\" \/>\n<img decoding=\"async\" src=\"\/fr\/files\/2013\/05\/5-150x150.jpg\" alt=\"\" \/>\n<img decoding=\"async\" src=\"\/fr\/files\/2013\/05\/6-150x150.jpg\" alt=\"\" \/>\n<img decoding=\"async\" src=\"\/fr\/files\/2013\/05\/7-150x150.jpg\" alt=\"\" \/>\n<img decoding=\"async\" src=\"\/fr\/files\/2013\/05\/8-150x150.jpg\" alt=\"\" \/>\n<img decoding=\"async\" src=\"\/fr\/files\/2013\/05\/17-150x150.jpg\" alt=\"\" \/>\n<img decoding=\"async\" src=\"\/fr\/files\/2023\/04\/IMG_20230409_140235-150x150.jpg\" alt=\"\" \/>\n<img decoding=\"async\" src=\"\/fr\/files\/2023\/04\/IMG_20230409_140245-150x150.jpg\" alt=\"\" \/>\n<img decoding=\"async\" src=\"\/fr\/files\/2023\/04\/IMG_20230409_140301-150x150.jpg\" alt=\"\" \/>\n<img decoding=\"async\" src=\"\/fr\/files\/2023\/04\/IMG_20230409_140314-150x150.jpg\" alt=\"\" \/>\n<img decoding=\"async\" src=\"\/fr\/files\/2023\/04\/IMG_20230409_140345-150x150.jpg\" alt=\"\" \/>\n<img decoding=\"async\" src=\"\/fr\/files\/2023\/04\/IMG_20230409_140406-150x150.jpg\" alt=\"\" \/>\n<img decoding=\"async\" src=\"\/fr\/files\/2023\/04\/IMG_20230409_140438-150x150.jpg\" alt=\"\" \/>\n<img decoding=\"async\" src=\"\/fr\/files\/2023\/04\/IMG_20230409_140638-150x150.jpg\" alt=\"\" \/>\n<img decoding=\"async\" src=\"\/fr\/files\/2023\/04\/IMG_20230409_140706-150x150.jpg\" alt=\"\" \/>\n<img decoding=\"async\" src=\"\/fr\/files\/2023\/04\/IMG_20230409_140826-150x150.jpg\" alt=\"\" \/>\n<img decoding=\"async\" src=\"\/fr\/files\/2023\/04\/IMG_20230409_140859-150x150.jpg\" alt=\"\" \/><\/div>\n<div class=\"diapo-random\"><img decoding=\"async\" src=\"\/fr\/files\/2013\/05\/9-150x150.jpg\" alt=\"\" \/>\n<img decoding=\"async\" src=\"\/fr\/files\/2013\/05\/10-150x150.jpg\" alt=\"\" \/>\n<img decoding=\"async\" src=\"\/fr\/files\/2013\/05\/2-150x150.jpg\" alt=\"\" \/>\n<img decoding=\"async\" src=\"\/fr\/files\/2013\/05\/11-150x150.jpg\" alt=\"\" \/>\n<img decoding=\"async\" src=\"\/fr\/files\/2013\/05\/12-150x150.jpg\" alt=\"\" \/>\n<img decoding=\"async\" src=\"\/fr\/files\/2013\/05\/18-150x150.jpg\" alt=\"\" \/>\n<img decoding=\"async\" src=\"\/fr\/files\/2023\/04\/IMG_20230323_071859-150x150.jpg\" alt=\"\" \/>\n<img decoding=\"async\" src=\"\/fr\/files\/2023\/04\/IMG_20230407_174311-150x150.jpg\" alt=\"\" \/>\n<img decoding=\"async\" src=\"\/fr\/files\/2023\/04\/IMG_20230407_174510-150x150.jpg\" alt=\"\" \/>\n<img decoding=\"async\" src=\"\/fr\/files\/2023\/04\/IMG_20230409_143547-150x150.jpg\" alt=\"\" \/>\n<img decoding=\"async\" src=\"\/fr\/files\/2023\/04\/IMG_20230409_143600-150x150.jpg\" alt=\"\" \/>\n<img decoding=\"async\" src=\"\/fr\/files\/2023\/04\/IMG_20230409_143625-150x150.jpg\" alt=\"\" \/>\n<img decoding=\"async\" src=\"\/fr\/files\/2023\/04\/IMG_20230409_143707-150x150.jpg\" alt=\"\" \/>\n<img decoding=\"async\" src=\"\/fr\/files\/2023\/04\/IMG_20230409_145056-150x150.jpg\" alt=\"\" \/>\n<img decoding=\"async\" src=\"\/fr\/files\/2023\/04\/IMG_20230409_145108-150x150.jpg\" alt=\"\" \/>\n<img decoding=\"async\" src=\"\/fr\/files\/2023\/04\/IMG_20230409_145129-150x150.jpg\" alt=\"\" \/><\/div>\n<div class=\"diapo-random\"><img decoding=\"async\" src=\"\/fr\/files\/2013\/05\/13-150x150.jpg\" alt=\"\" \/>\n<img decoding=\"async\" src=\"\/fr\/files\/2013\/05\/3-150x150.jpg\" alt=\"\" \/>\n<img decoding=\"async\" src=\"\/fr\/files\/2013\/05\/4-150x150.jpg\" alt=\"\" \/>\n<img decoding=\"async\" src=\"\/fr\/files\/2013\/05\/14-150x150.jpg\" alt=\"\" \/>\n<img decoding=\"async\" src=\"\/fr\/files\/2013\/05\/15-150x150.jpg\" alt=\"\" \/>\n<img decoding=\"async\" src=\"\/fr\/files\/2013\/05\/16-150x150.jpg\" alt=\"\" \/><\/div>\n<\/div>\n<\/td>\n<\/tr>\n<tr>\n<td class=\"center\"><a class=\"dyna\" href=\"#description\">Description<\/a> <a class=\"dyna\" href=\"#services\">Services<\/a> <a class=\"dyna\" href=\"#reglement\">R\u00e8glement<\/a><\/td>\n<\/tr>\n<\/tbody>\n<\/table>\n<div class=\"description block-with-border\">\n<ul>\n<li>une pi\u00e8ce d\u2019entr\u00e9e:\n<ul>\n<li>canap\u00e9-lit de 160&#215;200 cm<\/li>\n<li>t\u00e9l\u00e9vision TNT et DVD<\/li>\n<\/ul>\n<\/li>\n<li>un salon \u2013 salle \u00e0 manger:\n<ul>\n<li>canap\u00e9<\/li>\n<li>biblioth\u00e8que<\/li>\n<li>table extensible<\/li>\n<\/ul>\n<\/li>\n<li>une cuisine:\n<ul>\n<li>r\u00e9frig\u00e9rateur<\/li>\n<li>plaques \u00e0 induction (4)<\/li>\n<li>four<\/li>\n<li>four \u00e0 micro-ondes<\/li>\n<li>lave-vaisselle<\/li>\n<li>fait-tout, cafeti\u00e8re, bouilloire, grille pain<\/li>\n<li>vaisselle et mat\u00e9riels de cuisson<\/li>\n<\/ul>\n<\/li>\n<li>une chambre:\n<ul>\n<li>lit double de 160&#215;200 cm<\/li>\n<li>lit single de 90&#215;190 cm<\/li>\n<\/ul>\n<\/li>\n<li>une salle de bains avec baignoire et wc s\u00e9par\u00e9s<\/li>\n<\/ul>\n<\/div>\n<div class=\"services block-with-border\">\n<ul>\n<li>Services compris\n<ul>\n<li>draps, linge de toilette, linge de table<\/li>\n<li>acc\u00e8s internet haut d\u00e9bit<\/li>\n<li>charges d\u2019\u00e9lectricit\u00e9, chauffage et eau<\/li>\n<li>laverie \u00e0 disposition avec machine \u00e0 laver et s\u00e8che-linge, mais aussi \u00e9tendage dans le jardin (quelle po\u00e9sie \u00e9tendre les draps au soleil&#8230;)<\/li>\n<li>balai de lavage \u00e0 frange avec seau et presse; aspirateur; fer et table \u00e0 repasser<\/li>\n<li>adaptateurs \u00e9lectriques \u00e0 la demande<\/li>\n<li>s\u00e8che-cheveux \u00e9lectrique<\/li>\n<li>si vous arrivez \u00e0 la gare de Loches, \u00e0 la demande d\u00e9placement depuis la gare de Loches aux g\u00eetes ou au garage de location de voitures<\/li>\n<\/ul>\n<\/li>\n<\/ul>\n<ul>\n<li>Services \u00e0 la demande\n<ul>\n<li>petit-d\u00e9jeuner royal&#8230;<\/li>\n<li>panier pique-nique<\/li>\n<li>pain et croissants chauds de boulangerie le matin<\/li>\n<li>produits locaux achet\u00e9s au march\u00e9 (fromages, l\u00e9gumes, fruits, \u0153uf, viande, charcuterie, confitures, miels, pains sp\u00e9ciales, g\u00e2teaux, &#8230;) \u00e0 votre choix, qui vous attendent d\u00e9j\u00e0 dans l&rsquo;appartement<\/li>\n<li>petits animaux accept\u00e9s sur demande (il y a une minette et une petite chienne \u00e0 la maison !)<\/li>\n<li>parking priv\u00e9 pour motos et v\u00e9los<\/li>\n<li>mat\u00e9riel pour b\u00e9b\u00e9 (si\u00e8ge, lit, baignoire, pot)<\/li>\n<li>service de m\u00e9nage<\/li>\n<li>produits d\u2019entretiens de la maison<\/li>\n<li>si vous arrivez \u00e0 la gare de Tours or d\u2019Amboise, service de taxi pour Loches aux g\u00eetes ou au garage de location de voitures<\/li>\n<li>nounou le soir (un d\u00eener romantique ou une nuit au th\u00e9\u00e2tre ou\u2026 parce que pas tous les deux?)<\/li>\n<li>cours d\u2019italien&#8230; <a href=\"\/fr\/parfaire-son-italien\/\">(voir section d\u00e9di\u00e9e)<\/a><\/li>\n<\/ul>\n<\/li>\n<\/ul>\n<p><span style=\"color: black; font-style: italic;\">Et \u00e0 l\u2019ext\u00e9rieur de la propri\u00e9t\u00e9: espaces de stationnement publics et gratuits tr\u00e8s pratiques et \u00e0 quelques minutes \u00e0 pied tous commerces, restaurants, attractions, march\u00e9 des produits locaux, gare, rivi\u00e8re&#8230;<\/span><\/p>\n<\/div>\n<div class=\"reglement block-with-border\">\n<ul>\n<li>La maison est non-fumeur<\/li>\n<li>Les animaux de compagnie sont bien accept\u00e9s, \u00e0 5 \u20ac par jour. Ils ne peuvent \u00eatre laiss\u00e9s seuls dans les logements. Lits et canap\u00e9s doivent \u00eatre prot\u00e9g\u00e9s<\/li>\n<li>Il y a la mise en \u0153uvre de mesures de r\u00e9duction de consommation d\u2019\u00e9nergie et d\u2019eau<\/li>\n<li>On fait le triage s\u00e9lectif<\/li>\n<\/ul>\n<\/div>\n","protected":false},"excerpt":{"rendered":"<p>L&rsquo;Appartement \u00a0MEUBL\u00c9 3 * pour 5 pers Description Services R\u00e8glement une pi\u00e8ce d\u2019entr\u00e9e: canap\u00e9-lit de 160&#215;200 cm t\u00e9l\u00e9vision TNT et DVD un salon \u2013 salle \u00e0 manger: canap\u00e9 biblioth\u00e8que table extensible une cuisine: r\u00e9frig\u00e9rateur plaques \u00e0 induction (4) four four \u00e0 micro-ondes lave-vaisselle fait-tout, cafeti\u00e8re, bouilloire, grille pain vaisselle et mat\u00e9riels de cuisson une chambre: [&hellip;]<\/p>\n","protected":false},"author":1,"featured_media":0,"parent":8,"menu_order":0,"comment_status":"closed","ping_status":"closed","template":"","meta":[],"_links":{"self":[{"href":"https:\/\/villa-loches.com\/fr\/wp-json\/wp\/v2\/pages\/190"}],"collection":[{"href":"https:\/\/villa-loches.com\/fr\/wp-json\/wp\/v2\/pages"}],"about":[{"href":"https:\/\/villa-loches.com\/fr\/wp-json\/wp\/v2\/types\/page"}],"author":[{"embeddable":true,"href":"https:\/\/villa-loches.com\/fr\/wp-json\/wp\/v2\/users\/1"}],"replies":[{"embeddable":true,"href":"https:\/\/villa-loches.com\/fr\/wp-json\/wp\/v2\/comments?post=190"}],"version-history":[{"count":69,"href":"https:\/\/villa-loches.com\/fr\/wp-json\/wp\/v2\/pages\/190\/revisions"}],"predecessor-version":[{"id":2427,"href":"https:\/\/villa-loches.com\/fr\/wp-json\/wp\/v2\/pages\/190\/revisions\/2427"}],"up":[{"embeddable":true,"href":"https:\/\/villa-loches.com\/fr\/wp-json\/wp\/v2\/pages\/8"}],"wp:attachment":[{"href":"https:\/\/villa-loches.com\/fr\/wp-json\/wp\/v2\/media?parent=190"}],"curies":[{"name":"wp","href":"https:\/\/api.w.org\/{rel}","templated":true}]}}