{"id":1801,"date":"2019-06-04T08:24:03","date_gmt":"2019-06-04T07:24:03","guid":{"rendered":"http:\/\/villa-loches.com\/fr\/?page_id=1801"},"modified":"2023-12-13T19:48:26","modified_gmt":"2023-12-13T18:48:26","slug":"confitures-extra","status":"publish","type":"page","link":"https:\/\/villa-loches.com\/fr\/confitures-extra\/","title":{"rendered":"Confitures Extra"},"content":{"rendered":"<h1>Confitures Extra<\/h1>\n<h3 style=\"text-align: right; font-size: 22px;\">\u00e0 la Villa, Silvia cr\u00e9e des confitures qui gardent toute la saveur des fruits qui viennent d\u2019\u00eatre cueillis au soleil, avec un pourcentage tr\u00e8s faible en sucre (toujours inf\u00e9rieur \u00e0 30%), en alternant des parfums classiques \u00e0 des curieuses combinaisons &#8230;<\/h3>\n<table>\n<tbody>\n<tr>\n<td>\n\n<div class=\"diapo-large center\">\n<div class=\"diapo-random\"><img decoding=\"async\" src=\"\/fr\/files\/2019\/06\/arance-noce-di-cocco-150x150.jpg\" \/>\n<img decoding=\"async\" src=\"\/fr\/files\/2019\/06\/arance-cranberry-cannella-150x150.jpg\" \/>\n<img decoding=\"async\" src=\"\/fr\/files\/2019\/06\/mele-the-vaniglia-mandorle-150x150.jpg\" \/><\/div>\n<div class=\"diapo-random\"><img decoding=\"async\" src=\"\/fr\/files\/2019\/06\/insieme-davanzale-150x150.jpg\" \/>\n<img decoding=\"async\" src=\"\/fr\/files\/2019\/06\/arance-noce-moscata-150x150.jpg\" \/>\n<img decoding=\"async\" src=\"\/fr\/files\/2019\/06\/insieme-balcone-150x150.jpg\" \/><\/div>\n<div class=\"diapo-random\"><img decoding=\"async\" src=\"\/fr\/files\/2019\/06\/fichi-150x150.jpg\" \/>\n<img decoding=\"async\" src=\"\/fr\/files\/2019\/06\/arance-zenzero-150x150.jpg\" \/><\/div>\n<\/div>\n<\/td>\n<\/tr>\n<tr>\n<td class=\"center\"><\/td>\n<\/tr>\n<\/tbody>\n<\/table>\n<div class=\"description block-with-border\" style=\"display: block;\">\n<ul>\n<li>Poires<\/li>\n<li>Poires \u2013 Bananes \u2013 Cannelle<\/li>\n<li>Pommes<\/li>\n<li>Pommes \u2013 Kiwis<\/li>\n<li>Pommes \u2013 Th\u00e9 vanille \u2013 Amandes<\/li>\n<li>Pommes \u2013 Oranges \u2013 4 Epices<\/li>\n<li>Gel\u00e9e de pommes<\/li>\n<li>Mirabelles<\/li>\n<li>Prunes S.te Catherine<\/li>\n<li>Reine Claude<\/li>\n<li>Quetsche<\/li>\n<li>Cl\u00e9mentines<\/li>\n<li>Figues<\/li>\n<li>Figues \u2013 Vanille<\/li>\n<li>Figues \u2013 Bananes<\/li>\n<li>Figues \u2013 P\u00eaches de vigne<\/li>\n<li>Figues \u2013 Abricots<\/li>\n<li>Figues \u2013 Rhum<\/li>\n<li>Figues &#8211; 4 Epices<\/li>\n<li>Figues &#8211; Noix<\/li>\n<li>Abricots<\/li>\n<li>Abricots &#8211; Nectarines<\/li>\n<li>Carottes \u2013 Jus d\u2019agrumes \u2013 Amandes<\/li>\n<li>Oranges<\/li>\n<li>Oranges \u2013 Gingembre<\/li>\n<li>Oranges \u2013 Noix de muscade<\/li>\n<li>Oranges \u2013 Cranberry \u2013 Cannelle<\/li>\n<li>Oranges \u2013 Noix de coco<\/li>\n<li>P\u00eaches de vigne<\/li>\n<li>P\u00eaches de vigne \u2013 Vanille<\/li>\n<li>P\u00eaches de vigne \u2013 Amandes<\/li>\n<li>Rhubarbe<\/li>\n<li>Coings<\/li>\n<li>Coings \u2013 Rhum<\/li>\n<li>Coings \u2013 Rhum \u2013 Raisins secs<\/li>\n<li>M\u00fbres<\/li>\n<li>Framboises<\/li>\n<li>Gel\u00e9e de raisin blanc<\/li>\n<li>Gel\u00e9e de raisin rouge<\/li>\n<li>Gel\u00e9e de raisin ros\u00e9<\/li>\n<li>Gel\u00e9e de pamplemousse<\/li>\n<li>Gel\u00e9e de grenade<\/li>\n<li>Cerises noires<\/li>\n<li>Cerises rouges<\/li>\n<li>Mangue<\/li>\n<li>Kiwi<\/li>\n<li>Ananas<\/li>\n<li>Fruit de la passion<\/li>\n<li>Arbousier<\/li>\n<\/ul>\n<\/div>\n","protected":false},"excerpt":{"rendered":"<p>Confitures Extra \u00e0 la Villa, Silvia cr\u00e9e des confitures qui gardent toute la saveur des fruits qui viennent d\u2019\u00eatre cueillis au soleil, avec un pourcentage tr\u00e8s faible en sucre (toujours inf\u00e9rieur \u00e0 30%), en alternant des parfums classiques \u00e0 des curieuses combinaisons &#8230; Poires Poires \u2013 Bananes \u2013 Cannelle Pommes Pommes \u2013 Kiwis Pommes \u2013 [&hellip;]<\/p>\n","protected":false},"author":1,"featured_media":0,"parent":0,"menu_order":0,"comment_status":"closed","ping_status":"closed","template":"","meta":[],"_links":{"self":[{"href":"https:\/\/villa-loches.com\/fr\/wp-json\/wp\/v2\/pages\/1801"}],"collection":[{"href":"https:\/\/villa-loches.com\/fr\/wp-json\/wp\/v2\/pages"}],"about":[{"href":"https:\/\/villa-loches.com\/fr\/wp-json\/wp\/v2\/types\/page"}],"author":[{"embeddable":true,"href":"https:\/\/villa-loches.com\/fr\/wp-json\/wp\/v2\/users\/1"}],"replies":[{"embeddable":true,"href":"https:\/\/villa-loches.com\/fr\/wp-json\/wp\/v2\/comments?post=1801"}],"version-history":[{"count":9,"href":"https:\/\/villa-loches.com\/fr\/wp-json\/wp\/v2\/pages\/1801\/revisions"}],"predecessor-version":[{"id":2425,"href":"https:\/\/villa-loches.com\/fr\/wp-json\/wp\/v2\/pages\/1801\/revisions\/2425"}],"wp:attachment":[{"href":"https:\/\/villa-loches.com\/fr\/wp-json\/wp\/v2\/media?parent=1801"}],"curies":[{"name":"wp","href":"https:\/\/api.w.org\/{rel}","templated":true}]}}