{"id":1473,"date":"2015-07-07T09:28:44","date_gmt":"2015-07-07T08:28:44","guid":{"rendered":"http:\/\/villa-loches.com\/fr\/?page_id=1473"},"modified":"2023-10-15T20:08:51","modified_gmt":"2023-10-15T19:08:51","slug":"mansarde","status":"publish","type":"page","link":"https:\/\/villa-loches.com\/fr\/description\/mansarde\/","title":{"rendered":"Mansarde"},"content":{"rendered":"<h1>La mansarde<\/h1>\n<h3 style=\"text-align: right; font-size: 22px;\">MEUBL\u00c9 pour 4 pers<\/h3>\n<table>\n<tbody>\n<tr>\n<td>\n\n<div class=\"diapo-large center\">\n<div class=\"diapo-random\"><img decoding=\"async\" src=\"\/fr\/files\/2015\/07\/nouvelle-premi\u00e8re-150x150.jpg\" alt=\"\" \/>\n<img decoding=\"async\" src=\"\/fr\/files\/2015\/07\/a-bis-150x150.jpg\" alt=\"\" \/>\n<img decoding=\"async\" src=\"\/fr\/files\/2015\/07\/col1-150x150.jpg\" alt=\"\" \/>\n<img decoding=\"async\" src=\"\/fr\/files\/2015\/07\/e-bis-150x150.jpg\" alt=\"\" \/>\n<img decoding=\"async\" src=\"\/fr\/files\/2015\/07\/g-150x150.jpg\" alt=\"\" \/><\/div>\n<div class=\"diapo-random\"><img decoding=\"async\" src=\"\/fr\/files\/2015\/07\/c-150x150.jpg\" alt=\"\" \/>\n<img decoding=\"async\" src=\"\/fr\/files\/2015\/07\/f-150x150.jpg\" alt=\"\" \/>\n<img decoding=\"async\" src=\"\/fr\/files\/2015\/07\/i-150x150.jpg\" alt=\"\" \/>\n<img decoding=\"async\" src=\"\/fr\/files\/2015\/07\/m-150x150.jpg\" alt=\"\" \/><\/div>\n<div class=\"diapo-random\"><img decoding=\"async\" src=\"\/fr\/files\/2015\/07\/d-bis-150x150.jpg\" alt=\"\" \/>\n<img decoding=\"async\" src=\"\/fr\/files\/2015\/07\/g-150x150.jpg\" alt=\"\" \/>\n<img decoding=\"async\" src=\"\/fr\/files\/2015\/07\/j-et-k-bis-150x150.jpg\" alt=\"\" \/><\/div>\n<\/div>\n<\/td>\n<\/tr>\n<tr>\n<td class=\"center\"><a class=\"dyna\" href=\"#description\">Description<\/a> <a class=\"dyna\" href=\"#services\">Services<\/a> <a class=\"dyna\" href=\"#reglement\">R\u00e8glement<\/a><\/td>\n<\/tr>\n<\/tbody>\n<\/table>\n<div class=\"description block-with-border\">\n<ul>\n<li>une grande pi\u00e8ce principale avec :\n<ul>\n<li>kitchenette\n<ul>\n<li>r\u00e9frig\u00e9rateur<\/li>\n<li>plaques \u00e0 induction (2)<\/li>\n<li>four multifonctions<\/li>\n<li>cafeti\u00e8re, bouilloire, grille pain<\/li>\n<li>vaisselle et mat\u00e9riels de cuisson<\/li>\n<\/ul>\n<\/li>\n<li>lit double de 140&#215;190 cm<\/li>\n<li>deux lits de 90&#215;190 cm (lit gigogne)<\/li>\n<li>t\u00e9l\u00e9vision TNT et DVD<\/li>\n<li>2 fauteuils<\/li>\n<li>climatisation<\/li>\n<\/ul>\n<\/li>\n<li>une salle d\u2019eau avec douche 80&#215;100 cm<\/li>\n<\/ul>\n<\/div>\n<div class=\"services block-with-border\">\n<ul>\n<li>Services compris\n<ul>\n<li>draps, linge de toilette, linge de table<\/li>\n<li>acc\u00e8s internet haut d\u00e9bit<\/li>\n<li>charges d\u2019\u00e9lectricit\u00e9, chauffage et eau<\/li>\n<li>laverie \u00e0 disposition avec machine \u00e0 laver et s\u00e8che-linge, mais aussi \u00e9tendage dans le jardin (quelle po\u00e9sie \u00e9tendre les draps au soleil&#8230;)<\/li>\n<li>balai de lavage \u00e0 frange avec seau et presse; aspirateur; fer et table \u00e0 repasser<\/li>\n<li>adaptateurs \u00e9lectriques \u00e0 la demande<\/li>\n<li>s\u00e8che-cheveux \u00e9lectrique<\/li>\n<li>si vous arrivez \u00e0 la gare de Loches, \u00e0 la demande d\u00e9placement depuis la gare de Loches aux g\u00eetes ou au garage de location de voitures<\/li>\n<\/ul>\n<\/li>\n<li>Services \u00e0 paiement (sur demande)\n<ul>\n<li>petit-d\u00e9jeuner royal&#8230;<\/li>\n<li>panier pique-nique<\/li>\n<li>pain et croissants chauds de boulangerie le matin<\/li>\n<li>produits locaux achet\u00e9s au march\u00e9 (fromages, l\u00e9gumes, fruits, \u0153uf, viande, charcuterie, confitures, miels, pains sp\u00e9ciales, g\u00e2teaux, &#8230;) \u00e0 votre choix, qui vous attendent d\u00e9j\u00e0 dans l&rsquo;appartement<\/li>\n<li>parking priv\u00e9 pour motos et v\u00e9los<\/li>\n<li>mat\u00e9riel pour b\u00e9b\u00e9 (si\u00e8ge, lit, baignoire, pot<\/li>\n<li>service de m\u00e9nage<\/li>\n<li>produits d\u2019entretiens de la maison<\/li>\n<li>si vous arrivez \u00e0 la gare de Tours or d\u2019Amboise, service de taxi pour Loches aux g\u00eetes ou au garage de location de voitures<\/li>\n<li>nounou le soir (un d\u00eener romantique ou une nuit au th\u00e9\u00e2tre ou\u2026 parce que pas tous les deux?)<\/li>\n<li>cours d\u2019italien&#8230; <a href=\"\/fr\/parfaire-son-italien\/\">(voir section d\u00e9di\u00e9e)<\/a><\/li>\n<\/ul>\n<\/li>\n<\/ul>\n<p><span style=\"color: black; font-style: italic;\">Et \u00e0 l\u2019ext\u00e9rieur de la propri\u00e9t\u00e9: espaces de stationnement publics et gratuits tr\u00e8s pratiques et \u00e0 quelques minutes \u00e0 pied tous commerces, restaurants, attractions, march\u00e9 des produits locaux, gare, rivi\u00e8re&#8230;<\/span><\/p>\n<\/div>\n<div class=\"reglement block-with-border\">\n<ul>\n<li>La maison est non-fumeur<\/li>\n<li>Les animaux ne sont pas accept\u00e9s<\/li>\n<li>Il y a la mise en \u0153uvre de mesures de r\u00e9duction de consommation d\u2019\u00e9nergie et d\u2019eau<\/li>\n<li>On fait le triage s\u00e9lectif<\/li>\n<\/ul>\n<\/div>\n","protected":false},"excerpt":{"rendered":"<p>La mansarde MEUBL\u00c9 pour 4 pers Description Services R\u00e8glement une grande pi\u00e8ce principale avec : kitchenette r\u00e9frig\u00e9rateur plaques \u00e0 induction (2) four multifonctions cafeti\u00e8re, bouilloire, grille pain vaisselle et mat\u00e9riels de cuisson lit double de 140&#215;190 cm deux lits de 90&#215;190 cm (lit gigogne) t\u00e9l\u00e9vision TNT et DVD 2 fauteuils climatisation une salle d\u2019eau avec [&hellip;]<\/p>\n","protected":false},"author":1,"featured_media":0,"parent":8,"menu_order":2,"comment_status":"closed","ping_status":"closed","template":"","meta":[],"_links":{"self":[{"href":"https:\/\/villa-loches.com\/fr\/wp-json\/wp\/v2\/pages\/1473"}],"collection":[{"href":"https:\/\/villa-loches.com\/fr\/wp-json\/wp\/v2\/pages"}],"about":[{"href":"https:\/\/villa-loches.com\/fr\/wp-json\/wp\/v2\/types\/page"}],"author":[{"embeddable":true,"href":"https:\/\/villa-loches.com\/fr\/wp-json\/wp\/v2\/users\/1"}],"replies":[{"embeddable":true,"href":"https:\/\/villa-loches.com\/fr\/wp-json\/wp\/v2\/comments?post=1473"}],"version-history":[{"count":12,"href":"https:\/\/villa-loches.com\/fr\/wp-json\/wp\/v2\/pages\/1473\/revisions"}],"predecessor-version":[{"id":2411,"href":"https:\/\/villa-loches.com\/fr\/wp-json\/wp\/v2\/pages\/1473\/revisions\/2411"}],"up":[{"embeddable":true,"href":"https:\/\/villa-loches.com\/fr\/wp-json\/wp\/v2\/pages\/8"}],"wp:attachment":[{"href":"https:\/\/villa-loches.com\/fr\/wp-json\/wp\/v2\/media?parent=1473"}],"curies":[{"name":"wp","href":"https:\/\/api.w.org\/{rel}","templated":true}]}}