{"id":141,"date":"2012-12-17T10:07:31","date_gmt":"2012-12-17T09:07:31","guid":{"rendered":"http:\/\/villa-loches.com\/fr\/?page_id=141"},"modified":"2024-02-25T14:47:29","modified_gmt":"2024-02-25T13:47:29","slug":"accessibilite","status":"publish","type":"page","link":"https:\/\/villa-loches.com\/fr\/accessibilite\/","title":{"rendered":"Accessibilit\u00e9"},"content":{"rendered":"<h4>Si vous arrivez en voiture de l\u2019autoroute:<\/h4>\n<ul>\n<li>A85, sortie n. 11 pour Bl\u00e9r\u00e9\/Amboise\/Loches, direction sud sur la D31 pour 21 km jusqu&rsquo;\u00e0 Loches\u00a0;<\/li>\n<li>A20, sortie n. 13 pour Tours\/ Buzan\u00e7ais, direction nord-ouest sur la D943 pour 64 km jusqu&rsquo;\u00e0 a Loches ;<\/li>\n<li>A10, sortie n. 25 pour Sainte Maure-de-Touraine\/Chinon\/Loches, direction est sur la D760 pour 32 km jusqu&rsquo;\u00e0 Loches.<\/li>\n<\/ul>\n<p>\u00c0 Loches poursuivez toujours l\u2019indication \u00ab\u00a0Ch\u00e2teau\u00a0\u00bb, entrez par la Porte Poitevine et vous serez sur Mail de la Poterie, la rue la plus en hauteur de la ville, avec les maisons anciennes de la citadelle sur votre gauche et le parking \u00e0 la base des remparts sur votre droite.<br \/>\nVous \u00eates arriv\u00e9s\u00a0!<\/p>\n<h4>Si vous arrivez en avion de:<\/h4>\n<ul>\n<li>Paris\u00a0: (<a href=\"http:\/\/www.aeroportsdeparis.fr\/\">aeroportsdeparis.fr<\/a>) ligne TGV pour Tours \u2013 St. Pierre des Corps\u00a0 de l\u2019a\u00e9roport Charles de Gaulle, avec liens des autres a\u00e9roports (\u00e0 voir le site)<\/li>\n<li>Tours\u00a0: (<a href=\"http:\/\/www.tours.aeroport.fr\/\">tours.aeroport.fr<\/a>) d\u00e9parts de Londres Stansted, Manchester, Southampton, Dublin, Porto, Marseille, Figari, Ajaccio\n<ul>\n<li>bus navette pour la gare di Tours et ensuite train pour Loches (\u00e0 voir la suite)<\/li>\n<li>location de voitures.<\/li>\n<\/ul>\n<\/li>\n<\/ul>\n<h4>Si vous arrivez en train de la gare de Tours ou de Ch\u00e2teauroux<\/h4>\n<p>Ici vous trouvez le site internet avec tous les renseignements n\u00e9cessaires (on vous rappelle que parmi les services gratuits \u00e0 la demande il y a le d\u00e9placement de la gare de Loches aux g\u00eetes ou au garage de location de voitures).<\/p>\n<p><a href=\"https:\/\/www.sncf-connect.com\/train\/horaires\/loches\/tours\">https:\/\/www.sncf-connect.com\/train\/horaires\/loches\/tours<\/a><\/p>\n<p>Services en gare\u00a0: distributeur de titres TER, bus, parking<br \/>\nLignes desservant la gare de Loches\u00a0: Tours\u00a0; Ch\u00e2teauroux<\/p>\n<p><center><br \/>\n<a style=\"margin: 25px;\" href=\"\/fr\/files\/2013\/07\/lochesaccess.jpg\" target=\"_blank\" rel=\"noopener\"><img decoding=\"async\" src=\"\/fr\/files\/2013\/07\/lochesaccess.jpg\" height=\"275\" \/><\/a><a style=\"margin: 25px;\" href=\"\/fr\/files\/2013\/07\/villalochesaccess.jpg\" target=\"_blank\" rel=\"noopener\"><img decoding=\"async\" src=\"\/fr\/files\/2013\/07\/villalochesaccess.jpg\" height=\"275\" \/><\/a><\/center><\/p>\n","protected":false},"excerpt":{"rendered":"<p>Si vous arrivez en voiture de l\u2019autoroute: A85, sortie n. 11 pour Bl\u00e9r\u00e9\/Amboise\/Loches, direction sud sur la D31 pour 21 km jusqu&rsquo;\u00e0 Loches\u00a0; A20, sortie n. 13 pour Tours\/ Buzan\u00e7ais, direction nord-ouest sur la D943 pour 64 km jusqu&rsquo;\u00e0 a Loches ; A10, sortie n. 25 pour Sainte Maure-de-Touraine\/Chinon\/Loches, direction est sur la D760 pour [&hellip;]<\/p>\n","protected":false},"author":1,"featured_media":0,"parent":0,"menu_order":0,"comment_status":"closed","ping_status":"closed","template":"","meta":[],"_links":{"self":[{"href":"https:\/\/villa-loches.com\/fr\/wp-json\/wp\/v2\/pages\/141"}],"collection":[{"href":"https:\/\/villa-loches.com\/fr\/wp-json\/wp\/v2\/pages"}],"about":[{"href":"https:\/\/villa-loches.com\/fr\/wp-json\/wp\/v2\/types\/page"}],"author":[{"embeddable":true,"href":"https:\/\/villa-loches.com\/fr\/wp-json\/wp\/v2\/users\/1"}],"replies":[{"embeddable":true,"href":"https:\/\/villa-loches.com\/fr\/wp-json\/wp\/v2\/comments?post=141"}],"version-history":[{"count":25,"href":"https:\/\/villa-loches.com\/fr\/wp-json\/wp\/v2\/pages\/141\/revisions"}],"predecessor-version":[{"id":2443,"href":"https:\/\/villa-loches.com\/fr\/wp-json\/wp\/v2\/pages\/141\/revisions\/2443"}],"wp:attachment":[{"href":"https:\/\/villa-loches.com\/fr\/wp-json\/wp\/v2\/media?parent=141"}],"curies":[{"name":"wp","href":"https:\/\/api.w.org\/{rel}","templated":true}]}}