{"id":124,"date":"2012-12-14T15:40:58","date_gmt":"2012-12-14T14:40:58","guid":{"rendered":"http:\/\/villa-loches.com\/fr\/?page_id=124"},"modified":"2023-10-19T10:33:12","modified_gmt":"2023-10-19T09:33:12","slug":"accueil","status":"publish","type":"page","link":"https:\/\/villa-loches.com\/fr\/accueil\/","title":{"rendered":"Accueil"},"content":{"rendered":"<p class=\"gabriola line-height-adjust\" align=\"center\"><strong class=\"corsiva\"><em>Silvia<\/em><\/strong> vous accueillera avec ses deux compagnes d\u2019aventure \u00e0 quatre pattes,<br \/>\n<strong class=\"corsiva\"><em>Lola<\/em><\/strong> et <strong class=\"corsiva\"><em>Lilli<\/em><\/strong>.<\/p>\n<table>\n<tbody>\n<tr>\n<td>\n<p class=\"gabriola line-height-adjust\" align=\"center\">Au milieu de la Terre des Rois, le <em>Jardin de la France<\/em>, parmi les plus c\u00e9l\u00e8bres <em>Ch\u00e2teaux de la Vall\u00e9e de la Loire<\/em> (Chambord, Chenonceau, Amboise ou Villandry) et des villes d&rsquo;histoire comme <em>Orl\u00e9ans, Blois, Tours<\/em> et <em>Chinon<\/em>, Vous allez vous plonger dans le pass\u00e9, dans une maison qui conserve intactes les traces des si\u00e8cles pass\u00e9s du XVI<sup>e<\/sup> et du XVIII<sup>e<\/sup> si\u00e8cle.<\/p>\n<\/td>\n<td><img decoding=\"async\" src=\"\/fr\/files\/2012\/12\/accueil-1.png\" alt=\"\" width=\"75\" \/><\/td>\n<\/tr>\n<\/tbody>\n<\/table>\n<table>\n<tbody>\n<tr>\n<td><img decoding=\"async\" src=\"\/fr\/files\/2012\/12\/accueil-2.png\" alt=\"\" width=\"75\" \/><\/td>\n<td>\n<p class=\"gabriola line-height-adjust\" align=\"center\">Une villa charmante dans sa simplicit\u00e9, avec sa splendide tour, autrefois un pigeonnier, aujourd\u2019hui si\u00e8ge d\u2019un escalier qui, avec ses\u00a037 marches, conduit \u00e0 la troisi\u00e8me entr\u00e9e de la propri\u00e9t\u00e9,<\/p>\n<\/td>\n<\/tr>\n<\/tbody>\n<\/table>\n<table>\n<tbody>\n<tr>\n<td>\n<p class=\"gabriola line-height-adjust\" align=\"center\">et avec ses caves d\u2019origine m\u00e9di\u00e9vale &#8211; jadis des habitations troglodytiques peut \u00eatre &#8211; qui se prolongent au-dessous des remparts de la forteresse&#8230;<\/p>\n<\/td>\n<td><img decoding=\"async\" src=\"\/fr\/files\/2012\/12\/accueil-3.png\" alt=\"\" width=\"75\" \/><\/td>\n<\/tr>\n<\/tbody>\n<\/table>\n<p class=\"gabriola line-height-adjust\" align=\"center\">Il y a trois appartements \u00e0 louer, qui viennent d\u2019\u00eatre r\u00e9am\u00e9nag\u00e9s avec une certaine classe tout en respectant le c\u00f4t\u00e9 ancien; tous les trois disposent d\u2019une entr\u00e9e ind\u00e9pendante et r\u00e9serv\u00e9e, deux avec une partie de jardin s\u00e9par\u00e9e et pourvue de tables et chaises, et le troisi\u00e8me mansard\u00e9 avec les poutres du XV<sup>e<\/sup> apparentes, \u00e0 nous rappeler la magie du pass\u00e9.<\/p>\n<p class=\"gabriola line-height-adjust\" align=\"center\">Un petit coin de paradis mais pas du tout isol\u00e9: l\u2019on est au c\u0153ur d\u2019une citadelle m\u00e9di\u00e9vale parmi les mieux conserv\u00e9es d\u2019Europe et dans votre logement vous trouverez tous les renseignements utiles pour organiser des vacances uniques et inoubliables!<\/p>\n","protected":false},"excerpt":{"rendered":"<p>Silvia vous accueillera avec ses deux compagnes d\u2019aventure \u00e0 quatre pattes, Lola et Lilli. Au milieu de la Terre des Rois, le Jardin de la France, parmi les plus c\u00e9l\u00e8bres Ch\u00e2teaux de la Vall\u00e9e de la Loire (Chambord, Chenonceau, Amboise ou Villandry) et des villes d&rsquo;histoire comme Orl\u00e9ans, Blois, Tours et Chinon, Vous allez vous [&hellip;]<\/p>\n","protected":false},"author":1,"featured_media":0,"parent":0,"menu_order":0,"comment_status":"closed","ping_status":"closed","template":"","meta":[],"_links":{"self":[{"href":"https:\/\/villa-loches.com\/fr\/wp-json\/wp\/v2\/pages\/124"}],"collection":[{"href":"https:\/\/villa-loches.com\/fr\/wp-json\/wp\/v2\/pages"}],"about":[{"href":"https:\/\/villa-loches.com\/fr\/wp-json\/wp\/v2\/types\/page"}],"author":[{"embeddable":true,"href":"https:\/\/villa-loches.com\/fr\/wp-json\/wp\/v2\/users\/1"}],"replies":[{"embeddable":true,"href":"https:\/\/villa-loches.com\/fr\/wp-json\/wp\/v2\/comments?post=124"}],"version-history":[{"count":41,"href":"https:\/\/villa-loches.com\/fr\/wp-json\/wp\/v2\/pages\/124\/revisions"}],"predecessor-version":[{"id":2419,"href":"https:\/\/villa-loches.com\/fr\/wp-json\/wp\/v2\/pages\/124\/revisions\/2419"}],"wp:attachment":[{"href":"https:\/\/villa-loches.com\/fr\/wp-json\/wp\/v2\/media?parent=124"}],"curies":[{"name":"wp","href":"https:\/\/api.w.org\/{rel}","templated":true}]}}