{"id":1226,"date":"2014-02-27T09:45:51","date_gmt":"2014-02-27T08:45:51","guid":{"rendered":"http:\/\/villa-loches.com\/fr\/?page_id=1226"},"modified":"2023-12-16T09:37:43","modified_gmt":"2023-12-16T08:37:43","slug":"les-activites-en-vallee-loire-cher","status":"publish","type":"page","link":"https:\/\/villa-loches.com\/fr\/les-activites-en-vallee-loire-cher\/","title":{"rendered":"Les Activit\u00e9s"},"content":{"rendered":"<h1 class=\"corsiva\">Les Activit\u00e9s<\/h1>\n<table>\n<tbody>\n<tr>\n<td><img decoding=\"async\" class=\"zoom-me\" src=\"\/fr\/files\/2012\/12\/histoire-8.png\" alt=\"\" width=\"105\" \/><\/td>\n<td>\n<p class=\"gabriola\">Dans les alentours de la ville de Loches, vous pourrez choisir parmi une vaste gamme d\u2019activit\u00e9s sportives : golf , p\u00eache, randonn\u00e9es \u00e0 pied ou promenade \u00e0 cheval ou \u00e2nes, itin\u00e9raires \u00e0 v\u00e9lo, cano\u00eb ou kayak, grimpes encadr\u00e9es dans les arbres, segway, parapente\u2026,<br \/>\u2026 nombreuses les attractions: vols en montgolfi\u00e8re, stages et laboratoires, visite en cal\u00e8che, promenades en bateaux, tourn\u00e9es en voitures antiques, rallie avec les 2CV, parcs de loisirs pour toute la famille, \u2026<\/p>\n<\/td>\n<td><img decoding=\"async\" class=\"zoom-me\" src=\"\/fr\/files\/2012\/12\/histoire-9.png\" alt=\"\" width=\"105\" \/><\/td>\n<\/tr>\n<\/tbody>\n<\/table>\n<table>\n<tbody>\n<tr>\n<td><img decoding=\"async\" src=\"\/fr\/files\/2012\/12\/histoire-10.png\" alt=\"\" width=\"105\" \/><\/td>\n<td>\n<p class=\"gabriola\">\u2026 festivals de musique ou th\u00e9\u00e2tre, la baln\u00e9oth\u00e9rapie et le nouveau parc aquatique Natureo avec sa vue splendide sur l\u2019ancienne ville!<\/p>\n<\/td>\n<\/tr>\n<\/tbody>\n<\/table>\n<p>\u00a0<\/p>\n<div class=\"is-layout-flex wp-container-4 wp-block-columns\">\n<div class=\"is-layout-flow wp-block-column\">\n<p><strong>en d\u00e9tails, <\/strong><em><strong>Activit\u00e9s dans la ville de Loches<\/strong><\/em>:<\/p>\n<p>\u2022 balades dans les Prairies du Roy et dans la for\u00eat domaniale de Loches (qui s&rsquo;\u00e9tend sur 4 000 hectares)<br \/>\u2022 marcher et dessiner dans la for\u00eat<br \/>\u2022 promenades \u00e0 cheval et \u00e0 dos d&rsquo;\u00e2ne<br \/>\u2022 promenades en voitures d\u2019\u00e9poque et en cal\u00e8ches<br \/>\u2022 excursions \u00e0 v\u00e9lo et en segway<br \/>\u2022 excursions en cano\u00eb et kayak<br \/>\u2022 p\u00eache<br \/>\u2022 Parc aquatique Natur\u00e9o<br \/>\u2022 baln\u00e9oth\u00e9rapie<br \/>\u2022 pratiques et ateliers patrimoniaux : vitraux, sculpture sur pierre, modelage, cr\u00e9ation de blasons&#8230;<br \/>\u2022 escape game au mus\u00e9e Lansyer<br \/>\u2022 atelier de fabrication de bonbons chez Hallard<br \/>\u2022 les march\u00e9s de produits locaux qui, ici \u00e0 Loches, remplissent les rues de la ville deux fois par semaine<br \/>\u2022 festivals de musique et de th\u00e9\u00e2tre<\/p>\n<\/p>\n<div class=\"is-layout-flex wp-container-2 wp-block-columns\">\n<div class=\"is-layout-flow wp-block-column\"><\/div>\n<\/div>\n<p><strong>en d\u00e9tails, <\/strong><em><strong>Activit\u00e9s dans les alentours de Loches<\/strong><\/em>:<\/p>\n<p>\u2022 base de p\u00eache et de loisirs avec accrobranche \u00e0 Chemill\u00e9<br \/>\u2022 ferme p\u00e9dagogique\/ \u00e0 Sepmes<br \/>\u2022 Mus\u00e9e de Pr\u00e9histoire du Grand-Pressigny<br \/>\u2022 vall\u00e9e troglodytique des Goupilli\u00e8res<br \/>\u2022 Mus\u00e9e Dufresne<br \/>\u2022 mus\u00e9e de l\u2019automobile \u00e0 Valen\u00e7ay<br \/>\u2022 plan\u00e9tarium \u00e0 Tauxigny<br \/>\u2022 aquarium \u00e0 Lussault-sur-Loire<br \/>\u2022 Grottes P\u00e9trifiantes de Savonni\u00e8res<br \/>\u2022 culture des champignons Roches Ville au village de Bourr\u00e9<br \/>\u2022 visites de domaines viticoles \u00e0 Montrichard et Vouvray<br \/>\u2022 ateliers chocolat Renard \u00e0 Manthelan<br \/>\u2022 ateliers nature et gastronomie \u00e0 Cand\u00e9<br \/>\u2022 jardin et conservatoire de la tomates au Ch\u00e2teau de la Bourdaisi\u00e8re<br \/>\u2022 vannerie en osier \u00e0 Villaines-les-Rochers<br \/>\u2022 vols en montgolfi\u00e8re<br \/>\u2022 parapente<br \/>\u2022 excursions en bateau sur les rivi\u00e8res<br \/>\u2022 vols en Ulm<br \/>\u2022 le golf \u00e0 Verneuil<br \/>\u2022 karting<br \/>\u2022 rallyes en 2CV<br \/>\u2022 circuit p\u00e9destre du lac du Louroux<br \/>\u2022 les c\u00e9l\u00e8bres brocantes, march\u00e9s d&rsquo;objets anciens et d&rsquo;occasion<br \/>\u2022 itin\u00e9raires cyclables (Loire \u00e0 v\u00e9lo, Indre \u00e0 v\u00e9lo, Cher \u00e0 v\u00e9lo, Vienne \u00e0 v\u00e9lo) et excursions (comme le G.R.3 et le sentier San Martino)<br \/>\u2022 Safari-train \u00e0 Autr\u00e8che<br \/>\u2022 zoo de Beauval<br \/>\u2022 r\u00e9serve zoologique de la Haute-Touche<br \/>\u2022 Family Park \u00e0 Sorigny<br \/>\u2022 parc d&rsquo;attractions \u00e0 Monts<\/p>\n<\/div>\n<\/div>\n","protected":false},"excerpt":{"rendered":"<p>Les Activit\u00e9s Dans les alentours de la ville de Loches, vous pourrez choisir parmi une vaste gamme d\u2019activit\u00e9s sportives : golf , p\u00eache, randonn\u00e9es \u00e0 pied ou promenade \u00e0 cheval ou \u00e2nes, itin\u00e9raires \u00e0 v\u00e9lo, cano\u00eb ou kayak, grimpes encadr\u00e9es dans les arbres, segway, parapente\u2026,\u2026 nombreuses les attractions: vols en montgolfi\u00e8re, stages et laboratoires, visite [&hellip;]<\/p>\n","protected":false},"author":1,"featured_media":0,"parent":0,"menu_order":0,"comment_status":"closed","ping_status":"closed","template":"","meta":[],"_links":{"self":[{"href":"https:\/\/villa-loches.com\/fr\/wp-json\/wp\/v2\/pages\/1226"}],"collection":[{"href":"https:\/\/villa-loches.com\/fr\/wp-json\/wp\/v2\/pages"}],"about":[{"href":"https:\/\/villa-loches.com\/fr\/wp-json\/wp\/v2\/types\/page"}],"author":[{"embeddable":true,"href":"https:\/\/villa-loches.com\/fr\/wp-json\/wp\/v2\/users\/1"}],"replies":[{"embeddable":true,"href":"https:\/\/villa-loches.com\/fr\/wp-json\/wp\/v2\/comments?post=1226"}],"version-history":[{"count":6,"href":"https:\/\/villa-loches.com\/fr\/wp-json\/wp\/v2\/pages\/1226\/revisions"}],"predecessor-version":[{"id":2437,"href":"https:\/\/villa-loches.com\/fr\/wp-json\/wp\/v2\/pages\/1226\/revisions\/2437"}],"wp:attachment":[{"href":"https:\/\/villa-loches.com\/fr\/wp-json\/wp\/v2\/media?parent=1226"}],"curies":[{"name":"wp","href":"https:\/\/api.w.org\/{rel}","templated":true}]}}