{"id":1225,"date":"2014-02-27T09:45:53","date_gmt":"2014-02-27T08:45:53","guid":{"rendered":"http:\/\/villa-loches.com\/fr\/?page_id=1225"},"modified":"2023-10-18T12:10:17","modified_gmt":"2023-10-18T11:10:17","slug":"region-vallee-loire-cher-terroir-culture","status":"publish","type":"page","link":"https:\/\/villa-loches.com\/fr\/region-vallee-loire-cher-terroir-culture\/","title":{"rendered":"La R\u00e9gion: terroir &#038; culture"},"content":{"rendered":"<h1 class=\"corsiva\">La R\u00e9gion<\/h1>\n<table>\n<tbody>\n<tr>\n<td><img decoding=\"async\" class=\"zoom-me\" src=\"\/fr\/files\/2012\/12\/histoire-4.png\" alt=\"\" width=\"105\" \/><\/td>\n<td>\n<p class=\"gabriola\">La ville est un v\u00e9ritable joyau au c\u0153ur de la Touraine, le \u00abjardin de la France\u00bb, terre de vignobles, gastronomie, l\u00e9gumes, fromages<br \/>\nDes vins aux caves: une d\u00e9couverte sans fin loin des foules et des rues anim\u00e9es, parmi vignobles et caves, un chemin \u00e0 travers des paysages verdoyants et harmonieuses, qui vous invite \u00e0 rencontrer les populations locales, leur esprit d\u2019hospitalit\u00e9 et leur \u00abnectar divin\u00bb<br \/>\nEt comment oublier les march\u00e9s de produits du terroir fran\u00e7ais, qui ici, \u00e0 Loches, remplissent les rues de la ville deux fois par semaine. Ou les fameux \u00abbrocante\u00bb, march\u00e9s pour les objets de seconde main et d\u2019antiquit\u00e9s typiques de ce Pays\u2026<\/p>\n<\/td>\n<td><img decoding=\"async\" class=\"zoom-me\" src=\"\/fr\/files\/2012\/12\/histoire-5.png\" alt=\"\" width=\"105\" data-zoom=\"2\" \/><\/td>\n<\/tr>\n<\/tbody>\n<\/table>\n<table>\n<tbody>\n<tr>\n<td><img decoding=\"async\" class=\"zoom-me\" src=\"\/fr\/files\/2012\/12\/histoire-6.png\" alt=\"\" width=\"105\" \/><\/td>\n<td>\n<p class=\"gabriola\">Couvrant une superficie de 100 km la Touraine poss\u00e8de la plupart des Ch\u00e2teaux les plus c\u00e9l\u00e8bres de la Vall\u00e9e de la Loire et des villes magnifiques. Des milliers de tr\u00e9sors vous attendent : Chenonceau, Chambord, Amboise, Chinon, Villandry, Uss\u00e9, Azay-le-Rideau, Chaumont-sur-Loire, Valen\u00e7ay, Langeais\u2026 Et encore: Blois, Tours, Saumur, Chinon, Montrichard, Ch\u00e2tellerault, Richelieu\u2026<br \/>\nProt\u00e9g\u00e9s par trois Parcs Naturels R\u00e9gionaux (Brenne &#8211; Loire Anjou Touraine \u2013 Perche), la Touraine et la r\u00e9gion de la Vall\u00e9e de la Loire sauvegardent un patrimoine reconnu \u00e0 niveau national et m\u00eame mondial (280 km de parcours fluviaux labellis\u00e9s Patrimoine mondial de l&rsquo;UNESCO depuis novembre 2000), avec leur nature magique, riche en circuits cyclables (Loire \u00e0 v\u00e9lo, Indre \u00e0 v\u00e9lo<span style=\"font-size: revert; font-family: inherit; font-weight: inherit; color: initial;\">, Cher \u00e0 v\u00e9lo, Vienne \u00e0 v\u00e9lo<\/span>) et en randonn\u00e9es (le G.R.3 et le chemin de Saint Martin), en bois (la for\u00eat domaniale de Loches couvre 4000 hectares), en jardins et en rivi\u00e8res<\/p>\n<\/td>\n<td><img decoding=\"async\" class=\"zoom-me\" src=\"\/fr\/files\/2012\/12\/histoire-7.png\" alt=\"\" width=\"105\" data-zoom=\"2\" \/><\/td>\n<\/tr>\n<\/tbody>\n<\/table>\n<h1 class=\"corsiva\"><\/h1>\n","protected":false},"excerpt":{"rendered":"<p>La R\u00e9gion La ville est un v\u00e9ritable joyau au c\u0153ur de la Touraine, le \u00abjardin de la France\u00bb, terre de vignobles, gastronomie, l\u00e9gumes, fromages Des vins aux caves: une d\u00e9couverte sans fin loin des foules et des rues anim\u00e9es, parmi vignobles et caves, un chemin \u00e0 travers des paysages verdoyants et harmonieuses, qui vous invite [&hellip;]<\/p>\n","protected":false},"author":1,"featured_media":0,"parent":0,"menu_order":0,"comment_status":"closed","ping_status":"closed","template":"","meta":[],"_links":{"self":[{"href":"https:\/\/villa-loches.com\/fr\/wp-json\/wp\/v2\/pages\/1225"}],"collection":[{"href":"https:\/\/villa-loches.com\/fr\/wp-json\/wp\/v2\/pages"}],"about":[{"href":"https:\/\/villa-loches.com\/fr\/wp-json\/wp\/v2\/types\/page"}],"author":[{"embeddable":true,"href":"https:\/\/villa-loches.com\/fr\/wp-json\/wp\/v2\/users\/1"}],"replies":[{"embeddable":true,"href":"https:\/\/villa-loches.com\/fr\/wp-json\/wp\/v2\/comments?post=1225"}],"version-history":[{"count":6,"href":"https:\/\/villa-loches.com\/fr\/wp-json\/wp\/v2\/pages\/1225\/revisions"}],"predecessor-version":[{"id":2417,"href":"https:\/\/villa-loches.com\/fr\/wp-json\/wp\/v2\/pages\/1225\/revisions\/2417"}],"wp:attachment":[{"href":"https:\/\/villa-loches.com\/fr\/wp-json\/wp\/v2\/media?parent=1225"}],"curies":[{"name":"wp","href":"https:\/\/api.w.org\/{rel}","templated":true}]}}