{"id":122,"date":"2012-12-14T15:40:28","date_gmt":"2012-12-14T14:40:28","guid":{"rendered":"http:\/\/villa-loches.com\/fr\/?page_id=122"},"modified":"2015-07-07T14:47:01","modified_gmt":"2015-07-07T13:47:01","slug":"home","status":"publish","type":"page","link":"https:\/\/villa-loches.com\/fr\/","title":{"rendered":"Home"},"content":{"rendered":"<p class=\"gabriola line-height-adjust\" align=\"center\"><strong class=\"corsiva\"><em>Silvia<\/em><\/strong> vous accueillera avec ses deux compagnes d\u2019aventure \u00e0 quatre pattes,<br \/>\n<strong class=\"corsiva\"><em>Lola<\/em><\/strong> et <strong class=\"corsiva\"><em>Lilli<\/em><\/strong>.<\/p>\n<table>\n<tbody>\n<tr>\n<td>\n<p class=\"gabriola line-height-adjust\" align=\"center\">Au milieu de la Terre des Rois, le <em>Jardin de la France<\/em>, parmi les plus c\u00e9l\u00e8bres <em>Ch\u00e2teaux de la Vall\u00e9e de la Loire<\/em> (Chambord, Chenonceau, Amboise ou Villandry) et des villes d&rsquo;histoire comme <em>Orl\u00e9ans, Blois, Tours<\/em> et <em>Chinon<\/em>, Vous allez vous plonger dans le pass\u00e9, dans une maison qui conserve intactes les traces des si\u00e8cles pass\u00e9s du XV<sup>e<\/sup> et du XVI<sup>e<\/sup> si\u00e8cle.<\/p>\n<\/td>\n<td><img decoding=\"async\" src=\"\/fr\/files\/2012\/12\/accueil-1.png\" alt=\"\" width=\"75\" \/><\/td>\n<\/tr>\n<\/tbody>\n<\/table>\n<table>\n<tbody>\n<tr>\n<td><img decoding=\"async\" src=\"\/fr\/files\/2012\/12\/accueil-2.png\" alt=\"\" width=\"75\" \/><\/td>\n<td>\n<p class=\"gabriola line-height-adjust\" align=\"center\">Une villa charmante dans sa simplicit\u00e9, avec sa splendide tour, autrefois un pigeonnier, aujourd\u2019hui si\u00e8ge d\u2019un escalier qui, avec ses 37 marches, conduit \u00e0 la troisi\u00e8me entr\u00e9e de la propri\u00e9t\u00e9,<\/p>\n<\/td>\n<\/tr>\n<\/tbody>\n<\/table>\n<table>\n<tbody>\n<tr>\n<td>\n<p class=\"gabriola line-height-adjust\" align=\"center\">et ses caves d\u2019origine m\u00e9di\u00e9vale &#8211; jadis des habitations troglodytiques peut \u00eatre &#8211; qui se prolongent au-dessous des remparts de la forteresse&#8230;<\/p>\n<\/td>\n<td><img decoding=\"async\" src=\"\/fr\/files\/2012\/12\/accueil-3.png\" alt=\"\" width=\"75\" \/><\/td>\n<\/tr>\n<\/tbody>\n<\/table>\n<p><a class=\"button-more\" href=\"\/fr\/accueil\">Lire plus&#8230;<\/a><br \/>\n<iframe loading=\"lazy\" width=\"560\" height=\"315\" src=\"https:\/\/www.youtube.com\/embed\/RaDI-_gnrD4?rel=0&amp;controls=0&amp;showinfo=0\" frameborder=\"0\" allowfullscreen><\/iframe><\/p>\n","protected":false},"excerpt":{"rendered":"<p>Silvia vous accueillera avec ses deux compagnes d\u2019aventure \u00e0 quatre pattes, Lola et Lilli. Au milieu de la Terre des Rois, le Jardin de la France, parmi les plus c\u00e9l\u00e8bres Ch\u00e2teaux de la Vall\u00e9e de la Loire (Chambord, Chenonceau, Amboise ou Villandry) et des villes d&rsquo;histoire comme Orl\u00e9ans, Blois, Tours et Chinon, Vous allez vous [&hellip;]<\/p>\n","protected":false},"author":1,"featured_media":0,"parent":0,"menu_order":0,"comment_status":"closed","ping_status":"closed","template":"","meta":[],"_links":{"self":[{"href":"https:\/\/villa-loches.com\/fr\/wp-json\/wp\/v2\/pages\/122"}],"collection":[{"href":"https:\/\/villa-loches.com\/fr\/wp-json\/wp\/v2\/pages"}],"about":[{"href":"https:\/\/villa-loches.com\/fr\/wp-json\/wp\/v2\/types\/page"}],"author":[{"embeddable":true,"href":"https:\/\/villa-loches.com\/fr\/wp-json\/wp\/v2\/users\/1"}],"replies":[{"embeddable":true,"href":"https:\/\/villa-loches.com\/fr\/wp-json\/wp\/v2\/comments?post=122"}],"version-history":[{"count":16,"href":"https:\/\/villa-loches.com\/fr\/wp-json\/wp\/v2\/pages\/122\/revisions"}],"predecessor-version":[{"id":1508,"href":"https:\/\/villa-loches.com\/fr\/wp-json\/wp\/v2\/pages\/122\/revisions\/1508"}],"wp:attachment":[{"href":"https:\/\/villa-loches.com\/fr\/wp-json\/wp\/v2\/media?parent=122"}],"curies":[{"name":"wp","href":"https:\/\/api.w.org\/{rel}","templated":true}]}}