{"id":10,"date":"2012-12-11T11:23:56","date_gmt":"2012-12-11T10:23:56","guid":{"rendered":"http:\/\/villa-loches.com\/fr\/?page_id=10"},"modified":"2025-04-08T14:33:33","modified_gmt":"2025-04-08T13:33:33","slug":"tarif","status":"publish","type":"page","link":"https:\/\/villa-loches.com\/fr\/tarif\/","title":{"rendered":"Tarif"},"content":{"rendered":"<h3>Tarifs<\/h3>\n<h4>Appartement \/ Mansarde<\/h4>\n<table width=\"600\" cellpadding=\"5\">\n<tbody>\n<tr>\n<td><\/td>\n<td style=\"border: 1px dashed black;\" align=\"center\">(1-2 pers)<\/td>\n<td style=\"border: 1px dashed black;\" align=\"center\">(3-5 pers)<\/td>\n<td style=\"border: 1px dashed black;\" align=\"center\">min<\/td>\n<td style=\"border: 1px dashed black;\" align=\"center\">max<\/td>\n<\/tr>\n<tr style=\"border: 1px dashed black;\">\n<td>Semaine<\/td>\n<td style=\"border: 1px dashed black;\" align=\"right\">595 \u20ac<\/td>\n<td style=\"border: 1px dashed black;\" align=\"right\">690 \u20ac<\/td>\n<td style=\"border: 1px dashed black;\" align=\"right\">500 \u20ac<\/td>\n<td style=\"border: 1px dashed black;\" align=\"right\">690 \u20ac<\/td>\n<\/tr>\n<tr style=\"border: 1px dashed black;\">\n<td>Nuit<\/td>\n<td style=\"border: 1px dashed black;\" align=\"right\">95 \u20ac<\/td>\n<td style=\"border: 1px dashed black;\" align=\"right\">110 \u20ac<\/td>\n<td style=\"border: 1px dashed black;\" align=\"right\">75 \u20ac<\/td>\n<td style=\"border: 1px dashed black;\" align=\"right\">120 \u20ac<\/td>\n<\/tr>\n<tr>\n<td><\/td>\n<td style=\"border: 1px dashed black; border-top: 2px solid black;\">R\u00e9d sem.<\/td>\n<td style=\"border: 1px dashed black; border-top: 2px solid black;\" align=\"right\">10 %<\/td>\n<td><\/td>\n<td><\/td>\n<\/tr>\n<tr>\n<td><\/td>\n<td style=\"border: 1px dashed black;\">R\u00e9d mois<\/td>\n<td style=\"border: 1px dashed black;\" align=\"right\">20 %<\/td>\n<td><\/td>\n<td><\/td>\n<\/tr>\n<\/tbody>\n<\/table>\n<h4>Studio<\/h4>\n<table width=\"600\" cellpadding=\"5\">\n<tbody>\n<tr>\n<td><\/td>\n<td style=\"border: 1px dashed black;\" align=\"center\">(1-2 pers)<\/td>\n<td style=\"border: 1px dashed black;\" align=\"center\"><\/td>\n<td style=\"border: 1px dashed black;\" align=\"center\">min<\/td>\n<td style=\"border: 1px dashed black;\" align=\"center\">max<\/td>\n<\/tr>\n<tr style=\"border: 1px dashed black;\">\n<td>Semaine<\/td>\n<td style=\"border: 1px dashed black;\" align=\"right\">535 \u20ac<\/td>\n<td style=\"border: 1px dashed black;\" align=\"right\"><\/td>\n<td style=\"border: 1px dashed black;\" align=\"right\">350 \u20ac<\/td>\n<td style=\"border: 1px dashed black;\" align=\"right\">560 \u20ac<\/td>\n<\/tr>\n<tr style=\"border: 1px dashed black;\">\n<td>Nuit<\/td>\n<td style=\"border: 1px dashed black;\" align=\"right\">80 \u20ac<\/td>\n<td style=\"border: 1px dashed black;\" align=\"right\"><\/td>\n<td style=\"border: 1px dashed black;\" align=\"right\">65 \u20ac<\/td>\n<td style=\"border: 1px dashed black;\" align=\"right\">90 \u20ac<\/td>\n<\/tr>\n<tr>\n<td><\/td>\n<td style=\"border: 1px dashed black; border-top: 2px solid black;\">R\u00e9d sem.<\/td>\n<td style=\"border: 1px dashed black; border-top: 2px solid black;\" align=\"right\">10 %<\/td>\n<td><\/td>\n<td><\/td>\n<\/tr>\n<tr>\n<td><\/td>\n<td style=\"border: 1px dashed black;\">R\u00e9d mois<\/td>\n<td style=\"border: 1px dashed black;\" align=\"right\">16 %<\/td>\n<td><\/td>\n<td><\/td>\n<\/tr>\n<\/tbody>\n<\/table>\n<h4>Le Logement NOUVEAU! &#8211; Chez PIERROT<\/h4>\n<table width=\"600\" cellpadding=\"5\">\n<tbody>\n<tr>\n<td><\/td>\n<td style=\"border: 1px dashed black;\" align=\"center\">(1-2 pers)<\/td>\n<td style=\"border: 1px dashed black;\" align=\"center\"><\/td>\n<td style=\"border: 1px dashed black;\" align=\"center\">min<\/td>\n<td style=\"border: 1px dashed black;\" align=\"center\">max<\/td>\n<\/tr>\n<tr style=\"border: 1px dashed black;\">\n<td>Semaine<\/td>\n<td style=\"border: 1px dashed black;\" align=\"right\">620 \u20ac<\/td>\n<td style=\"border: 1px dashed black;\" align=\"right\"><\/td>\n<td style=\"border: 1px dashed black;\" align=\"right\">550 \u20ac<\/td>\n<td style=\"border: 1px dashed black;\" align=\"right\">680 \u20ac<\/td>\n<\/tr>\n<tr style=\"border: 1px dashed black;\">\n<td>Nuit<\/td>\n<td style=\"border: 1px dashed black;\" align=\"right\">98 \u20ac<\/td>\n<td style=\"border: 1px dashed black;\" align=\"right\"><\/td>\n<td style=\"border: 1px dashed black;\" align=\"right\">85 \u20ac<\/td>\n<td style=\"border: 1px dashed black;\" align=\"right\">105 \u20ac<\/td>\n<\/tr>\n<tr>\n<td><\/td>\n<td style=\"border: 1px dashed black; border-top: 2px solid black;\">R\u00e9d sem.<\/td>\n<td style=\"border: 1px dashed black; border-top: 2px solid black;\" align=\"right\">10 %<\/td>\n<td><\/td>\n<td><\/td>\n<\/tr>\n<tr>\n<td><\/td>\n<td style=\"border: 1px dashed black;\">R\u00e9d mois<\/td>\n<td style=\"border: 1px dashed black;\" align=\"right\">16 %<\/td>\n<td><\/td>\n<td><\/td>\n<\/tr>\n<\/tbody>\n<\/table>\n<p>Devis \u00e0 la fois, selon la dur\u00e9e du s\u00e9jour et le nombre de personnes: flexibilit\u00e9 maximale&#8230; <a href=\"\/fr\/contact\">Appelez-moi!<\/a><\/p>\n<p>\u00c0 compter du 1er janvier 2016, il faut ajouter au tarif du logement la Taxe de S\u00e9jour ; elle s\u2019applique aux touristes majeurs et sa valeur correspond au calcul suivant : montant total de la location x 0,05 x 1,10. <a style=\"font-weight: bold; text-decoration: underline;\" href=\"\/fr\/files\/2016\/01\/tax.jpg\" target=\"_blank\" rel=\"noopener\">Ici<\/a> vous avez la fiche explicative d\u00e9lib\u00e9r\u00e9 par la Communaut\u00e9 de Communes Loches D\u00e9veloppement en novembre 2015.<\/p>\n<h3>Modalit\u00e9s de r\u00e8glement<\/h3>\n<table>\n<tbody>\n<tr>\n<td>a)<\/td>\n<td colspan=\"2\">votre r\u00e9servation sera valid\u00e9e \u00e0 la r\u00e9ception:<\/td>\n<\/tr>\n<tr>\n<td><\/td>\n<td>&#8211;<\/td>\n<td>du contrat sign\u00e9 par le locataire, qu\u2019on vous envoie par mel;<\/td>\n<\/tr>\n<tr>\n<td><\/td>\n<td>&#8211;<\/td>\n<td>des arrhes de 33% de total du s\u00e9jour par paypal, ch\u00e8que ou virement bancaire<\/td>\n<\/tr>\n<tr>\n<td>b)<\/td>\n<td colspan=\"2\">\u00e0 votre arriv\u00e9e on vous demande:<\/td>\n<\/tr>\n<tr>\n<td><\/td>\n<td>&#8211;<\/td>\n<td>le solde du montant total de la location;<\/td>\n<\/tr>\n<tr>\n<td><\/td>\n<td valign=\"top\">&#8211;<\/td>\n<td>une caution (300 \u20ac pour le studio et 400 \u20ac pour l\u2019appartement \/ chez Pierrot \/ mansarde), que vous sera remise le jour de d\u00e9part apr\u00e8s \u00e9tat des lieux, si aucune d\u00e9gradation de l\u2019appartement\/studio\/chez Pierrot\/mansarde n\u2019a eu lieu<\/td>\n<\/tr>\n<tr>\n<td colspan=\"3\">Toute annulation devra se faire par \u00e9crit. En cas d\u2019annulation au fil du dernier mois qui pr\u00e9c\u00e8de le d\u00e9but de la r\u00e9servation, l\u2019avance ne sera pas restitu\u00e9e ; si l&rsquo;annulation est ant\u00e9rieure, le montant avanc\u00e9 sera valable pendant une ann\u00e9e \u00e0 compter du d\u00e9but \u00e9tabli du s\u00e9jour.<\/td>\n<\/tr>\n<tr>\n<td colspan=\"3\">Les services suppl\u00e9mentaires \u00e0 payer seront r\u00e9gl\u00e9s \u00e0 la fin du s\u00e9jour. Conventionn\u00e9 avec ANCV Ch\u00e8ques Vacances.<\/td>\n<\/tr>\n<\/tbody>\n<\/table>\n<h3>Horaires d&rsquo;arriv\u00e9es et de d\u00e9parts<\/h3>\n<p>Le jour d\u2019arriv\u00e9e les appartements seront mis \u00e0 la disposition du locataire \u00e0 16h00.<br \/>\nLe jour du d\u00e9part les appartement devront \u00eatre lib\u00e9r\u00e9s avant 10h30.<\/p>\n<p>Consultez les dates de r\u00e9servation possible sur notre <a href=\"\/fr\/reservation\/\">calendrier de r\u00e9servation<\/a>.<\/p>\n","protected":false},"excerpt":{"rendered":"<p>Tarifs Appartement \/ Mansarde (1-2 pers) (3-5 pers) min max Semaine 595 \u20ac 690 \u20ac 500 \u20ac 690 \u20ac Nuit 95 \u20ac 110 \u20ac 75 \u20ac 120 \u20ac R\u00e9d sem. 10 % R\u00e9d mois 20 % Studio (1-2 pers) min max Semaine 535 \u20ac 350 \u20ac 560 \u20ac Nuit 80 \u20ac 65 \u20ac 90 \u20ac [&hellip;]<\/p>\n","protected":false},"author":1,"featured_media":0,"parent":0,"menu_order":0,"comment_status":"closed","ping_status":"closed","template":"","meta":[],"_links":{"self":[{"href":"https:\/\/villa-loches.com\/fr\/wp-json\/wp\/v2\/pages\/10"}],"collection":[{"href":"https:\/\/villa-loches.com\/fr\/wp-json\/wp\/v2\/pages"}],"about":[{"href":"https:\/\/villa-loches.com\/fr\/wp-json\/wp\/v2\/types\/page"}],"author":[{"embeddable":true,"href":"https:\/\/villa-loches.com\/fr\/wp-json\/wp\/v2\/users\/1"}],"replies":[{"embeddable":true,"href":"https:\/\/villa-loches.com\/fr\/wp-json\/wp\/v2\/comments?post=10"}],"version-history":[{"count":73,"href":"https:\/\/villa-loches.com\/fr\/wp-json\/wp\/v2\/pages\/10\/revisions"}],"predecessor-version":[{"id":2459,"href":"https:\/\/villa-loches.com\/fr\/wp-json\/wp\/v2\/pages\/10\/revisions\/2459"}],"wp:attachment":[{"href":"https:\/\/villa-loches.com\/fr\/wp-json\/wp\/v2\/media?parent=10"}],"curies":[{"name":"wp","href":"https:\/\/api.w.org\/{rel}","templated":true}]}}