{"id":94,"date":"2012-12-12T17:37:16","date_gmt":"2012-12-12T16:37:16","guid":{"rendered":"http:\/\/villa-loches.com\/fr\/?page_id=94"},"modified":"2024-02-25T22:28:02","modified_gmt":"2024-02-25T21:28:02","slug":"contact","status":"publish","type":"page","link":"https:\/\/villa-loches.com\/es\/contact\/","title":{"rendered":"Contactos"},"content":{"rendered":"<h1>Contactos<\/h1>\n<div class=\"vcard\"><img decoding=\"async\" class=\"photo\" src=\"\/fr\/files\/2012\/12\/contact-image.jpg\" alt=\"\" \/><br \/>\nSilvia D\u2019Aronco Dembitzer<br \/>\n<strong class=\"org\">Villa \u00e0 l\u2019ancien Pigeonnier<\/strong><br \/>\n<span class=\"adr\"><span class=\"adr\"><br \/>\n<span class=\"street-address\">12, mail de la Poterie<\/span><br \/>\n<span class=\"postal-code\">37600<\/span> <span class=\"locality\">Loches<\/span><\/span><\/span><\/p>\n<table width=\"\" cellpadding=\"5\">\n<tbody>\n<tr>\n<td valign=\"top\">T\u00e9l :<\/td>\n<td><span class=\"tel\">0033 (0)6 07 78 05 93<\/span><br \/>\n<span class=\"tel\">0033 (0)2 47 91 93 03<\/span><\/td>\n<\/tr>\n<tr>\n<td valign=\"top\">e-mail :<\/td>\n<td><span class=\"email\"><a href=\"mailto:villa.pigeonnier.loches@gmail.com\">villa.pigeonnier.loches@gmail.com<\/a><\/span><\/td>\n<\/tr>\n<\/tbody>\n<\/table>\n<\/div>\n<p>Comment <a href=\"\/fr\/accessibilite\/\">me rejoindre<\/a><\/p>\n<p><iframe loading=\"lazy\" src=\"https:\/\/maps.google.fr\/maps?f=q&amp;source=s_q&amp;hl=fr&amp;geocode=&amp;q=12,+mail+de+la+Poterie+37600+Loches&amp;aq=&amp;sll=46.75984,1.738281&amp;sspn=12.420731,28.54248&amp;t=h&amp;ie=UTF8&amp;hq=&amp;hnear=12+Mail+de+la+Poterie,+37600+Loches,+Indre-et-Loire,+Centre&amp;ll=47.12627,0.996646&amp;spn=0.001506,0.003484&amp;z=14&amp;output=embed\" width=\"640\" height=\"480\" frameborder=\"0\" marginwidth=\"0\" marginheight=\"0\" scrolling=\"no\"><\/iframe><br \/>\n<small><a href=\"https:\/\/maps.google.fr\/maps?f=q&amp;source=embed&amp;hl=fr&amp;geocode=&amp;q=12,+mail+de+la+Poterie+37600+Loches&amp;aq=&amp;sll=46.75984,1.738281&amp;sspn=12.420731,28.54248&amp;t=h&amp;ie=UTF8&amp;hq=&amp;hnear=12+Mail+de+la+Poterie,+37600+Loches,+Indre-et-Loire,+Centre&amp;ll=47.12627,0.996646&amp;spn=0.001506,0.003484&amp;z=14\">Agrandir le plan<\/a><\/small><\/p>\n<div style=\"text-align: justify;\">\n<h4>Quelle est l\u2019origine de la Villa \u00e0 l\u2019ancien Pigeonnier&#8230;<\/h4>\n<p>Tout cela na\u00eet d\u2019un r\u00eave d\u2019enfance, se d\u00e9placer dans un Pays, la France, aim\u00e9 depuis toujours, et du plaisir \u00e9prouv\u00e9 \u00e0 loger chez l\u2019habitant pendant mes voyages. Et donc, quasi par jeu, je d\u00e9cide d\u2019apprendre une langue que je n\u2019ai jamais \u00e9tudi\u00e9e auparavant et d\u00e9but 2012 je m\u2019installe deux mois en France afin de chercher une maison apte \u00e0 mettre une activit\u00e9 touristique dans un endroit parmi les plus riches en histoire, culture et nature au monde\u2026<br \/>\n\u2026 et \u00e0 la mi-f\u00e9vrier je la trouve! Certainement les travaux \u00e0 faire sont assez importants: on peut pr\u00e9server la disposition \u00e0 l\u2019int\u00e9rieur, mais en ce qui concerne d\u2019entretien\u2026! Je ne me d\u00e9courage pas, je r\u00e9nove les installations avec des entreprises locales et en quatre mois, entrecoup\u00e9s de petits s\u00e9jour en Italie pour r\u00e9soudre des questions bureaucratiques et avec l\u2019aide d\u2019un cher ami menuisier dispos\u00e9 \u00e0 m\u2019accompagner dans l\u2019aventure, je r\u00e9alise les deux logements qui vont accueillir mes voyageurs.<br \/>\nLola, Lilli et moi habitons \u00e0 l\u2019\u00e9tage au-dessus des g\u00eetes; l\u00e0 bien s\u00fbr les travaux ne sont pas encore termin\u00e9s, mais tout se r\u00e9glera tr\u00e8s t\u00f4t!<\/p>\n<p>d\u00e9cembre 2012: les travaux chez nous aussi sont d\u00e9sormais termin\u00e9s!<\/p>\n<p>f\u00e9vrier 2013: apr\u00e8s un mois de souffrance, Lola veille sur nous du son coin de\u00a0jardin&#8230;<\/p>\n<\/div>\n","protected":false},"excerpt":{"rendered":"<p>Contactos Silvia D\u2019Aronco Dembitzer Villa \u00e0 l\u2019ancien Pigeonnier 12, mail de la Poterie 37600 Loches T\u00e9l : 0033 (0)6 07 78 05 93 0033 (0)2 47 91 93 03 e-mail : villa.pigeonnier.loches@gmail.com Comment me rejoindre Agrandir le plan Quelle est l\u2019origine de la Villa \u00e0 l\u2019ancien Pigeonnier&#8230; Tout cela na\u00eet d\u2019un r\u00eave d\u2019enfance, se d\u00e9placer [&hellip;]<\/p>\n","protected":false},"author":1,"featured_media":0,"parent":0,"menu_order":0,"comment_status":"closed","ping_status":"closed","template":"","meta":[],"_links":{"self":[{"href":"https:\/\/villa-loches.com\/es\/wp-json\/wp\/v2\/pages\/94"}],"collection":[{"href":"https:\/\/villa-loches.com\/es\/wp-json\/wp\/v2\/pages"}],"about":[{"href":"https:\/\/villa-loches.com\/es\/wp-json\/wp\/v2\/types\/page"}],"author":[{"embeddable":true,"href":"https:\/\/villa-loches.com\/es\/wp-json\/wp\/v2\/users\/1"}],"replies":[{"embeddable":true,"href":"https:\/\/villa-loches.com\/es\/wp-json\/wp\/v2\/comments?post=94"}],"version-history":[{"count":35,"href":"https:\/\/villa-loches.com\/es\/wp-json\/wp\/v2\/pages\/94\/revisions"}],"predecessor-version":[{"id":2472,"href":"https:\/\/villa-loches.com\/es\/wp-json\/wp\/v2\/pages\/94\/revisions\/2472"}],"wp:attachment":[{"href":"https:\/\/villa-loches.com\/es\/wp-json\/wp\/v2\/media?parent=94"}],"curies":[{"name":"wp","href":"https:\/\/api.w.org\/{rel}","templated":true}]}}