{"id":88,"date":"2012-12-12T17:34:56","date_gmt":"2012-12-12T16:34:56","guid":{"rendered":"http:\/\/villa-loches.com\/fr\/?page_id=88"},"modified":"2024-02-26T12:55:39","modified_gmt":"2024-02-26T11:55:39","slug":"histoire-loches-vallee-loire-cher","status":"publish","type":"page","link":"https:\/\/villa-loches.com\/es\/histoire-loches-vallee-loire-cher\/","title":{"rendered":"Historia"},"content":{"rendered":"<h1 class=\"corsiva\">Historia<\/h1>\n<table>\n<tbody>\n<tr>\n<td><span style=\"color: #000000;\"><span style=\"font-size: medium;\">La ciudad de Loches se ubica<b> <\/b>en el departamento de Indre-et-Loire, en la regi\u00f3n Centre, y es<b> <\/b>localizada<b> <\/b>en el \u00e1rea centro-occidental de Francia, al sureste de Tours, en la orilla<b> <\/b>izquierda del r\u00edo Indre.<\/span><\/span><\/p>\n<p align=\"left\"><span style=\"color: #000000;\"><span style=\"font-size: medium;\">Loches (la Leucae romana) se expandi\u00f3 durante el siglo V en torno al monasterio fundado por San Oso, y su importancia hist\u00f3rica, militar y arqueol\u00f3gica es de relevancia. Est\u00e1 mencionada en la lista de \u00abLos lugares m\u00e1s bellos de Francia\u00bb y, desde 2000, Loches forma parte de la red nacional de \u00abCiudades y Espacios de Inter\u00e9s Art\u00edstico e Hist\u00f3rico\u00bb.<\/span><\/span><\/p>\n<\/td>\n<td><img decoding=\"async\" class=\"zoom-me\" src=\"\/fr\/files\/2012\/12\/histoire-1.png\" alt=\"\" width=\"105\" \/><\/td>\n<\/tr>\n<\/tbody>\n<\/table>\n<table>\n<tbody>\n<tr>\n<td><img decoding=\"async\" class=\"zoom-me\" src=\"\/fr\/files\/2012\/12\/histoire-2.png\" alt=\"\" width=\"105\" \/><\/td>\n<td>\n<p align=\"left\"><span style=\"color: #000000;\"><span style=\"font-size: medium;\">Capital de la Turena del sur y lugar de nacimiento del escritor Alfred de Vigny, la ciudad de Loches conserva su aspecto medieval. A pesar de los cambios impuestos por el paso de los siglos, la ciudad a\u00fan conserva gran parte de su patrimonio medieval y renacentista.<\/span><\/span><\/p>\n<p align=\"left\"><span style=\"color: #000000;\"><span style=\"font-size: medium;\">Mil a\u00f1os de historia y arquitectura. En Loches, se puede ver:<\/span><\/span><\/p>\n<ul>\n<li><span style=\"color: #000000;\"><span style=\"font-size: medium;\">el Castillo conocido como los Apartamentos Reales (principalmente del siglo XV, residencia privilegiada<\/span> <span style=\"font-size: medium;\">de los Valois y marcada por tres mujeres famosas, Juana de Arco, Agn\u00e8s Sorel y Ana de Breta\u00f1a) <\/span><\/span><\/li>\n<li><span style=\"color: #000000;\"><span style=\"font-size: medium;\">la Colegiata de Notre-Dame hoy San Oso (esplendor rom\u00e1nico de los siglos X-XI) <\/span><\/span><\/li>\n<li><span style=\"color: #000000;\"><span style=\"font-size: medium;\">la Casa de Lansyer (casa natal<\/span> <span style=\"font-size: medium;\">del pintor Emmanuel Lansyer, 1835-1893, considerado en su \u00e9poca como uno de los mejores paisajistas de su tiempo)<\/span><\/span><\/li>\n<li><span style=\"color: #000000;\"><span style=\"font-size: medium;\">la Puerta Real (que data de los siglos XII y XIII)<\/span><\/span><\/li>\n<li><span style=\"color: #000000;\"><span style=\"font-size: medium;\">el Torre<\/span><span style=\"font-family: Liberation Serif, serif;\"><span style=\"font-size: medium;\">\u00f3<\/span><\/span><span style=\"font-size: medium;\">n mejor conservado de Europa, una fortaleza normanda que se<\/span> <span style=\"font-size: medium;\">alza a 37 metros de altura, en perfecto estado de<\/span> <span style=\"font-size: medium;\">conservaci\u00f3n<\/span> <span style=\"font-size: medium;\">(convertida<\/span> <span style=\"font-size: medium;\">en prisi\u00f3n, en 1504 fue encarcelado<\/span> <span style=\"font-size: medium;\">al famoso duque de Mil\u00e1n, Ludovico Sforza).<\/span><\/span><\/li>\n<\/ul>\n<\/td>\n<\/tr>\n<\/tbody>\n<\/table>\n<table>\n<tbody>\n<tr>\n<td>\n<p align=\"left\"><span style=\"color: #000000;\"><span style=\"font-size: medium;\">La ciudadela medieval est\u00e1 rodeada por 2 km de<\/span> <span style=\"font-size: medium;\">antiguas murallas; un segundo anillo de fortificaciones encierra algunas de las casas m\u00e1s bonitas de la ciudad (entre las que se encuentra tambi\u00e9n La Villa \u00e0 l&#8217;ancien Pigeonnier). Entre el segundo y el tercer anillo<\/span> <span style=\"font-size: medium;\">de murallas hallamos<\/span> <span style=\"font-size: medium;\">muchos<\/span> <span style=\"font-size: medium;\">edificios prestigiosos del Renacimiento: el Ayuntamiento, la Canciller\u00eda , la Casa del Centauro, <\/span><span style=\"font-size: medium;\">la Torre de <\/span><span style=\"font-size: medium;\"><i>San Antoine<\/i><\/span><span style=\"font-size: medium;\">, <\/span><span style=\"font-size: medium;\">la Puerta <\/span><span style=\"font-size: medium;\"><i>Picois<\/i><\/span> <span style=\"font-size: medium;\">y la Puerta de los <\/span><span style=\"font-size: medium;\"><i>Cordeliers<\/i><\/span><span style=\"font-size: medium;\">.<\/span><\/span><\/p>\n<\/td>\n<td><img decoding=\"async\" class=\"zoom-me\" src=\"\/fr\/files\/2012\/12\/histoire-3.png\" alt=\"\" width=\"105\" \/><\/td>\n<\/tr>\n<\/tbody>\n<\/table>\n<h1 class=\"corsiva\"><\/h1>\n","protected":false},"excerpt":{"rendered":"<p>Historia La ciudad de Loches se ubica en el departamento de Indre-et-Loire, en la regi\u00f3n Centre, y es localizada en el \u00e1rea centro-occidental de Francia, al sureste de Tours, en la orilla izquierda del r\u00edo Indre. Loches (la Leucae romana) se expandi\u00f3 durante el siglo V en torno al monasterio fundado por San Oso, y [&hellip;]<\/p>\n","protected":false},"author":1,"featured_media":0,"parent":0,"menu_order":0,"comment_status":"closed","ping_status":"closed","template":"","meta":[],"_links":{"self":[{"href":"https:\/\/villa-loches.com\/es\/wp-json\/wp\/v2\/pages\/88"}],"collection":[{"href":"https:\/\/villa-loches.com\/es\/wp-json\/wp\/v2\/pages"}],"about":[{"href":"https:\/\/villa-loches.com\/es\/wp-json\/wp\/v2\/types\/page"}],"author":[{"embeddable":true,"href":"https:\/\/villa-loches.com\/es\/wp-json\/wp\/v2\/users\/1"}],"replies":[{"embeddable":true,"href":"https:\/\/villa-loches.com\/es\/wp-json\/wp\/v2\/comments?post=88"}],"version-history":[{"count":21,"href":"https:\/\/villa-loches.com\/es\/wp-json\/wp\/v2\/pages\/88\/revisions"}],"predecessor-version":[{"id":2521,"href":"https:\/\/villa-loches.com\/es\/wp-json\/wp\/v2\/pages\/88\/revisions\/2521"}],"wp:attachment":[{"href":"https:\/\/villa-loches.com\/es\/wp-json\/wp\/v2\/media?parent=88"}],"curies":[{"name":"wp","href":"https:\/\/api.w.org\/{rel}","templated":true}]}}