{"id":44,"date":"2012-12-11T14:44:17","date_gmt":"2012-12-11T13:44:17","guid":{"rendered":"http:\/\/villa-loches.com\/fr\/?page_id=44"},"modified":"2024-02-26T13:19:56","modified_gmt":"2024-02-26T12:19:56","slug":"parfaire-son-italien","status":"publish","type":"page","link":"https:\/\/villa-loches.com\/es\/parfaire-son-italien\/","title":{"rendered":"Perfeccionar su Italiano"},"content":{"rendered":"<p><center><img decoding=\"async\" src=\"\/fr\/files\/2012\/12\/cours_italien_footer.png\" alt=\"\" width=\"200\" \/><\/center><\/p>\n<div style=\"text-align: justify;\">\n<p align=\"justify\"><span style=\"color: #000000;\"><span style=\"font-size: medium;\">Silvia, la due\u00f1a,<\/span> <span style=\"font-size: medium;\">de origen y de idioma materna<\/span> <span style=\"font-size: medium;\">italiana, le ofrece la oportunidad adem\u00e1s<\/span> <span style=\"font-size: medium;\">de su estancia en<\/span> <span style=\"font-size: medium;\">La Villa de darle clases particulares<\/span> <span style=\"font-size: medium;\">de conversaci\u00f3n en su lengua materna. Para los enamorados<\/span> <span style=\"font-size: medium;\">de Italia, de su idioma y de su prosa&#8230; Para los cantantes de \u00f3pera&#8230; Para los que tienen que mudarse a Italia&#8230;. ella puede ofrecerle una estimaci\u00f3n personalizada<\/span> <span style=\"font-size: medium;\">del coste del curso seg\u00fan<\/span> <span style=\"font-size: medium;\">la duraci\u00f3n de su estancia y de la cantidad de horas que desee<\/span> <span style=\"font-size: medium;\">estudiar.<\/span><\/span><\/p>\n<p align=\"justify\"><span style=\"color: #000000;\"><span style=\"font-size: medium;\">Si vive en los alrededores o si desea alojarse en otro lugar, ella puede elaborar \u00fanicamente<\/span> <span style=\"font-size: medium;\">un programa personalizado de conversaci\u00f3n<\/span> <span style=\"font-size: medium;\">en lengua<\/span> <span style=\"font-size: medium;\">italiana.<\/span><\/span><\/p>\n<\/div>\n","protected":false},"excerpt":{"rendered":"<p>Silvia, la due\u00f1a, de origen y de idioma materna italiana, le ofrece la oportunidad adem\u00e1s de su estancia en La Villa de darle clases particulares de conversaci\u00f3n en su lengua materna. Para los enamorados de Italia, de su idioma y de su prosa&#8230; Para los cantantes de \u00f3pera&#8230; Para los que tienen que mudarse a [&hellip;]<\/p>\n","protected":false},"author":1,"featured_media":0,"parent":0,"menu_order":0,"comment_status":"closed","ping_status":"closed","template":"","meta":[],"_links":{"self":[{"href":"https:\/\/villa-loches.com\/es\/wp-json\/wp\/v2\/pages\/44"}],"collection":[{"href":"https:\/\/villa-loches.com\/es\/wp-json\/wp\/v2\/pages"}],"about":[{"href":"https:\/\/villa-loches.com\/es\/wp-json\/wp\/v2\/types\/page"}],"author":[{"embeddable":true,"href":"https:\/\/villa-loches.com\/es\/wp-json\/wp\/v2\/users\/1"}],"replies":[{"embeddable":true,"href":"https:\/\/villa-loches.com\/es\/wp-json\/wp\/v2\/comments?post=44"}],"version-history":[{"count":15,"href":"https:\/\/villa-loches.com\/es\/wp-json\/wp\/v2\/pages\/44\/revisions"}],"predecessor-version":[{"id":2531,"href":"https:\/\/villa-loches.com\/es\/wp-json\/wp\/v2\/pages\/44\/revisions\/2531"}],"wp:attachment":[{"href":"https:\/\/villa-loches.com\/es\/wp-json\/wp\/v2\/media?parent=44"}],"curies":[{"name":"wp","href":"https:\/\/api.w.org\/{rel}","templated":true}]}}