{"id":1929,"date":"2022-04-25T21:58:15","date_gmt":"2022-04-25T20:58:15","guid":{"rendered":"http:\/\/villa-loches.com\/fr\/?page_id=1929"},"modified":"2024-03-29T21:12:26","modified_gmt":"2024-03-29T20:12:26","slug":"chez-pierrot","status":"publish","type":"page","link":"https:\/\/villa-loches.com\/es\/description\/chez-pierrot\/","title":{"rendered":"Chez Pierrot"},"content":{"rendered":"<h1>Chez Pierrot<\/h1>\n<h3 style=\"text-align: right; font-size: 22px;\">amueblado para 2 pers<\/h3>\n<table>\n<tbody>\n<tr>\n<td>\n\n<div class=\"diapo-large center\">\n<div class=\"diapo-random\"><img decoding=\"async\" src=\"\/fr\/files\/2023\/01\/IMAG5165-150x150.jpg\" alt=\"\" \/>\n<img decoding=\"async\" src=\"\/fr\/files\/2023\/01\/IMAG5167-150x150.jpg\" alt=\"\" \/>\n<img decoding=\"async\" src=\"\/fr\/files\/2023\/01\/IMAG5168-150x150.jpg\" alt=\"\" \/>\n<img decoding=\"async\" src=\"\/fr\/files\/2023\/01\/IMAG5174-150x150.jpg\" alt=\"\" \/>\n<img decoding=\"async\" src=\"\/fr\/files\/2023\/01\/IMAG5241-150x150.jpg\" alt=\"\" \/>\n<img decoding=\"async\" src=\"\/fr\/files\/2023\/06\/1-150x150.jpg\" alt=\"\" \/>\n<img decoding=\"async\" src=\"\/fr\/files\/2023\/06\/2-150x150.jpg\" alt=\"\" \/>\n<img decoding=\"async\" src=\"\/fr\/files\/2023\/06\/3-150x150.jpg\" alt=\"\" \/>\n<img decoding=\"async\" src=\"\/fr\/files\/2023\/06\/4-150x150.jpg\" alt=\"\" \/>\n<img decoding=\"async\" src=\"\/fr\/files\/2023\/06\/5-150x150.jpg\" alt=\"\" \/>\n<img decoding=\"async\" src=\"\/fr\/files\/2023\/06\/6-150x150.jpg\" alt=\"\" \/>\n<img decoding=\"async\" src=\"\/fr\/files\/2023\/06\/7-150x150.jpg\" alt=\"\" \/><\/div>\n<div class=\"diapo-random\"><img decoding=\"async\" src=\"\/fr\/files\/2023\/01\/1657990165240-150x150.jpg\" alt=\"\" \/>\n<img decoding=\"async\" src=\"\/fr\/files\/2023\/01\/cucina-2-150x150.jpg\" alt=\"\" \/>\n<img decoding=\"async\" src=\"\/fr\/files\/2023\/01\/cucina-salone-150x150.jpg\" alt=\"\" \/>\n<img decoding=\"async\" src=\"\/fr\/files\/2023\/01\/IMAG5080-150x150.jpg\" alt=\"\" \/>\n<img decoding=\"async\" src=\"\/fr\/files\/2023\/01\/IMAG5086-150x150.jpg\" alt=\"\" \/>\n<img decoding=\"async\" src=\"\/fr\/files\/2023\/01\/IMAG5090-150x150.jpg\" alt=\"\" \/>\n<img decoding=\"async\" src=\"\/fr\/files\/2023\/01\/IMAG5095-150x150.jpg\" alt=\"\" \/>\n<img decoding=\"async\" src=\"\/fr\/files\/2023\/01\/salone-4-150x150.jpg\" alt=\"\" \/>\n<img decoding=\"async\" src=\"\/fr\/files\/2023\/01\/salone-5-150x150.jpg\" alt=\"\" \/>\n<img decoding=\"async\" src=\"\/fr\/files\/2023\/01\/salone-6-150x150.jpg\" alt=\"\" \/>\n<img decoding=\"async\" src=\"\/fr\/files\/2023\/01\/salone-7-150x150.jpg\" alt=\"\" \/>\n<img decoding=\"async\" src=\"\/fr\/files\/2023\/06\/9-150x150.jpg\" alt=\"\" \/><\/div>\n<div class=\"diapo-random\"><img decoding=\"async\" src=\"\/fr\/files\/2023\/01\/bagno-2-150x150.jpg\" alt=\"\" \/>\n<img decoding=\"async\" src=\"\/fr\/files\/2023\/01\/bagno-6-150x150.jpg\" alt=\"\" \/>\n<img decoding=\"async\" src=\"\/fr\/files\/2023\/01\/bagno-7-150x150.jpg\" alt=\"\" \/>\n<img decoding=\"async\" src=\"\/fr\/files\/2023\/01\/bagno-8-150x150.jpg\" alt=\"\" \/>\n<img decoding=\"async\" src=\"\/fr\/files\/2023\/01\/camera-1-150x150.jpg\" alt=\"\" \/>\n<img decoding=\"async\" src=\"\/fr\/files\/2023\/01\/camera-2-150x150.jpg\" alt=\"\" \/>\n<img decoding=\"async\" src=\"\/fr\/files\/2023\/01\/camera-3-150x150.jpg\" alt=\"\" \/>\n<img decoding=\"async\" src=\"\/fr\/files\/2023\/01\/camera-5-150x150.jpg\" alt=\"\" \/>\n<img decoding=\"async\" src=\"\/fr\/files\/2023\/01\/IMAG5110-150x150.jpg\" alt=\"\" \/>\n<img decoding=\"async\" src=\"\/fr\/files\/2023\/01\/salone-camera-150x150.jpg\" alt=\"\" \/>\n<img decoding=\"async\" src=\"\/fr\/files\/2023\/06\/11-150x150.jpg\" alt=\"\" \/>\n<img decoding=\"async\" src=\"\/fr\/files\/2023\/06\/8-150x150.jpg\" alt=\"\" \/>\n<img decoding=\"async\" src=\"\/fr\/files\/2023\/06\/10-150x150.jpg\" alt=\"\" \/><\/div>\n<\/div>\n<\/td>\n<\/tr>\n<tr>\n<td class=\"center\"><a class=\"dyna\" href=\"#description\">Descripci\u00f3n<\/a>\u00a0<a class=\"dyna\" href=\"#services\">Servicios<\/a>\u00a0<a class=\"dyna\" href=\"#reglement\">Reglamento<\/a><\/td>\n<\/tr>\n<\/tbody>\n<\/table>\n<div class=\"description block-with-border\">\n<ul>\n<li>una hermosa terraza de cristal en la entrada<\/li>\n<li>cocina &#8211; comedor:\n<ul>\n<li>nevera con congelador<\/li>\n<li>placa de inducci\u00f3n (3)<\/li>\n<li>horno<\/li>\n<li>microondas<\/li>\n<li>fregadero doble<\/li>\n<li>lavavajillas<\/li>\n<li>cafetera Senseo, hervidor de agua, tostadora<\/li>\n<li>vajillas y ustensilio de cocina<\/li>\n<li>mesa extensible con sillas<\/li>\n<\/ul>\n<\/li>\n<li>sal\u00f3n:\n<ul>\n<li>sof\u00e1<\/li>\n<li>televisi\u00f3n TNT et DVD<\/li>\n<li>estanter\u00eda-biblioteca<\/li>\n<li>rinc\u00f3n estudio<\/li>\n<\/ul>\n<\/li>\n<li>habitaci\u00f3n:\n<ul>\n<li>cama doble de 140\u00d7190 cm<\/li>\n<li>mueble con cajones<\/li>\n<li>gran armario<\/li>\n<\/ul>\n<\/li>\n<li>un cuarto de ba\u00f1o con ducha, aseo y lavarropas, plancha para ropa<\/li>\n<\/ul>\n<\/div>\n<div class=\"services block-with-border\">\n<ul>\n<li>Servicios inclu\u00eddos\n<ul>\n<li>s\u00e1banas, toallas de ba\u00f1o, ropa de casa<\/li>\n<li>acceso a internet<\/li>\n<li>cargos de electricidad, calefacci\u00f3n, agua<\/li>\n<li>adaptador el\u00e9ctrico bajo petici\u00f3n<\/li>\n<li>secador de pelo el\u00e9ctrico<\/li>\n<li>si usted llega a la estaci\u00f3n de Loches, bajo petici\u00f3n, translocaci\u00f3n desde la estaci\u00f3n de Loches hasta la Villa o hasta el servicio de alquiler de coches.<\/li>\n<\/ul>\n<\/li>\n<li>Servicios bajo petici\u00f3n\n<ul>\n<li>pan caliente y croissants de panader\u00eda por la ma\u00f1ana<\/li>\n<li>mascotas admitidas bajo petici\u00f3n<\/li>\n<li>aparcamiento privado para motos y bicicletas<\/li>\n<li>equipamiento para beb\u00e9s (silla alta, cama, ba\u00f1era, pelela)<\/li>\n<li>si usted llega a la estaci\u00f3n de Tours o de Amboise, servicio de taxi por Loches hasta la Villa o hasta el mostrador de alquiler de coches.<\/li>\n<li>ni\u00f1era por la noche (una cena rom\u00e1ntica o una noche de teatro o\u2026 \u00bfinclusos las ambas cosas?)<\/li>\n<li>clases de d&#8217;italien&#8230;<a href=\"\/fr\/parfaire-son-italien\/\">(voir section d\u00e9di\u00e9e)<\/a><\/li>\n<\/ul>\n<\/li>\n<\/ul>\n<p><span style=\"color: black; font-style: italic;\">Y fuera de la propiedad: plazas de aparcamiento p\u00fablico gratis muy pr\u00e1cticas y a pocos minutos andando tiene todas las comodidades (tiendas, restaurantes, atracciones, mercado de productos locales, estaci\u00f3n de tren, r\u00edo&#8230;)<\/span><\/p>\n<\/div>\n<div class=\"reglement block-with-border\">\n<ul>\n<li>La casa es para no fumadores<\/li>\n<li>Se aceptan mascotas por 5 \u20ac al d\u00eda. No se les puede dejar solos en el alojamiento. Tiene que proteger camas y sof\u00e1s<\/li>\n<li>Se realiza recogida selectiva de residuos<\/li>\n<\/ul>\n<\/div>\n","protected":false},"excerpt":{"rendered":"<p>Chez Pierrot amueblado para 2 pers Descripci\u00f3n\u00a0Servicios\u00a0Reglamento una hermosa terraza de cristal en la entrada cocina &#8211; comedor: nevera con congelador placa de inducci\u00f3n (3) horno microondas fregadero doble lavavajillas cafetera Senseo, hervidor de agua, tostadora vajillas y ustensilio de cocina mesa extensible con sillas sal\u00f3n: sof\u00e1 televisi\u00f3n TNT et DVD estanter\u00eda-biblioteca rinc\u00f3n estudio habitaci\u00f3n: [&hellip;]<\/p>\n","protected":false},"author":1,"featured_media":0,"parent":8,"menu_order":3,"comment_status":"closed","ping_status":"closed","template":"","meta":[],"_links":{"self":[{"href":"https:\/\/villa-loches.com\/es\/wp-json\/wp\/v2\/pages\/1929"}],"collection":[{"href":"https:\/\/villa-loches.com\/es\/wp-json\/wp\/v2\/pages"}],"about":[{"href":"https:\/\/villa-loches.com\/es\/wp-json\/wp\/v2\/types\/page"}],"author":[{"embeddable":true,"href":"https:\/\/villa-loches.com\/es\/wp-json\/wp\/v2\/users\/1"}],"replies":[{"embeddable":true,"href":"https:\/\/villa-loches.com\/es\/wp-json\/wp\/v2\/comments?post=1929"}],"version-history":[{"count":36,"href":"https:\/\/villa-loches.com\/es\/wp-json\/wp\/v2\/pages\/1929\/revisions"}],"predecessor-version":[{"id":2578,"href":"https:\/\/villa-loches.com\/es\/wp-json\/wp\/v2\/pages\/1929\/revisions\/2578"}],"up":[{"embeddable":true,"href":"https:\/\/villa-loches.com\/es\/wp-json\/wp\/v2\/pages\/8"}],"wp:attachment":[{"href":"https:\/\/villa-loches.com\/es\/wp-json\/wp\/v2\/media?parent=1929"}],"curies":[{"name":"wp","href":"https:\/\/api.w.org\/{rel}","templated":true}]}}