{"id":192,"date":"2012-12-17T12:00:15","date_gmt":"2012-12-17T11:00:15","guid":{"rendered":"http:\/\/villa-loches.com\/fr\/?page_id=192"},"modified":"2024-03-29T21:09:46","modified_gmt":"2024-03-29T20:09:46","slug":"studio","status":"publish","type":"page","link":"https:\/\/villa-loches.com\/es\/description\/studio\/","title":{"rendered":"Estudio"},"content":{"rendered":"<h1>el Estudio<\/h1>\n<h3 style=\"text-align: right; font-size: 22px;\">amueblado para 2 pers<\/h3>\n<table>\n<tbody>\n<tr>\n<td>\n\n<div class=\"diapo-large center\">\n<div class=\"diapo-random\"><img decoding=\"async\" src=\"\/fr\/files\/2013\/06\/1-150x150.jpg\" alt=\"\" \/>\n<img decoding=\"async\" src=\"\/fr\/files\/2013\/06\/4-150x150.jpg\" alt=\"\" \/>\n<img decoding=\"async\" src=\"\/fr\/files\/2013\/06\/7-150x150.jpg\" alt=\"\" \/>\n<img decoding=\"async\" src=\"\/fr\/files\/2013\/06\/10-150x150.jpg\" alt=\"\" \/>\n<img decoding=\"async\" src=\"\/fr\/files\/2023\/07\/1688474660716-150x150.jpg\" alt=\"\" \/>\n<img decoding=\"async\" src=\"\/fr\/files\/2013\/06\/13-150x150.jpg\" alt=\"\" \/>\n<img decoding=\"async\" src=\"\/fr\/files\/2014\/07\/6-150x150.jpg\" alt=\"\" \/>\n<img decoding=\"async\" src=\"\/fr\/files\/2014\/07\/IMG658.jpg\" alt=\"\" height=\"150\" \/>\n<img decoding=\"async\" src=\"\/fr\/files\/2023\/04\/IMG_20230323_071859-150x150.jpg\" alt=\"\" \/>\n<img decoding=\"async\" src=\"\/fr\/files\/2023\/04\/IMG_20230407_094545-150x150.jpg\" alt=\"\" \/>\n<img decoding=\"async\" src=\"\/fr\/files\/2023\/04\/IMG_20230407_174307-150x150.jpg\" alt=\"\" \/>\n<img decoding=\"async\" src=\"\/fr\/files\/2023\/07\/1688474660731-150x150.jpg\" alt=\"\" \/>\n<img decoding=\"async\" src=\"\/fr\/files\/2023\/07\/1688474628494-150x150.jpg\" alt=\"\" \/>\n<img decoding=\"async\" src=\"\/fr\/files\/2023\/04\/IMG_20230409_143610-150x150.jpg\" alt=\"\" \/>\n<img decoding=\"async\" src=\"\/fr\/files\/2023\/04\/IMG_20230409_143617-150x150.jpg\" alt=\"\" \/>\n<img decoding=\"async\" src=\"\/fr\/files\/2023\/04\/IMG_20230409_143637-150x150.jpg\" alt=\"\" \/>\n<img decoding=\"async\" src=\"\/fr\/files\/2023\/04\/IMG_20230409_143644-150x150.jpg\" alt=\"\" \/>\n<img decoding=\"async\" src=\"\/fr\/files\/2023\/04\/1682768615433-150x150.jpg\" alt=\"\" \/>\n<img decoding=\"async\" src=\"\/fr\/files\/2023\/04\/1682768615427-150x150.jpg\" alt=\"\" \/>\n<img decoding=\"async\" src=\"\/fr\/files\/2023\/04\/1682768615422-150x150.jpg\" alt=\"\" \/>\n<img decoding=\"async\" src=\"\/fr\/files\/2023\/04\/1682768615418-150x150.jpg\" alt=\"\" \/>\n<img decoding=\"async\" src=\"\/fr\/files\/2023\/04\/1682768615411-150x150.jpg\" alt=\"\" \/><\/div>\n<div class=\"diapo-random\"><img decoding=\"async\" src=\"\/fr\/files\/2014\/07\/1-150x150.jpg\" alt=\"\" \/>\n<img decoding=\"async\" src=\"\/fr\/files\/2013\/06\/5-150x150.jpg\" alt=\"\" \/>\n<img decoding=\"async\" src=\"\/fr\/files\/2013\/06\/8-150x150.jpg\" alt=\"\" \/>\n<img decoding=\"async\" src=\"\/fr\/files\/2013\/06\/11-150x150.jpg\" alt=\"\" \/>\n<img decoding=\"async\" src=\"\/fr\/files\/2013\/06\/14-150x150.jpg\" alt=\"\" \/>\n<img decoding=\"async\" src=\"\/fr\/files\/2013\/06\/17-150x150.jpg\" alt=\"\" \/>\n<img decoding=\"async\" src=\"\/fr\/files\/2014\/07\/IMG661.jpg\" alt=\"\" height=\"150\" \/>\n<img decoding=\"async\" src=\"\/fr\/files\/2023\/04\/IMG_20230409_143655-150x150.jpg\" alt=\"\" \/>\n<img decoding=\"async\" src=\"\/fr\/files\/2023\/04\/IMG_20230409_143743-150x150.jpg\" alt=\"\" \/>\n<img decoding=\"async\" src=\"\/fr\/files\/2023\/04\/IMG_20230409_144908-150x150.jpg\" alt=\"\" \/>\n<img decoding=\"async\" src=\"\/fr\/files\/2023\/04\/IMG_20230409_144953-150x150.jpg\" alt=\"\" \/>\n<img decoding=\"async\" src=\"\/fr\/files\/2023\/05\/1682768594097-150x150.jpg\" alt=\"\" \/>\n<img decoding=\"async\" src=\"\/fr\/files\/2023\/05\/1682768594102-150x150.jpg\" alt=\"\" \/>\n<img decoding=\"async\" src=\"\/fr\/files\/2023\/05\/1682768594106-150x150.jpg\" alt=\"\" \/>\n<img decoding=\"async\" src=\"\/fr\/files\/2023\/05\/1682795144537-150x150.jpg\" alt=\"\" \/>\n<img decoding=\"async\" src=\"\/fr\/files\/2023\/05\/1682768615437-150x150.jpg\" alt=\"\" \/>\n<img decoding=\"async\" src=\"\/fr\/files\/2023\/05\/1682768570796-150x150.jpg\" alt=\"\" \/><\/div>\n<div class=\"diapo-random\"><img decoding=\"async\" src=\"\/fr\/files\/2014\/07\/2-150x150.jpg\" alt=\"\" \/>\n<img decoding=\"async\" src=\"\/fr\/files\/2013\/06\/6-150x150.jpg\" alt=\"\" \/>\n<img decoding=\"async\" src=\"\/fr\/files\/2013\/06\/9-150x150.jpg\" alt=\"\" \/>\n<img decoding=\"async\" src=\"\/fr\/files\/2013\/06\/12-150x150.jpg\" alt=\"\" \/>\n<img decoding=\"async\" src=\"\/fr\/files\/2013\/06\/15-150x150.jpg\" alt=\"\" \/>\n<img decoding=\"async\" src=\"\/fr\/files\/2023\/07\/1688474628502-150x150.jpg\" alt=\"\" \/>\n<img decoding=\"async\" src=\"\/fr\/files\/2023\/07\/1688474660720-150x150.jpg\" alt=\"\" \/>\n<img decoding=\"async\" src=\"\/fr\/files\/2014\/07\/5-150x150.jpg\" alt=\"\" \/>\n<img decoding=\"async\" src=\"\/fr\/files\/2014\/07\/IMG663.jpg\" alt=\"\" width=\"150\" \/>\n<img decoding=\"async\" src=\"\/fr\/files\/2014\/07\/IMG664.jpg\" alt=\"\" height=\"150\" \/>\n<img decoding=\"async\" src=\"\/fr\/files\/2023\/04\/IMG_20230409_145047-150x150.jpg\" alt=\"\" \/>\n<img decoding=\"async\" src=\"\/fr\/files\/2023\/04\/IMG_20230409_145119-150x150.jpg\" alt=\"\" \/>\n<img decoding=\"async\" src=\"\/fr\/files\/2023\/04\/IMG_20230409_145144-150x150.jpg\" alt=\"\" \/>\n<img decoding=\"async\" src=\"\/fr\/files\/2023\/05\/1682768570803-150x150.jpg\" alt=\"\" \/>\n<img decoding=\"async\" src=\"\/fr\/files\/2023\/05\/1682768594118-150x150.jpg\" alt=\"\" \/>\n<img decoding=\"async\" src=\"\/fr\/files\/2023\/05\/1682768570776-150x150.jpg\" alt=\"\" \/>\n<img decoding=\"async\" src=\"\/fr\/files\/2023\/05\/1682768570789-150x150.jpg\" alt=\"\" \/>\n<img decoding=\"async\" src=\"\/fr\/files\/2023\/05\/1682768570783-150x150.jpg\" alt=\"\" \/>\n<img decoding=\"async\" src=\"\/fr\/files\/2023\/05\/1682768594114-150x150.jpg\" alt=\"\" \/><\/div>\n<\/div>\n<\/td>\n<\/tr>\n<tr>\n<td class=\"center\"><a class=\"dyna\" href=\"#description\">Descripci\u00f3n<\/a> <a class=\"dyna\" href=\"#services\">Servicios<\/a> <a class=\"dyna\" href=\"#reglement\">Reglamento<\/a><\/td>\n<\/tr>\n<\/tbody>\n<\/table>\n<div class=\"description block-with-border\">\n<ul>\n<li>una habitaci\u00f3n principal:\n<ul>\n<li>mini cocina con nevera, 2 placas de inducci\u00f3n, horno multifunci\u00f3n, cafetera, hervidor de agua, tostadora, vajillas y ustensilio de cocina<\/li>\n<li>mesa con sillas<\/li>\n<li>2 sillones<\/li>\n<li>televisi\u00f3n TNT et DVD<\/li>\n<li>cama doble de 160\u00d7200 cm<\/li>\n<\/ul>\n<\/li>\n<li>un cuarto de ba\u00f1o con ducha y aseo<\/li>\n<\/ul>\n<\/div>\n<div class=\"services block-with-border\">\n<ul>\n<li>Servicios inclu\u00eddos\n<ul>\n<li>s\u00e1banas, toallas de ba\u00f1o, ropa de casa<\/li>\n<li>acceso a internet con fibra<\/li>\n<li>cargos de electricidad, calefacci\u00f3n, agua<\/li>\n<li>lavander\u00eda disponible con lavarropas y secadora, pero tambi\u00e9n tenemos un tendedero en el jard\u00edn (que poes\u00eda colgar la ropa bajo el sol\u2026)<\/li>\n<li>fregona con cubo y escurridor; aspirador; plancha para ropa<\/li>\n<li>adaptador el\u00e9ctrico bajo petici\u00f3n<\/li>\n<li>secador de pelo el\u00e9ctrico<\/li>\n<li>si usted llega a la estaci\u00f3n de Loches, bajo petici\u00f3n, transf\u00e9r desde la estaci\u00f3n de Loches hasta la Villa o hasta el servicio de alquiler de coches<\/li>\n<\/ul>\n<\/li>\n<li>Servicios bajo petici\u00f3n\n<ul>\n<li>desayuno Real\u2026<\/li>\n<li>cesta de picnic<\/li>\n<li>pan caliente y croissants de panader\u00eda por la ma\u00f1ana<\/li>\n<li>productos del pa\u00eds en el mercado (quesos, verduras, frutas, huevos, carnes, charcuter\u00eda, mermeladas, miel, panes especificos, tartas, ecc.) segun su gana, le esperan en el estudio<\/li>\n<li>mascotas admitidas bajo petici\u00f3n (\u00a1 tenemos una gata y una perrita en casa !)<\/li>\n<li>aparcamiento privado para motos y bicicletas<\/li>\n<li>equipamiento para beb\u00e9s (silla alta, cama, ba\u00f1era, pelela)<\/li>\n<li>servicio de limpieza<\/li>\n<li>productos de limpieza<\/li>\n<li>si usted llega a la estaci\u00f3n de Tours o de Amboise, servicio de taxi por Loches hasta la Villa o hasta el mostrador de alquiler de coches.<\/li>\n<li>ni\u00f1era por la noche (una cena rom\u00e1ntica o una noche de teatro o\u2026 \u00bfinclusos las ambas cosas?)<\/li>\n<li>clases de italiano&#8230; <a href=\"\/fr\/parfaire-son-italien\/\">(voir section d\u00e9di\u00e9e)<\/a><\/li>\n<\/ul>\n<\/li>\n<\/ul>\n<p><span style=\"color: black; font-style: italic;\">Y fuera de la propiedad: plazas de aparcamiento p\u00fablico gratis muy pr\u00e1cticas y a pocos minutos andando tiene todas las comodidades (tiendas, restaurantes, atracciones, mercado de productos locales, estaci\u00f3n de tren, r\u00edo&#8230;)<\/span><\/p>\n<\/div>\n<div class=\"reglement block-with-border\">\n<ul>\n<li>La casa es para no fumadores<\/li>\n<li>Se aceptan mascotas por 5 \u20ac al d\u00eda. No se les pueden dejar solos en el alojamiento. Tiene que proteger camas y sof\u00e1s<\/li>\n<li>Se realiza recogida selectiva de residuos<\/li>\n<\/ul>\n<\/div>\n","protected":false},"excerpt":{"rendered":"<p>el Estudio amueblado para 2 pers Descripci\u00f3n Servicios Reglamento una habitaci\u00f3n principal: mini cocina con nevera, 2 placas de inducci\u00f3n, horno multifunci\u00f3n, cafetera, hervidor de agua, tostadora, vajillas y ustensilio de cocina mesa con sillas 2 sillones televisi\u00f3n TNT et DVD cama doble de 160\u00d7200 cm un cuarto de ba\u00f1o con ducha y aseo Servicios [&hellip;]<\/p>\n","protected":false},"author":1,"featured_media":0,"parent":8,"menu_order":1,"comment_status":"closed","ping_status":"closed","template":"","meta":[],"_links":{"self":[{"href":"https:\/\/villa-loches.com\/es\/wp-json\/wp\/v2\/pages\/192"}],"collection":[{"href":"https:\/\/villa-loches.com\/es\/wp-json\/wp\/v2\/pages"}],"about":[{"href":"https:\/\/villa-loches.com\/es\/wp-json\/wp\/v2\/types\/page"}],"author":[{"embeddable":true,"href":"https:\/\/villa-loches.com\/es\/wp-json\/wp\/v2\/users\/1"}],"replies":[{"embeddable":true,"href":"https:\/\/villa-loches.com\/es\/wp-json\/wp\/v2\/comments?post=192"}],"version-history":[{"count":94,"href":"https:\/\/villa-loches.com\/es\/wp-json\/wp\/v2\/pages\/192\/revisions"}],"predecessor-version":[{"id":2575,"href":"https:\/\/villa-loches.com\/es\/wp-json\/wp\/v2\/pages\/192\/revisions\/2575"}],"up":[{"embeddable":true,"href":"https:\/\/villa-loches.com\/es\/wp-json\/wp\/v2\/pages\/8"}],"wp:attachment":[{"href":"https:\/\/villa-loches.com\/es\/wp-json\/wp\/v2\/media?parent=192"}],"curies":[{"name":"wp","href":"https:\/\/api.w.org\/{rel}","templated":true}]}}