{"id":190,"date":"2012-12-17T11:59:59","date_gmt":"2012-12-17T10:59:59","guid":{"rendered":"http:\/\/villa-loches.com\/fr\/?page_id=190"},"modified":"2024-03-29T21:07:22","modified_gmt":"2024-03-29T20:07:22","slug":"appartement","status":"publish","type":"page","link":"https:\/\/villa-loches.com\/es\/description\/appartement\/","title":{"rendered":"Piso"},"content":{"rendered":"<h1>el Piso<\/h1>\n<h3 style=\"text-align: right; font-size: 22px;\">\u00a0amueblado 3 estrellas para 5 pers<\/h3>\n<table>\n<tbody>\n<tr>\n<td>\n\n<div class=\"diapo-large center\">\n<div class=\"diapo-random\"><img decoding=\"async\" src=\"\/fr\/files\/2013\/05\/1-150x150.jpg\" alt=\"\" \/>\n<img decoding=\"async\" src=\"\/fr\/files\/2013\/05\/5-150x150.jpg\" alt=\"\" \/>\n<img decoding=\"async\" src=\"\/fr\/files\/2013\/05\/6-150x150.jpg\" alt=\"\" \/>\n<img decoding=\"async\" src=\"\/fr\/files\/2013\/05\/7-150x150.jpg\" alt=\"\" \/>\n<img decoding=\"async\" src=\"\/fr\/files\/2013\/05\/8-150x150.jpg\" alt=\"\" \/>\n<img decoding=\"async\" src=\"\/fr\/files\/2013\/05\/17-150x150.jpg\" alt=\"\" \/>\n<img decoding=\"async\" src=\"\/fr\/files\/2023\/04\/IMG_20230409_140235-150x150.jpg\" alt=\"\" \/>\n<img decoding=\"async\" src=\"\/fr\/files\/2023\/04\/IMG_20230409_140245-150x150.jpg\" alt=\"\" \/>\n<img decoding=\"async\" src=\"\/fr\/files\/2023\/04\/IMG_20230409_140301-150x150.jpg\" alt=\"\" \/>\n<img decoding=\"async\" src=\"\/fr\/files\/2023\/04\/IMG_20230409_140314-150x150.jpg\" alt=\"\" \/>\n<img decoding=\"async\" src=\"\/fr\/files\/2023\/04\/IMG_20230409_140345-150x150.jpg\" alt=\"\" \/>\n<img decoding=\"async\" src=\"\/fr\/files\/2023\/04\/IMG_20230409_140406-150x150.jpg\" alt=\"\" \/>\n<img decoding=\"async\" src=\"\/fr\/files\/2023\/04\/IMG_20230409_140438-150x150.jpg\" alt=\"\" \/>\n<img decoding=\"async\" src=\"\/fr\/files\/2023\/04\/IMG_20230409_140638-150x150.jpg\" alt=\"\" \/>\n<img decoding=\"async\" src=\"\/fr\/files\/2023\/04\/IMG_20230409_140706-150x150.jpg\" alt=\"\" \/>\n<img decoding=\"async\" src=\"\/fr\/files\/2023\/04\/IMG_20230409_140826-150x150.jpg\" alt=\"\" \/>\n<img decoding=\"async\" src=\"\/fr\/files\/2023\/04\/IMG_20230409_140859-150x150.jpg\" alt=\"\" \/><\/div>\n<div class=\"diapo-random\"><img decoding=\"async\" src=\"\/fr\/files\/2013\/05\/9-150x150.jpg\" alt=\"\" \/>\n<img decoding=\"async\" src=\"\/fr\/files\/2013\/05\/10-150x150.jpg\" alt=\"\" \/>\n<img decoding=\"async\" src=\"\/fr\/files\/2013\/05\/2-150x150.jpg\" alt=\"\" \/>\n<img decoding=\"async\" src=\"\/fr\/files\/2013\/05\/11-150x150.jpg\" alt=\"\" \/>\n<img decoding=\"async\" src=\"\/fr\/files\/2013\/05\/12-150x150.jpg\" alt=\"\" \/>\n<img decoding=\"async\" src=\"\/fr\/files\/2013\/05\/18-150x150.jpg\" alt=\"\" \/>\n<img decoding=\"async\" src=\"\/fr\/files\/2023\/04\/IMG_20230323_071859-150x150.jpg\" alt=\"\" \/>\n<img decoding=\"async\" src=\"\/fr\/files\/2023\/04\/IMG_20230407_174311-150x150.jpg\" alt=\"\" \/>\n<img decoding=\"async\" src=\"\/fr\/files\/2023\/04\/IMG_20230407_174510-150x150.jpg\" alt=\"\" \/>\n<img decoding=\"async\" src=\"\/fr\/files\/2023\/04\/IMG_20230409_143547-150x150.jpg\" alt=\"\" \/>\n<img decoding=\"async\" src=\"\/fr\/files\/2023\/04\/IMG_20230409_143600-150x150.jpg\" alt=\"\" \/>\n<img decoding=\"async\" src=\"\/fr\/files\/2023\/04\/IMG_20230409_143625-150x150.jpg\" alt=\"\" \/>\n<img decoding=\"async\" src=\"\/fr\/files\/2023\/04\/IMG_20230409_143707-150x150.jpg\" alt=\"\" \/>\n<img decoding=\"async\" src=\"\/fr\/files\/2023\/04\/IMG_20230409_145056-150x150.jpg\" alt=\"\" \/>\n<img decoding=\"async\" src=\"\/fr\/files\/2023\/04\/IMG_20230409_145108-150x150.jpg\" alt=\"\" \/>\n<img decoding=\"async\" src=\"\/fr\/files\/2023\/04\/IMG_20230409_145129-150x150.jpg\" alt=\"\" \/><\/div>\n<div class=\"diapo-random\"><img decoding=\"async\" src=\"\/fr\/files\/2013\/05\/13-150x150.jpg\" alt=\"\" \/>\n<img decoding=\"async\" src=\"\/fr\/files\/2013\/05\/3-150x150.jpg\" alt=\"\" \/>\n<img decoding=\"async\" src=\"\/fr\/files\/2013\/05\/4-150x150.jpg\" alt=\"\" \/>\n<img decoding=\"async\" src=\"\/fr\/files\/2013\/05\/14-150x150.jpg\" alt=\"\" \/>\n<img decoding=\"async\" src=\"\/fr\/files\/2013\/05\/15-150x150.jpg\" alt=\"\" \/>\n<img decoding=\"async\" src=\"\/fr\/files\/2013\/05\/16-150x150.jpg\" alt=\"\" \/><\/div>\n<\/div>\n<\/td>\n<\/tr>\n<tr>\n<td class=\"center\"><a class=\"dyna\" href=\"#description\">Descripci\u00f3n<\/a> <a class=\"dyna\" href=\"#services\">Servicios<\/a> <a class=\"dyna\" href=\"#reglement\">Reglamento<\/a><\/td>\n<\/tr>\n<\/tbody>\n<\/table>\n<div class=\"description block-with-border\">\n<ul>\n<li>una sala de entrada:\n<ul>\n<li>sof\u00e1-cama de 160\u00d7200 cm<\/li>\n<li>televisi\u00f3n TNT et DVD<\/li>\n<\/ul>\n<\/li>\n<li>el sal\u00f3n \u2013 comedor:\n<ul>\n<li>sof\u00e1<\/li>\n<li>estanter\u00eda-biblioteca<\/li>\n<li>mesa extensible con sillas<\/li>\n<\/ul>\n<\/li>\n<li>una cocina:\n<ul>\n<li>nevera con congelador<\/li>\n<li>placa de inducci\u00f3n (4)<\/li>\n<li>horno<\/li>\n<li>microondas<\/li>\n<li>lavavajillas<\/li>\n<li>cafetera, hervidor de agua, tostadora<\/li>\n<li>vajillas y ustensilio de cocina<\/li>\n<\/ul>\n<\/li>\n<li>una habitaci\u00f3n:\n<ul>\n<li>cama doble de 160\u00d7200 cm<\/li>\n<li>cama sencilla de 90\u00d7190 cm<\/li>\n<\/ul>\n<\/li>\n<li>un cuarto de ba\u00f1o con ba\u00f1ero y aseo separado<\/li>\n<\/ul>\n<\/div>\n<div class=\"services block-with-border\">\n<ul>\n<li>Servicios inclu\u00eddos\n<ul>\n<li>s\u00e1banas, toallas de ba\u00f1o, ropa de casa<\/li>\n<li>acceso a internet con fibra<\/li>\n<li>cargos de electricidad, calefacci\u00f3n, agua<\/li>\n<li>lavander\u00eda disponible con lavarropas y secadora, pero tambi\u00e9n tenemos un tendedero en el jard\u00edn (que poes\u00eda colgar la ropa bajo el sol\u2026)<\/li>\n<li>fregona con cubo y escurridor; aspirador; plancha para ropa<\/li>\n<li>adaptador el\u00e9ctrico bajo petici\u00f3n<\/li>\n<li>secador de pelo el\u00e9ctrico<\/li>\n<li>si usted llega a la estaci\u00f3n de Loches, bajo petici\u00f3n, transf\u00e9r desde la estaci\u00f3n de Loches hasta la Villa o hasta el servicio de alquiler de coche.<\/li>\n<\/ul>\n<\/li>\n<li>Servicios bajo petici\u00f3n\n<ul>\n<li>desayuno Real\u2026<\/li>\n<li>cesta de picnic<\/li>\n<li>pan caliente y croissants de panader\u00eda por la ma\u00f1ana<\/li>\n<li>productos del pa\u00eds\/del rinc\u00f3n comprados en el mercado (quesos, verduras, frutas, huevos, carnes, charcuter\u00eda, mermeladas, miel, panes espec\u00edficos, tartas, ecc.) seg\u00fan su gana, le esperan en el piso.<\/li>\n<li>mascotas admi tidas bajo petici\u00f3n (\u00a1 tenemos una gata y una perrita en casa !)<\/li>\n<li>aparcamiento privado para motos y bicicletas<\/li>\n<li>equipamiento para beb\u00e9s ( silla alta, cama, ba\u00f1era, pelela)<\/li>\n<li>servicio de limpieza<\/li>\n<li>productos de limpieza<\/li>\n<li>si usted llega a la estaci\u00f3n de Tours o de Amboise, servicio de taxi para Loches hasta La Villa o hasta el servicio <span style=\"font-size: medium;\">de alquiler de coches.<\/span><\/li>\n<li>ni\u00f1era por la noche (por una cena rom\u00e1ntica o una tarde de teatro o\u2026 \u00bfinclusos las dos cosas?)<\/li>\n<li>clases de italiano\u2026\u00a0<a href=\"\/fr\/parfaire-son-italien\/\">(voir section d\u00e9di\u00e9e)<\/a><\/li>\n<\/ul>\n<\/li>\n<\/ul>\n<p><span style=\"color: black; font-style: italic;\">Y fuera de la propiedad: plazas de aparcamiento p\u00fablico gratis pr\u00e1cticas y a pocos minutos andando tiene todas las comodidades (tiendas, restaurantes, atracciones, mercado de productos locales, estaci\u00f3n de tren, r\u00edo&#8230;)<\/span><\/p>\n<\/div>\n<div class=\"reglement block-with-border\">\n<ul>\n<li>La casa es para no fumadores<\/li>\n<li>Se aceptan mascotas por 5 \u20ac al d\u00eda. No se les pueden dejar solos en el alojamiento. Tiene que proteger camas y sof\u00e1s<\/li>\n<li>Se realiza recogida selectiva de residuos<\/li>\n<\/ul>\n<\/div>\n","protected":false},"excerpt":{"rendered":"<p>el Piso \u00a0amueblado 3 estrellas para 5 pers Descripci\u00f3n Servicios Reglamento una sala de entrada: sof\u00e1-cama de 160\u00d7200 cm televisi\u00f3n TNT et DVD el sal\u00f3n \u2013 comedor: sof\u00e1 estanter\u00eda-biblioteca mesa extensible con sillas una cocina: nevera con congelador placa de inducci\u00f3n (4) horno microondas lavavajillas cafetera, hervidor de agua, tostadora vajillas y ustensilio de cocina [&hellip;]<\/p>\n","protected":false},"author":1,"featured_media":0,"parent":8,"menu_order":0,"comment_status":"closed","ping_status":"closed","template":"","meta":[],"_links":{"self":[{"href":"https:\/\/villa-loches.com\/es\/wp-json\/wp\/v2\/pages\/190"}],"collection":[{"href":"https:\/\/villa-loches.com\/es\/wp-json\/wp\/v2\/pages"}],"about":[{"href":"https:\/\/villa-loches.com\/es\/wp-json\/wp\/v2\/types\/page"}],"author":[{"embeddable":true,"href":"https:\/\/villa-loches.com\/es\/wp-json\/wp\/v2\/users\/1"}],"replies":[{"embeddable":true,"href":"https:\/\/villa-loches.com\/es\/wp-json\/wp\/v2\/comments?post=190"}],"version-history":[{"count":80,"href":"https:\/\/villa-loches.com\/es\/wp-json\/wp\/v2\/pages\/190\/revisions"}],"predecessor-version":[{"id":2573,"href":"https:\/\/villa-loches.com\/es\/wp-json\/wp\/v2\/pages\/190\/revisions\/2573"}],"up":[{"embeddable":true,"href":"https:\/\/villa-loches.com\/es\/wp-json\/wp\/v2\/pages\/8"}],"wp:attachment":[{"href":"https:\/\/villa-loches.com\/es\/wp-json\/wp\/v2\/media?parent=190"}],"curies":[{"name":"wp","href":"https:\/\/api.w.org\/{rel}","templated":true}]}}