{"id":1801,"date":"2019-06-04T08:24:03","date_gmt":"2019-06-04T07:24:03","guid":{"rendered":"http:\/\/villa-loches.com\/fr\/?page_id=1801"},"modified":"2024-02-25T18:47:24","modified_gmt":"2024-02-25T17:47:24","slug":"confitures-extra","status":"publish","type":"page","link":"https:\/\/villa-loches.com\/es\/confitures-extra\/","title":{"rendered":"Marmeladas Extras"},"content":{"rendered":"<h1>Marmeladas Extras<\/h1>\n<h3 style=\"text-align: right; font-size: 22px;\">en la Villa, Silvia elabora marmeladas que conservan el sabor entero de las frutas reci\u00e9n recolectadas bajo el sol, con un porcentaje bajo en az\u00facar (siempre inferior al 30%) y que alternan aromas cl\u00e1sicos y combinaciones ex\u00f3ticas&#8230;<\/h3>\n<table>\n<tbody>\n<tr>\n<td>\n\n<div class=\"diapo-large center\">\n<div class=\"diapo-random\"><img decoding=\"async\" src=\"\/fr\/files\/2019\/06\/arance-noce-di-cocco-150x150.jpg\" \/>\n<img decoding=\"async\" src=\"\/fr\/files\/2019\/06\/arance-cranberry-cannella-150x150.jpg\" \/>\n<img decoding=\"async\" src=\"\/fr\/files\/2019\/06\/mele-the-vaniglia-mandorle-150x150.jpg\" \/><\/div>\n<div class=\"diapo-random\"><img decoding=\"async\" src=\"\/fr\/files\/2019\/06\/insieme-davanzale-150x150.jpg\" \/>\n<img decoding=\"async\" src=\"\/fr\/files\/2019\/06\/arance-noce-moscata-150x150.jpg\" \/>\n<img decoding=\"async\" src=\"\/fr\/files\/2019\/06\/insieme-balcone-150x150.jpg\" \/><\/div>\n<div class=\"diapo-random\"><img decoding=\"async\" src=\"\/fr\/files\/2019\/06\/fichi-150x150.jpg\" \/>\n<img decoding=\"async\" src=\"\/fr\/files\/2019\/06\/arance-zenzero-150x150.jpg\" \/><\/div>\n<\/div>\n<\/td>\n<\/tr>\n<tr>\n<td class=\"center\"><\/td>\n<\/tr>\n<\/tbody>\n<\/table>\n<div class=\"description block-with-border\" style=\"display: block;\">\n<p align=\"left\">\n<ul>\n<li><span style=\"color: #000000;\"><span style=\"font-size: medium;\">peras <\/span><\/span><\/li>\n<li><span style=\"color: #000000;\"><span style=\"font-size: medium;\">peras \u2013 pl\u00e1tanos \u2013 canela<\/span><\/span><\/li>\n<li><span style=\"color: #000000;\"><span style=\"font-size: medium;\">manzanas<\/span><\/span><\/li>\n<li><span style=\"color: #000000;\"><span style=\"font-size: medium;\">manzanas \u2013 kiwis<\/span><\/span><\/li>\n<li><span style=\"color: #000000;\"><span style=\"font-size: medium;\">manzanas \u2013 t\u00e9 de vanilla \u2013 almendras<\/span><\/span><\/li>\n<li><span style=\"color: #000000;\"><span style=\"font-size: medium;\">manzanas \u2013 naranjas \u2013 4 especias<\/span><\/span><\/li>\n<li><span style=\"color: #000000;\"><span style=\"font-size: medium;\">jalea de manzanas<\/span><\/span><\/li>\n<li><span style=\"color: #000000;\"><span style=\"font-size: medium;\">mirabeles<\/span><\/span><\/li>\n<li><span style=\"color: #000000;\"><span style=\"font-size: medium;\">ciruelas S.te Catherine<\/span><\/span><\/li>\n<li><span style=\"color: #000000;\"><span style=\"font-size: medium;\">Reina Claudia<\/span><\/span><\/li>\n<li><span style=\"color: #000000;\"><span style=\"font-size: medium;\">ciruelo silvestre<\/span><\/span><\/li>\n<li><span style=\"color: #000000;\"><span style=\"font-size: medium;\">clementinas<\/span><\/span><\/li>\n<li><span style=\"color: #000000;\"><span style=\"font-size: medium;\">higos<\/span><\/span><\/li>\n<li><span style=\"color: #000000;\"><span style=\"font-size: medium;\">higos \u2013 vanilla<\/span><\/span><\/li>\n<li><span style=\"color: #000000;\"><span style=\"font-size: medium;\">higos \u2013 pl\u00e1tanos<\/span><\/span><\/li>\n<li><span style=\"color: #000000;\"><span style=\"font-size: medium;\">higos \u2013 <\/span><\/span><span style=\"color: #222222;\"><span style=\"font-size: medium;\">melocotones<\/span><\/span> <span style=\"color: #222222;\"><span style=\"font-size: medium;\">de vi\u00f1edo<\/span><\/span><\/li>\n<li><span style=\"color: #000000;\"><span style=\"font-size: medium;\">higos \u2013 albaricoques<\/span><\/span><\/li>\n<li><span style=\"color: #000000;\"><span style=\"font-size: medium;\">higos \u2013 ron<\/span><\/span><\/li>\n<li><span style=\"color: #000000;\"><span style=\"font-size: medium;\">higos \u2013 4 especias<\/span><\/span><\/li>\n<li><span style=\"color: #000000;\"><span style=\"font-size: medium;\">higos \u2013 nueces<\/span><\/span><\/li>\n<li><span style=\"color: #000000;\"><span style=\"font-size: medium;\">albaricoques<\/span><\/span><\/li>\n<li><span style=\"color: #000000;\"><span style=\"font-size: medium;\">albaricoques \u2013 nectarinas<\/span><\/span><\/li>\n<li><span style=\"color: #000000;\"><span style=\"font-size: medium;\">zanahorias \u2013 zumo de c\u00edtricos &#8211; almendras<\/span><\/span><\/li>\n<li><span style=\"color: #000000;\"><span style=\"font-size: medium;\">naranja<\/span><\/span><\/li>\n<li><span style=\"color: #000000;\"><span style=\"font-size: medium;\">naranja \u2013 jengibre<\/span><\/span><\/li>\n<li><span style=\"color: #000000;\"><span style=\"font-size: medium;\">naranja \u2013 nuez moscada<\/span><\/span><\/li>\n<li><span style=\"color: #000000;\"><span style=\"font-size: medium;\">naranja \u2013 ar\u00e1ndanos \u2013 canela<\/span><\/span><\/li>\n<li><span style=\"color: #000000;\"><span style=\"font-size: medium;\">naranja \u2013 coco<\/span><\/span><\/li>\n<li><span style=\"color: #222222;\"><span style=\"font-size: medium;\">melocotones de vi\u00f1edo<\/span><\/span><\/li>\n<li><span style=\"color: #222222;\"><span style=\"font-size: medium;\">melocotones de vi\u00f1edo<\/span><\/span><span style=\"color: #000000;\"> \u2013 <\/span><span style=\"color: #000000;\"><span style=\"font-size: medium;\">vanilla<\/span><\/span><\/li>\n<li><span style=\"color: #222222;\"><span style=\"font-size: medium;\">melocotones de vi\u00f1edo <\/span><\/span><span style=\"color: #000000;\">\u2013 <\/span><span style=\"color: #000000;\"><span style=\"font-size: medium;\">almendras<\/span><\/span><\/li>\n<li><span style=\"color: #000000;\"><span style=\"font-size: medium;\">rubarbo<\/span><\/span><\/li>\n<li><span style=\"color: #000000;\"><span style=\"font-size: medium;\">membrillo<\/span><\/span><\/li>\n<li><span style=\"color: #000000;\"><span style=\"font-size: medium;\">membrillo \u2013 ron<\/span><\/span><\/li>\n<li><span style=\"color: #000000;\"><span style=\"font-size: medium;\">membrillo \u2013 ron \u2013 pasas<\/span><\/span><\/li>\n<li><span style=\"color: #000000;\"><span style=\"font-size: medium;\">moras<\/span><\/span><\/li>\n<li><span style=\"color: #000000;\"><span style=\"font-size: medium;\">frambuesas<\/span><\/span><\/li>\n<li><span style=\"color: #000000;\"><span style=\"font-size: medium;\">jalea de uva blanca<\/span><\/span><\/li>\n<li><span style=\"color: #000000;\"><span style=\"font-size: medium;\">jalea de uva roja<\/span><\/span><\/li>\n<li><span style=\"color: #000000;\"><span style=\"font-size: medium;\">jalea de uva rosada<\/span><\/span><\/li>\n<li><span style=\"color: #000000;\"><span style=\"font-size: medium;\">jalea de pomelo<\/span><\/span><\/li>\n<li><span style=\"color: #000000;\"><span style=\"font-size: medium;\">jalea de granada<\/span><\/span><\/li>\n<li><span style=\"color: #000000;\"><span style=\"font-size: medium;\">cerezas negras<\/span><\/span><\/li>\n<li><span style=\"color: #000000;\"><span style=\"font-size: medium;\">cerezas rojas<\/span><\/span><\/li>\n<li><span style=\"color: #000000;\"><span style=\"font-size: medium;\">mango<\/span><\/span><\/li>\n<li><span style=\"color: #000000;\"><span style=\"font-size: medium;\">kiwi<\/span><\/span><\/li>\n<li><span style=\"color: #000000;\"><span style=\"font-size: medium;\">pi\u00f1a<\/span><\/span><\/li>\n<li><span style=\"color: #000000;\"><span style=\"font-size: medium;\">fruta de la pasi\u00f3n <\/span><\/span><\/li>\n<li><span style=\"color: #000000;\"><span style=\"font-size: medium;\">madro\u00f1o<\/span><\/span><\/li>\n<\/ul>\n<\/div>\n","protected":false},"excerpt":{"rendered":"<p>Marmeladas Extras en la Villa, Silvia elabora marmeladas que conservan el sabor entero de las frutas reci\u00e9n recolectadas bajo el sol, con un porcentaje bajo en az\u00facar (siempre inferior al 30%) y que alternan aromas cl\u00e1sicos y combinaciones ex\u00f3ticas&#8230; peras peras \u2013 pl\u00e1tanos \u2013 canela manzanas manzanas \u2013 kiwis manzanas \u2013 t\u00e9 de vanilla \u2013 [&hellip;]<\/p>\n","protected":false},"author":1,"featured_media":0,"parent":0,"menu_order":0,"comment_status":"closed","ping_status":"closed","template":"","meta":[],"_links":{"self":[{"href":"https:\/\/villa-loches.com\/es\/wp-json\/wp\/v2\/pages\/1801"}],"collection":[{"href":"https:\/\/villa-loches.com\/es\/wp-json\/wp\/v2\/pages"}],"about":[{"href":"https:\/\/villa-loches.com\/es\/wp-json\/wp\/v2\/types\/page"}],"author":[{"embeddable":true,"href":"https:\/\/villa-loches.com\/es\/wp-json\/wp\/v2\/users\/1"}],"replies":[{"embeddable":true,"href":"https:\/\/villa-loches.com\/es\/wp-json\/wp\/v2\/comments?post=1801"}],"version-history":[{"count":12,"href":"https:\/\/villa-loches.com\/es\/wp-json\/wp\/v2\/pages\/1801\/revisions"}],"predecessor-version":[{"id":2470,"href":"https:\/\/villa-loches.com\/es\/wp-json\/wp\/v2\/pages\/1801\/revisions\/2470"}],"wp:attachment":[{"href":"https:\/\/villa-loches.com\/es\/wp-json\/wp\/v2\/media?parent=1801"}],"curies":[{"name":"wp","href":"https:\/\/api.w.org\/{rel}","templated":true}]}}