{"id":141,"date":"2012-12-17T10:07:31","date_gmt":"2012-12-17T09:07:31","guid":{"rendered":"http:\/\/villa-loches.com\/fr\/?page_id=141"},"modified":"2024-02-25T18:14:06","modified_gmt":"2024-02-25T17:14:06","slug":"accessibilite","status":"publish","type":"page","link":"https:\/\/villa-loches.com\/es\/accessibilite\/","title":{"rendered":"C\u00f3mo llegar a la VILLA"},"content":{"rendered":"<h4 align=\"left\"><span style=\"color: #00bf63;\"><span style=\"font-size: medium;\"><b>Para quienes vienen en coche desde la autopista:<\/b><\/span><\/span><\/h4>\n<ul>\n<li><span style=\"color: #222222;\"><span style=\"font-size: medium;\">A85, salida no. 11 hacia Bl\u00e9r\u00e9\/Amboise\/Loches, direcci\u00f3n sur por la D31 durante 21 km hasta Loches;<\/span><\/span><\/li>\n<li><span style=\"color: #222222;\"><span style=\"font-size: medium;\">A20, salida no. 13 hacia Tours\/Buzan\u00e7ais, direcci\u00f3n noroeste por la D943 durante 64 km hasta Loches;<\/span><\/span><\/li>\n<li><span style=\"color: #222222;\"><span style=\"font-size: medium;\">A10, salida no. 25 hacia Sainte Maure-de-Touraine\/Chinon\/Loches, direcci\u00f3n este por la D760 durante 32 km hasta Loches.<\/span><\/span><\/li>\n<\/ul>\n<p align=\"left\"><span style=\"color: #222222;\"><span style=\"font-size: medium;\">En Loches siga siempre la indicaci\u00f3n \u00ab\u00a0Ch\u00e2teau\u00a0\u00bb, entre por la Porte Poitevine y se encontrar\u00e1 en Mail de la Poterie, la calle m\u00e1s alta de la ciudad, con las antiguas casas de la ciudadela a la izquierda y el aparcamiento al pie de las murallas a la derecha.<\/span><\/span><span style=\"color: #00bf63;\"><br \/><\/span><span style=\"color: #000000;\"><span style=\"font-size: medium;\">\u00a1 Aqu\u00ed estar\u00e1 llegado !<\/span><\/span><\/p>\n<h4 align=\"left\">\u00a0<\/h4>\n<h4 align=\"left\"><b><span style=\"color: #00bf63;\"><span style=\"font-size: medium;\">Para quienes llegan<\/span><\/span> <span style=\"color: #00bf63;\"><span style=\"font-size: medium;\">en avi\u00f3n al aterrizar<\/span><\/span> <span style=\"color: #00bf63;\"><span style=\"font-size: medium;\">en:<\/span><\/span><\/b><\/h4>\n<ul>\n<li><span style=\"color: #000000;\"><span style=\"color: #000000;\"><span style=\"font-size: medium;\">Par\u00eds: (<a href=\"http:\/\/www.aeroportsdeparis.fr\/\">aeroportsdeparis.fr<\/a><span style=\"color: initial;\">) <\/span><\/span><\/span><\/span><span style=\"color: #000000;\"><span style=\"font-size: medium;\">L\u00ednea TGV<\/span> <span style=\"font-size: medium;\">(AVE franc\u00e9s)<\/span> <span style=\"font-size: medium;\">hacia Tours \u2013 St. Pierre des Corps con salida desde el aeropuerto Charles de Gaulle, conexi\u00f3n con<\/span> <span style=\"font-size: medium;\">otros aeropuertos (todas las informaci\u00f3nes en la p\u00e1gina web)<\/span><\/span><\/li>\n<li><span style=\"color: #000000;\"><span style=\"color: #000000;\"><span style=\"font-size: medium;\">Tours: (<a href=\"http:\/\/www.tours.aeroport.fr\/\">tours.aeroport.fr<\/a>)<span style=\"color: initial;\">\u00a0vuelos desde Londres Stansted, Manchester, Southampton, Dubl\u00edn, Oporto, Marsella, Figari, Ajaccio<\/span><br \/><\/span><\/span><\/span><span style=\"color: #000000;\"><span style=\"font-size: medium;\">&#8211; b\u00fas transf\u00e9r hasta la estaci\u00f3n de Tours y desde all\u00ed tren hasta Loches (ver m\u00e1s abajo)<\/span><br \/><span style=\"font-size: medium;\">&#8211; alquiler de coches<\/span><\/span><\/li>\n<\/ul>\n<h4>\u00a0<\/h4>\n<p align=\"left\"><span style=\"color: #00bf63;\"><span style=\"font-size: medium;\"><b>Para quienes vienen en tren desde las estaciones de Tours o Ch\u00e2teauroux:<\/b><\/span><\/span><\/p>\n<p align=\"left\"><span style=\"color: #000000;\"><span style=\"font-size: medium;\">A continuaci\u00f3n encontrar\u00e1 el sitio con todas las<\/span> <span style=\"font-size: medium;\">informaciones necesarias (tenga en cuenta que entre los servicios gratuitos bajo petici\u00f3n se encuentra el<\/span> <span style=\"font-size: medium;\">transf\u00e9r<\/span> <span style=\"font-size: medium;\">desde la estaci\u00f3n de Loches a la Villa o al servicio<\/span> <span style=\"font-size: medium;\">de alquiler de coches).<\/span><\/span><\/p>\n<p><a href=\"https:\/\/www.sncf-connect.com\/train\/horaires\/loches\/tours\">https:\/\/www.sncf-connect.com\/train\/horaires\/loches\/tours<\/a><\/p>\n<p align=\"left\"><span style=\"color: #000000;\"><span style=\"font-size: medium;\">Servicios de la estaci\u00f3n: mostrador de billetes TER; autobuses y autocares; aparcamientos<\/span><\/span><span style=\"color: #000000;\"><br \/><\/span><span style=\"color: #000000;\"><span style=\"font-size: medium;\">L\u00edneas<\/span><\/span> <span style=\"color: #000000;\"><span style=\"font-size: medium;\">de servicio entre la estaci\u00f3n de Loches y la ciudad de<\/span><\/span> <span style=\"color: #000000;\"><span style=\"font-size: medium;\">Tours o la de<\/span><\/span> <span style=\"color: #000000;\"><span style=\"font-size: medium;\">Ch\u00e2teauroux<\/span><\/span><\/p>\n<p>\u00a0<\/p>\n<p>\u00a0<\/p>\n<p><center><br \/><a style=\"margin: 25px;\" href=\"\/fr\/files\/2013\/07\/lochesaccess.jpg\" target=\"_blank\" rel=\"noopener\"><img decoding=\"async\" src=\"\/fr\/files\/2013\/07\/lochesaccess.jpg\" height=\"275\" \/><\/a><a style=\"margin: 25px;\" href=\"\/fr\/files\/2013\/07\/villalochesaccess.jpg\" target=\"_blank\" rel=\"noopener\"><img decoding=\"async\" src=\"\/fr\/files\/2013\/07\/villalochesaccess.jpg\" height=\"275\" \/><\/a><\/center><\/p>\n<p>\u00a0<\/p><\/p>\n","protected":false},"excerpt":{"rendered":"<p>Para quienes vienen en coche desde la autopista: A85, salida no. 11 hacia Bl\u00e9r\u00e9\/Amboise\/Loches, direcci\u00f3n sur por la D31 durante 21 km hasta Loches; A20, salida no. 13 hacia Tours\/Buzan\u00e7ais, direcci\u00f3n noroeste por la D943 durante 64 km hasta Loches; A10, salida no. 25 hacia Sainte Maure-de-Touraine\/Chinon\/Loches, direcci\u00f3n este por la D760 durante 32 km [&hellip;]<\/p>\n","protected":false},"author":1,"featured_media":0,"parent":0,"menu_order":0,"comment_status":"closed","ping_status":"closed","template":"","meta":[],"_links":{"self":[{"href":"https:\/\/villa-loches.com\/es\/wp-json\/wp\/v2\/pages\/141"}],"collection":[{"href":"https:\/\/villa-loches.com\/es\/wp-json\/wp\/v2\/pages"}],"about":[{"href":"https:\/\/villa-loches.com\/es\/wp-json\/wp\/v2\/types\/page"}],"author":[{"embeddable":true,"href":"https:\/\/villa-loches.com\/es\/wp-json\/wp\/v2\/users\/1"}],"replies":[{"embeddable":true,"href":"https:\/\/villa-loches.com\/es\/wp-json\/wp\/v2\/comments?post=141"}],"version-history":[{"count":35,"href":"https:\/\/villa-loches.com\/es\/wp-json\/wp\/v2\/pages\/141\/revisions"}],"predecessor-version":[{"id":2460,"href":"https:\/\/villa-loches.com\/es\/wp-json\/wp\/v2\/pages\/141\/revisions\/2460"}],"wp:attachment":[{"href":"https:\/\/villa-loches.com\/es\/wp-json\/wp\/v2\/media?parent=141"}],"curies":[{"name":"wp","href":"https:\/\/api.w.org\/{rel}","templated":true}]}}