{"id":1298,"date":"2014-06-05T16:01:37","date_gmt":"2014-06-05T15:01:37","guid":{"rendered":"http:\/\/villa-loches.com\/fr\/?page_id=1298"},"modified":"2024-02-26T13:30:46","modified_gmt":"2024-02-26T12:30:46","slug":"souvenir","status":"publish","type":"page","link":"https:\/\/villa-loches.com\/es\/souvenir\/","title":{"rendered":"Recuerdos de hu\u00e9spedes"},"content":{"rendered":"<h1>Recuerdos de hu\u00e9spedes<\/h1>\n\n\n<center>\n<table style=\"width: 100%;\">\n<tbody>\n<tr>\n<td>\n<div class=\"diapo-random\"><img decoding=\"async\" src=\"\/fr\/files\/2014\/06\/Jacqueline-ao\u00fbt-2013-a.jpg\" width=\"250px\" \/>\n<img decoding=\"async\" src=\"\/fr\/files\/2014\/06\/Jacqueline-ao\u00fbt-2013-b.jpg\" width=\"250px\" \/>\n<img decoding=\"async\" src=\"\/fr\/files\/2014\/06\/Jacqueline-ao\u00fbt-2013-c.jpg\" width=\"250px\" \/>\n<img decoding=\"async\" src=\"\/fr\/files\/2014\/06\/Jacqueline-ao\u00fbt-2013-d.jpg\" width=\"250px\" \/>\n<img decoding=\"async\" src=\"\/fr\/files\/2014\/06\/Jacqueline-ao\u00fbt-2013-e.jpg\" width=\"250px\" \/>\n<img decoding=\"async\" src=\"\/fr\/files\/2014\/06\/Jacqueline-ao\u00fbt-2013-f.jpg\" width=\"250px\" \/>\n<img decoding=\"async\" src=\"\/fr\/files\/2014\/06\/Jacqueline-ao\u00fbt-2013-g.jpg\" width=\"250px\" \/>\n<img decoding=\"async\" src=\"\/fr\/files\/2014\/06\/Jacqueline-ao\u00fbt-2013-h.jpg\" width=\"250px\" \/>\n<img decoding=\"async\" src=\"\/fr\/files\/2014\/06\/Jacqueline-ao\u00fbt-2013-i.jpg\" width=\"250px\" \/>\n<img decoding=\"async\" src=\"\/fr\/files\/2014\/06\/Jacqueline-ao\u00fbt-2013-l.jpg\" width=\"250px\" \/>\n<img decoding=\"async\" src=\"\/fr\/files\/2014\/06\/Jacqueline-ao\u00fbt-2013-m.jpg\" width=\"250px\" \/>\n<img decoding=\"async\" src=\"\/fr\/files\/2014\/06\/Jacqueline-ao\u00fbt-2013-n.jpg\" width=\"250px\" \/><\/div>\n<div class=\"title-diapo\">Photo de Jacqueline Ao\u00fbt 2013<\/div><\/td>\n<td>\n<div class=\"diapo-random\"><img decoding=\"async\" src=\"\/fr\/files\/2014\/06\/Fiona-mai-2014-a.jpg\" width=\"250px\" \/>\n<img decoding=\"async\" src=\"\/fr\/files\/2014\/06\/Fiona-mai-2014-b.jpg\" width=\"250px\" \/>\n<img decoding=\"async\" src=\"\/fr\/files\/2014\/06\/Fiona-mai-2014-c.jpg\" width=\"250px\" \/>\n<img decoding=\"async\" src=\"\/fr\/files\/2014\/06\/Fiona-mai-2014-d.jpg\" width=\"250px\" \/>\n<img decoding=\"async\" src=\"\/fr\/files\/2014\/06\/Fiona-mai-2014-e.jpg\" width=\"250px\" \/><\/div>\n<div class=\"title-diapo\">Photo de Fiona Mai 2014<\/div><\/td>\n<td>\n<div class=\"diapo-random\"><img decoding=\"async\" src=\"\/fr\/files\/2014\/06\/Annick-mai-2014-a.jpg\" width=\"250px\" \/>\n<img decoding=\"async\" src=\"\/fr\/files\/2014\/06\/Annick-mai-2014-b.jpg\" width=\"250px\" \/><\/div>\n<div class=\"title-diapo\">Photo de Annick Mai 2014<\/div><\/td>\n<\/tr>\n<tr>\n<td>\n<div class=\"diapo-random\"><img decoding=\"async\" src=\"\/fr\/files\/2014\/06\/Colette-Tony-juin-2014-a.jpg\" width=\"250px\" \/>\n<img decoding=\"async\" src=\"\/fr\/files\/2014\/06\/Colette-Tony-juin-2014-b.jpg\" width=\"250px\" \/>\n<img decoding=\"async\" src=\"\/fr\/files\/2014\/06\/Colette-Tony-juin-2014-c.jpg\" width=\"250px\" \/>\n<img decoding=\"async\" src=\"\/fr\/files\/2014\/06\/Colette-Tony-juin-2014-d.jpg\" width=\"250px\" \/>\n<img decoding=\"async\" src=\"\/fr\/files\/2014\/06\/Colette-Tony-juin-2014-e.jpg\" width=\"250px\" \/>\n<img decoding=\"async\" src=\"\/fr\/files\/2014\/06\/Colette-Tony-juin-2014-f.jpg\" width=\"250px\" \/>\n<img decoding=\"async\" src=\"\/fr\/files\/2014\/06\/Colette-Tony-juin-2014-g.jpg\" width=\"250px\" \/><\/div>\n<div class=\"title-diapo\">Photo de Colette &amp; Tony Juin 2014<\/div><\/td>\n<td>\n<div class=\"diapo-random\"><img decoding=\"async\" src=\"\/fr\/files\/2014\/06\/Ruth-Neal-april-2014.jpg\" width=\"250px\" \/><\/div>\n<div class=\"title-diapo\">Photo de Ruth &amp; Neal Avril 2014<\/div><\/td>\n<td>\n<div class=\"diapo-random\"><img decoding=\"async\" src=\"\/fr\/files\/2014\/06\/Simon-mai-2013.jpg\" width=\"250px\" \/><\/div>\n<div class=\"title-diapo\">Photo de Simon Mai 2013<\/div><\/td>\n<\/tr>\n<tr>\n<td>\n<div class=\"diapo-random\"><img decoding=\"async\" src=\"\/fr\/files\/2014\/07\/FrancoisEtMarcel-1-2014.jpg\" width=\"250px\" \/>\n<img decoding=\"async\" src=\"\/fr\/files\/2014\/07\/FrancoisEtMarcel-2-2014.jpg\" width=\"250px\" \/><\/div>\n<div class=\"title-diapo\">Photo de Fran\u00e7oise &amp; Marcel Juin 2014<\/div><\/td>\n<td>\n<div class=\"diapo-random\"><img decoding=\"async\" src=\"\/fr\/files\/2014\/08\/20140803201245_IMG_4450.jpg\" width=\"250px\" \/>\n<img decoding=\"async\" src=\"\/fr\/files\/2014\/08\/20140803200705_IMG_4442.jpg\" width=\"250px\" \/>\n<img decoding=\"async\" src=\"\/fr\/files\/2014\/08\/20140803201207_IMG_4449.jpg\" width=\"250px\" \/>\n<img decoding=\"async\" src=\"\/fr\/files\/2014\/08\/20140803200604_IMG_4438.jpg\" width=\"250px\" \/><\/div>\n<div class=\"title-diapo\">Photo de Olivier Ao\u00fbt 2014<\/div><\/td>\n<td>\n<div class=\"diapo-random\"><img decoding=\"async\" src=\"\/fr\/files\/2014\/09\/P1070808.jpeg\" width=\"250px\" \/>\n<img decoding=\"async\" src=\"\/fr\/files\/2014\/09\/P1070813.jpeg\" width=\"250px\" \/>\n<img decoding=\"async\" src=\"\/fr\/files\/2014\/09\/P1070827.jpeg\" width=\"250px\" \/>\n<img decoding=\"async\" src=\"\/fr\/files\/2014\/09\/P1080045.jpeg\" width=\"250px\" \/>\n<img decoding=\"async\" src=\"\/fr\/files\/2014\/09\/P1080046.jpeg\" width=\"250px\" \/>\n<img decoding=\"async\" src=\"\/fr\/files\/2014\/09\/P1080130.jpeg\" width=\"250px\" \/><\/div>\n<div class=\"title-diapo\">Photo de Kristen &amp; Udo Septembre 2014<\/div><\/td>\n<\/tr>\n<tr>\n<td>\n<div class=\"diapo-random\"><img decoding=\"async\" src=\"\/fr\/files\/2014\/06\/Susan-april-2015-a.jpg\" width=\"250px\" \/>\n<img decoding=\"async\" src=\"\/fr\/files\/2014\/06\/Susan-april-2015-b.jpg\" width=\"250px\" \/>\n<img decoding=\"async\" src=\"\/fr\/files\/2014\/06\/Susan-april-2015-c.jpg\" width=\"250px\" \/>\n<img decoding=\"async\" src=\"\/fr\/files\/2016\/01\/Susan-april-2015-d.jpg\" width=\"250px\" \/><\/div>\n<div class=\"title-diapo\">Photo de Susan Avril 2015<\/div><\/td>\n<td>\n<div class=\"diapo-random\"><img decoding=\"async\" src=\"\/fr\/files\/2015\/06\/Bill-Pam-juin-2015-a.jpg\" width=\"250px\" \/>\n<img decoding=\"async\" src=\"\/fr\/files\/2015\/06\/Bill-Pam-juin-2015-b.jpg\" width=\"250px\" \/>\n<img decoding=\"async\" src=\"\/fr\/files\/2015\/06\/Bill-Pam-juin-2015-c.jpg\" width=\"250px\" \/>\n<img decoding=\"async\" src=\"\/fr\/files\/2015\/06\/Bill-Pam-juin-2015-d.jpg\" width=\"250px\" \/>\n<img decoding=\"async\" src=\"\/fr\/files\/2015\/06\/Bill-Pam-juin-2015-e.jpg\" width=\"250px\" \/>\n<img decoding=\"async\" src=\"\/fr\/files\/2015\/06\/Bill-Pam-juin-2015-f.jpg\" width=\"250px\" \/>\n<img decoding=\"async\" src=\"\/fr\/files\/2015\/06\/Bill-Pam-juin-2015-g.jpg\" width=\"250px\" \/>\n<img decoding=\"async\" src=\"\/fr\/files\/2015\/06\/Bill-Pam-juin-2015-h.jpg\" width=\"250px\" \/><\/div>\n<div class=\"title-diapo\">Photo de Bill &amp; Pam Juin 2015<\/div><\/td>\n<td>\n<div class=\"diapo-random\"><img decoding=\"async\" src=\"\/fr\/files\/2015\/07\/Keith-juin-2015-a.jpg\" width=\"250px\" \/>\n<img decoding=\"async\" src=\"\/fr\/files\/2015\/07\/Keith-juin-2015-b.jpg\" width=\"250px\" \/><\/div>\n<div class=\"title-diapo\">Photo de Keith Juin 2015<\/div><\/td>\n<\/tr>\n<tr>\n<td>\n<div class=\"diapo-random\"><img decoding=\"async\" src=\"\/fr\/files\/2016\/01\/Jacqui-juin-2015.jpg\" width=\"250px\" \/><\/div>\n<div class=\"title-diapo\">Photo de Jacqui Juin 2015<\/div><\/td>\n<td>\n<div class=\"diapo-random\"><img decoding=\"async\" src=\"\/fr\/files\/2016\/01\/Andrea-Steve-juillet-2015.jpg\" width=\"250px\" \/><\/div>\n<div class=\"title-diapo\">Photo de Andrea &amp; Steve July 2015<\/div><\/td>\n<td>\n<div class=\"diapo-random\"><img decoding=\"async\" src=\"\/fr\/files\/2016\/06\/1.jpg\" width=\"250px\" \/>\n<img decoding=\"async\" src=\"\/fr\/files\/2016\/06\/2.jpg\" width=\"250px\" \/>\n<img decoding=\"async\" src=\"\/fr\/files\/2016\/06\/3.jpg\" width=\"250px\" \/><\/div>\n<div class=\"title-diapo\">Photo de Michael Juin 2016<\/div><\/td>\n<\/tr>\n<tr>\n<td>\n<div class=\"diapo-random\"><img decoding=\"async\" src=\"\/fr\/files\/2016\/08\/photo2016.jpg\" width=\"250px\" \/><\/div>\n<div class=\"title-diapo\">Photo de Ken &amp; Emma Juillet 2016<\/div><\/td>\n<td>\n<div class=\"diapo-random\"><img decoding=\"async\" src=\"\/fr\/files\/2016\/08\/unnamed-1.jpg\" width=\"250px\" \/>\n<img decoding=\"async\" src=\"\/fr\/files\/2016\/08\/unnamed-2.jpg\" width=\"250px\" \/>\n<img decoding=\"async\" src=\"\/fr\/files\/2016\/08\/unnamed-3.jpg\" width=\"250px\" \/>\n<img decoding=\"async\" src=\"\/fr\/files\/2016\/08\/unnamed-4.jpg\" width=\"250px\" \/>\n<img decoding=\"async\" src=\"\/fr\/files\/2016\/08\/unnamed-5.jpg\" width=\"250px\" \/>\n<img decoding=\"async\" src=\"\/fr\/files\/2016\/08\/unnamed-6.jpg\" width=\"250px\" \/>\n<img decoding=\"async\" src=\"\/fr\/files\/2016\/08\/unnamed-7.jpg\" width=\"250px\" \/>\n<img decoding=\"async\" src=\"\/fr\/files\/2016\/08\/unnamed-8.jpg\" width=\"250px\" \/>\n<img decoding=\"async\" src=\"\/fr\/files\/2016\/08\/unnamed.jpg\" width=\"250px\" \/><\/div>\n<div class=\"title-diapo\">Photo de Audrey &amp; Julien Ao\u00fbt 2016<\/div><\/td>\n<td>\n<div class=\"diapo-random\"><img decoding=\"async\" src=\"\/fr\/files\/2016\/08\/unnamed-41.png\" width=\"250px\" \/><\/div>\n<div class=\"title-diapo\">Photo de Rob &amp; Susan Ao\u00fbt 2016<\/div><\/td>\n<\/tr>\n<tr>\n<td>\n<div class=\"diapo-random\"><img decoding=\"async\" src=\"\/fr\/files\/2016\/12\/unnamed-1.jpg\" width=\"250px\" \/>\n<img decoding=\"async\" src=\"\/fr\/files\/2016\/12\/unnamed-2.jpg\" width=\"250px\" \/>\n<img decoding=\"async\" src=\"\/fr\/files\/2016\/12\/unnamed-3.jpg\" width=\"250px\" \/>\n<img decoding=\"async\" src=\"\/fr\/files\/2016\/12\/unnamed-4.jpg\" width=\"250px\" \/>\n<img decoding=\"async\" src=\"\/fr\/files\/2016\/12\/unnamed-5.jpg\" width=\"250px\" \/>\n<img decoding=\"async\" src=\"\/fr\/files\/2016\/12\/unnamed.jpg\" width=\"250px\" \/><\/div>\n<div class=\"title-diapo\">Photo de d'Ingrid Ao\u00fbt 2016<\/div><\/td>\n<td>\n<div class=\"diapo-random\"><img decoding=\"async\" src=\"\/fr\/files\/2016\/10\/20161021_163259.jpg\" width=\"250px\" \/>\n<img decoding=\"async\" src=\"\/fr\/files\/2016\/10\/20161021_163357.jpg\" width=\"250px\" \/>\n<img decoding=\"async\" src=\"\/fr\/files\/2016\/10\/20161022_082314.jpg\" width=\"250px\" \/>\n<img decoding=\"async\" src=\"\/fr\/files\/2016\/10\/20161022_082631.jpg\" width=\"250px\" \/>\n<img decoding=\"async\" src=\"\/fr\/files\/2016\/10\/20161022_082717.jpg\" width=\"250px\" \/>\n<img decoding=\"async\" src=\"\/fr\/files\/2016\/10\/20161022_082823.jpg\" width=\"250px\" \/>\n<img decoding=\"async\" src=\"\/fr\/files\/2016\/10\/20161022_084633.jpg\" width=\"250px\" \/><\/div>\n<div class=\"title-diapo\">Photo de B\u00e9atrice Octobre 2016<\/div><\/td>\n<td>\n<div class=\"diapo-random\"><img decoding=\"async\" src=\"\/fr\/files\/2017\/04\/unnamed.jpg\" width=\"250px\" \/>\n<img decoding=\"async\" src=\"\/fr\/files\/2017\/04\/unnamed-2.jpg\" width=\"250px\" \/>\n<img decoding=\"async\" src=\"\/fr\/files\/2017\/04\/unnamed-4.jpg\" width=\"250px\" \/><\/div>\n<div class=\"title-diapo\">Photo de Vladimir Avril 2017<\/div><\/td>\n<\/tr>\n<tr>\n<td>\n<div class=\"diapo-random\"><img decoding=\"async\" src=\"\/fr\/files\/2017\/07\/Photo-de-Therry-Mai-2017.jpg\" width=\"250px\" \/><\/div>\n<div class=\"title-diapo\">Photo de Therry Mai 2017<\/div><\/td>\n<td>\n<div class=\"diapo-random\"><img decoding=\"async\" src=\"\/fr\/files\/2017\/07\/P1090097.jpg\" width=\"250px\" \/>\n<img decoding=\"async\" src=\"\/fr\/files\/2017\/07\/P1090203.jpg\" width=\"250px\" \/>\n<img decoding=\"async\" src=\"\/fr\/files\/2017\/07\/P1090204.jpg\" width=\"250px\" \/>\n<img decoding=\"async\" src=\"\/fr\/files\/2017\/07\/P1090206.jpg\" width=\"250px\" \/>\n<img decoding=\"async\" src=\"\/fr\/files\/2017\/07\/P1090207.jpg\" width=\"250px\" \/><\/div>\n<div class=\"title-diapo\">Photo de Annick Mai 2017<\/div><\/td>\n<td>\n<div class=\"diapo-random\"><img decoding=\"async\" src=\"\/fr\/files\/2017\/07\/Photo-de-Claire-Juin-2017-a.jpg\" width=\"250px\" \/>\n<img decoding=\"async\" src=\"\/fr\/files\/2017\/07\/Photo-de-Claire-Juin-2017-b.jpg\" width=\"250px\" \/><\/div>\n<div class=\"title-diapo\">Photo de Claire Juin 2017<\/div><\/td>\n<\/tr>\n<tr>\n<td>\n<div class=\"diapo-random\"><img decoding=\"async\" src=\"\/fr\/files\/2017\/11\/DSCI0268.jpg\" width=\"250px\" \/>\n<img decoding=\"async\" src=\"\/fr\/files\/2017\/11\/DSCI0269.jpg\" width=\"250px\" \/>\n<img decoding=\"async\" src=\"\/fr\/files\/2017\/11\/DSCI0033.jpg\" width=\"250px\" \/><\/div>\n<div class=\"title-diapo\">Photo de Jutta &amp; Jan Octobre 2017<\/div><\/td>\n<td>\n<div class=\"diapo-random\"><img decoding=\"async\" src=\"\/fr\/files\/2018\/08\/Nathalie-ao\u00fbt-a.jpg\" width=\"250px\" \/>\n<img decoding=\"async\" src=\"\/fr\/files\/2018\/08\/Nathalie-ao\u00fbt-b.jpg\" width=\"250px\" \/>\n<img decoding=\"async\" src=\"\/fr\/files\/2018\/08\/Nathalie-ao\u00fbt-c.jpg\" width=\"250px\" \/>\n<img decoding=\"async\" src=\"\/fr\/files\/2018\/08\/Nathalie-ao\u00fbt-d.jpg\" width=\"250px\" \/><\/div>\n<div class=\"title-diapo\">Photo de Nathalie Ao\u00fbt 2018<\/div><\/td>\n<td>\n<div class=\"diapo-random\"><img decoding=\"async\" src=\"\/fr\/files\/2018\/08\/Corinne-ao\u00fbt-2018-a.jpg\" width=\"250px\" \/>\n<img decoding=\"async\" src=\"\/fr\/files\/2018\/08\/Corinne-ao\u00fbt-2018-b.jpg\" width=\"250px\" \/>\n<img decoding=\"async\" src=\"\/fr\/files\/2018\/08\/Corinne-ao\u00fbt-2018-c.jpg\" width=\"250px\" \/>\n<img decoding=\"async\" src=\"\/fr\/files\/2018\/08\/Corinne-ao\u00fbt-2018-d.jpg\" width=\"250px\" \/><\/div>\n<div class=\"title-diapo\">Photo de Corinne Ao\u00fbt 2018<\/div><\/td>\n<\/tr>\n<tr>\n<td>\n<div class=\"diapo-random\"><img decoding=\"async\" src=\"\/fr\/files\/2018\/09\/IMG-20180909-WA0007.jpg\" width=\"250px\" \/>\n<img decoding=\"async\" src=\"\/fr\/files\/2018\/09\/IMG-20180909-WA0008.jpg\" width=\"250px\" \/>\n<img decoding=\"async\" src=\"\/fr\/files\/2018\/09\/IMG-20180909-WA0006.jpg\" width=\"250px\" \/><\/div>\n<div class=\"title-diapo\">Photo de Bertha Septembre 2018<\/div><\/td>\n<td>\n<div class=\"diapo-random\"><img decoding=\"async\" src=\"\/fr\/files\/2018\/10\/Resized_20180908_160841_791.jpg\" width=\"250px\" \/>\n<img decoding=\"async\" src=\"\/fr\/files\/2018\/10\/Resized_20180911_095457_9306.jpg\" width=\"250px\" \/>\n<img decoding=\"async\" src=\"\/fr\/files\/2018\/10\/Resized_20180908_160813_1811.jpg\" width=\"250px\" \/><\/div>\n<div class=\"title-diapo\">Photo de Marie-Paule et Jean-Marc Septembre 2018<\/div><\/td>\n<td>\n<div class=\"diapo-random\"><img decoding=\"async\" src=\"\/fr\/files\/2018\/10\/42416687_n.jpg\" width=\"250px\" \/>\n<img decoding=\"async\" src=\"\/fr\/files\/2018\/10\/42394636_n.jpg\" width=\"250px\" \/>\n<img decoding=\"async\" src=\"\/fr\/files\/2018\/10\/42414593_n.jpg\" width=\"250px\" \/><\/div>\n<div class=\"title-diapo\">Photo de Claudio Juin 2018<\/div><\/td>\n<\/tr>\n<tr>\n<td>\n<div class=\"diapo-random\"><img decoding=\"async\" src=\"\/fr\/files\/2019\/04\/Resized_20190406_145442.jpg\" width=\"250px\" \/>\n<img decoding=\"async\" src=\"\/fr\/files\/2019\/04\/Resized_20190406_145447.jpg\" width=\"250px\" \/>\n<img decoding=\"async\" src=\"\/fr\/files\/2019\/04\/Resized_20190406_145336.jpg\" width=\"250px\" \/><\/div>\n<div class=\"title-diapo\">Photo de Sylvie Avril 2019<\/div><\/td>\n<td>\n<div class=\"diapo-random\"><img decoding=\"async\" src=\"\/fr\/files\/2019\/05\/Wes-Scott-mai-2019-a.jpg\" width=\"250px\" \/>\n<img decoding=\"async\" src=\"\/fr\/files\/2019\/05\/Wes-Scott-mai-2019-b.jpg\" width=\"250px\" \/>\n<img decoding=\"async\" src=\"\/fr\/files\/2019\/05\/Wes-Scott-mai-2019-c.jpg\" width=\"250px\" \/>\n<img decoding=\"async\" src=\"\/fr\/files\/2019\/05\/Wes-Scott-mai-2019-d.jpg\" width=\"250px\" \/><\/div>\n<div class=\"title-diapo\">Photo de Wes &amp; Scott Mai 2019<\/div><\/td>\n<td>\n<div class=\"diapo-random\"><img decoding=\"async\" src=\"\/fr\/files\/2020\/08\/Photo-de-Anne-Juillet-2020.jpg\" width=\"250px\" \/><\/div>\n<div class=\"title-diapo\">Photo de Anne Juillet 2020<\/div><\/td>\n<\/tr>\n<tr>\n<td>\n<div class=\"diapo-random\"><img decoding=\"async\" src=\"\/fr\/files\/2020\/08\/Photo-de-Nadia-Ao\u00fbt-2020-a.jpg\" width=\"250px\" \/>\n<img decoding=\"async\" src=\"\/fr\/files\/2020\/08\/Photo-de-Nadia-Ao\u00fbt-2020-b.jpg\" width=\"250px\" \/>\n<img decoding=\"async\" src=\"\/fr\/files\/2020\/08\/Photo-de-Nadia-Ao\u00fbt-2020-c.jpg\" width=\"250px\" \/>\n<img decoding=\"async\" src=\"\/fr\/files\/2020\/08\/Photo-de-Nadia-Ao\u00fbt-2020-d.jpg\" width=\"250px\" \/>\n<img decoding=\"async\" src=\"\/fr\/files\/2020\/08\/Photo-de-Nadia-Ao\u00fbt-2020-e.jpg\" width=\"250px\" \/><\/div>\n<div class=\"title-diapo\">Photo de Nadia Ao\u00fbt 2020<\/div><\/td>\n<td>\n<div class=\"diapo-random\"><img decoding=\"async\" src=\"\/fr\/files\/2020\/09\/Photo-de-Julien-Ao\u00fbt-2020.jpg\" width=\"250px\" \/>\n<img decoding=\"async\" src=\"\/fr\/files\/2020\/09\/IMG_1442.jpg\" width=\"250px\" \/>\n<img decoding=\"async\" src=\"\/fr\/files\/2020\/09\/IMG_1440.jpg\" width=\"250px\" \/>\n<img decoding=\"async\" src=\"\/fr\/files\/2020\/09\/IMG_1443.jpg\" width=\"250px\" \/>\n<img decoding=\"async\" src=\"\/fr\/files\/2020\/09\/IMG_1444.jpg\" width=\"250px\" \/>\n<img decoding=\"async\" src=\"\/fr\/files\/2020\/09\/IMG_1558.jpg\" width=\"250px\" \/>\n<img decoding=\"async\" src=\"\/fr\/files\/2020\/09\/IMG_1448.jpg\" width=\"250px\" \/>\n<img decoding=\"async\" src=\"\/fr\/files\/2020\/09\/IMG_1447.jpg\" width=\"250px\" \/>\n<img decoding=\"async\" src=\"\/fr\/files\/2020\/09\/IMG_1588.jpg\" width=\"250px\" \/>\n<img decoding=\"async\" src=\"\/fr\/files\/2020\/09\/IMG_1589.jpg\" width=\"250px\" \/>\n<img decoding=\"async\" src=\"\/fr\/files\/2020\/09\/IMG_1593.jpg\" width=\"250px\" \/>\n<img decoding=\"async\" src=\"\/fr\/files\/2020\/09\/IMG_1594.jpg\" width=\"250px\" \/>\n<img decoding=\"async\" src=\"\/fr\/files\/2020\/09\/IMG_E1438.jpg\" width=\"250px\" \/><\/div>\n<div class=\"title-diapo\">Photo de Julien Ao\u00fbt 2020<\/div><\/td>\n<td>\n<div class=\"diapo-random\"><img decoding=\"async\" src=\"\/fr\/files\/2020\/10\/DSC05559.jpg\" width=\"250px\" \/><\/div>\n<div class=\"title-diapo\">Photo de Monique et Fr\u00e9d\u00e9ric Ao\u00fbt 2020<\/div><\/td>\n<\/tr>\n<tr>\n<td>\n<div class=\"diapo-random\"><img decoding=\"async\" src=\"\/fr\/files\/2022\/10\/img1.jpg\" width=\"250px\" \/>\n<img decoding=\"async\" src=\"\/fr\/files\/2022\/10\/img2.jpg\" width=\"250px\" \/>\n<img decoding=\"async\" src=\"\/fr\/files\/2022\/10\/img3.jpg\" width=\"250px\" \/>\n<img decoding=\"async\" src=\"\/fr\/files\/2022\/10\/img4.jpg\" width=\"250px\" \/>\n<img decoding=\"async\" src=\"\/fr\/files\/2022\/10\/img5.jpg\" width=\"250px\" \/>\n<img decoding=\"async\" src=\"\/fr\/files\/2022\/10\/img6.jpg\" width=\"250px\" \/>\n<img decoding=\"async\" src=\"\/fr\/files\/2022\/10\/img7.jpg\" width=\"250px\" \/>\n<img decoding=\"async\" src=\"\/fr\/files\/2022\/10\/img8.jpg\" width=\"250px\" \/>\n<img decoding=\"async\" src=\"\/fr\/files\/2022\/10\/img9.jpg\" width=\"250px\" \/>\n<img decoding=\"async\" src=\"\/fr\/files\/2022\/10\/img10.jpg\" width=\"250px\" \/><\/div>\n<div class=\"title-diapo\">Photo de Marie-Lou &amp; \u00c9ric Octobre 2022<\/div><\/td>\n<td>\n<div class=\"diapo-random\"><img decoding=\"async\" src=\"\/fr\/files\/2023\/06\/Marion-Jerome-juin-2023-a.jpg\" width=\"250px\" \/>\n<img decoding=\"async\" src=\"\/fr\/files\/2023\/06\/Marion-Jerome-juin-2023-b.jpg\" width=\"250px\" \/>\n<img decoding=\"async\" src=\"\/fr\/files\/2023\/06\/Marion-Jerome-juin-2023-c.jpg\" width=\"250px\" \/>\n<img decoding=\"async\" src=\"\/fr\/files\/2023\/06\/Marion-Jerome-juin-2023-d.jpg\" width=\"250px\" \/>\n<img decoding=\"async\" src=\"\/fr\/files\/2023\/06\/Marion-Jerome-juin-2023-e.jpg\" width=\"250px\" \/><\/div>\n<div class=\"title-diapo\">Photo de Marion &amp; J\u00e9r\u00f4me - Juin 2023<\/div><\/td>\n<td>\n<div class=\"diapo-random\"><img decoding=\"async\" src=\"\/fr\/files\/2023\/06\/Dominique-juin-2023-a.jpg\" width=\"250px\" \/>\n<img decoding=\"async\" src=\"\/fr\/files\/2023\/06\/Dominique-juin-2023-b.jpg\" width=\"250px\" \/>\n<img decoding=\"async\" src=\"\/fr\/files\/2023\/06\/Dominique-juin-2023-c.jpg\" width=\"250px\" \/>\n<img decoding=\"async\" src=\"\/fr\/files\/2023\/06\/Dominique-juin-2023-d.jpg\" width=\"250px\" \/>\n<img decoding=\"async\" src=\"\/fr\/files\/2023\/06\/Dominique-juin-2023-e.jpg\" width=\"250px\" \/>\n<img decoding=\"async\" src=\"\/fr\/files\/2023\/06\/Dominique-juin-2023-f.jpg\" width=\"250px\" \/>\n<img decoding=\"async\" src=\"\/fr\/files\/2023\/06\/Dominique-juin-2023-g.jpg\" width=\"250px\" \/>\n<img decoding=\"async\" src=\"\/fr\/files\/2023\/06\/Dominique-juin-2023-h.jpg\" width=\"250px\" \/>\n<img decoding=\"async\" src=\"\/fr\/files\/2023\/06\/Dominique-juin-2023-i.jpg\" width=\"250px\" \/>\n<img decoding=\"async\" src=\"\/fr\/files\/2023\/06\/Dominique-juin-2023-l.jpg\" width=\"250px\" \/>\n<img decoding=\"async\" src=\"\/fr\/files\/2023\/06\/Dominique-juin-2023-m.jpg\" width=\"250px\" \/>\n<img decoding=\"async\" src=\"\/fr\/files\/2023\/06\/Dominique-juin-2023-n.jpg\" width=\"250px\" \/><\/div>\n<div class=\"title-diapo\">Photo de Dominique - Juin 2023<\/div><\/td>\n<\/tr>\n<\/tbody>\n<\/table>\n<\/center>","protected":false},"excerpt":{"rendered":"<p>Recuerdos de hu\u00e9spedes Photo de Jacqueline Ao\u00fbt 2013 Photo de Fiona Mai 2014 Photo de Annick Mai 2014 Photo de Colette &amp; Tony Juin 2014 Photo de Ruth &amp; Neal Avril 2014 Photo de Simon Mai 2013 Photo de Fran\u00e7oise &amp; Marcel Juin 2014 Photo de Olivier Ao\u00fbt 2014 Photo de Kristen &amp; Udo Septembre [&hellip;]<\/p>\n","protected":false},"author":1,"featured_media":0,"parent":0,"menu_order":0,"comment_status":"closed","ping_status":"closed","template":"","meta":[],"_links":{"self":[{"href":"https:\/\/villa-loches.com\/es\/wp-json\/wp\/v2\/pages\/1298"}],"collection":[{"href":"https:\/\/villa-loches.com\/es\/wp-json\/wp\/v2\/pages"}],"about":[{"href":"https:\/\/villa-loches.com\/es\/wp-json\/wp\/v2\/types\/page"}],"author":[{"embeddable":true,"href":"https:\/\/villa-loches.com\/es\/wp-json\/wp\/v2\/users\/1"}],"replies":[{"embeddable":true,"href":"https:\/\/villa-loches.com\/es\/wp-json\/wp\/v2\/comments?post=1298"}],"version-history":[{"count":60,"href":"https:\/\/villa-loches.com\/es\/wp-json\/wp\/v2\/pages\/1298\/revisions"}],"predecessor-version":[{"id":2537,"href":"https:\/\/villa-loches.com\/es\/wp-json\/wp\/v2\/pages\/1298\/revisions\/2537"}],"wp:attachment":[{"href":"https:\/\/villa-loches.com\/es\/wp-json\/wp\/v2\/media?parent=1298"}],"curies":[{"name":"wp","href":"https:\/\/api.w.org\/{rel}","templated":true}]}}