{"id":124,"date":"2012-12-14T15:40:58","date_gmt":"2012-12-14T14:40:58","guid":{"rendered":"http:\/\/villa-loches.com\/fr\/?page_id=124"},"modified":"2024-02-25T18:31:41","modified_gmt":"2024-02-25T17:31:41","slug":"accueil","status":"publish","type":"page","link":"https:\/\/villa-loches.com\/es\/accueil\/","title":{"rendered":"Bienvenida"},"content":{"rendered":"<p style=\"text-align: center;\"><span style=\"color: #000000;\"><span style=\"font-family: Liberation Serif, serif;\"><span style=\"font-size: medium;\">Para darles<i><b> <\/b><\/i>la bienvenida encontrar\u00e1n a <em><span style=\"color: #993366;\"><b>Silvia<\/b><\/span><\/em> les recibir\u00e1<i><b> <\/b><\/i>con sus dos compa\u00f1eras de aventuras a cuatro patas,<br \/>\n<span style=\"color: #993366;\"><em><strong>Lola<\/strong><\/em><\/span> y <em><span style=\"color: #993366;\"><strong>Lilli<\/strong><\/span><\/em><\/span><\/span><\/span><\/p>\n<p class=\"gabriola line-height-adjust\" align=\"center\">\n<table>\n<tbody>\n<tr>\n<td>\n<p align=\"center\"><span style=\"color: #000000;\"><span style=\"font-family: Liberation Serif, serif;\"><span style=\"font-size: medium;\">Durante su estancia, estar\u00e1n inmerso en el pasado en pleno coraz\u00f3n de la Tierra de los Reyes, del Jard\u00edn de Francia, entre los castillos m\u00e1s famosos del Valle del Loira (Chambord, Chenonceau, Amboise o Villandry) y magn\u00edficas ciudades hist\u00f3ricas como Orleans, Blois, Tours y Chinon.<\/span><\/span><\/span><\/p>\n<\/td>\n<td><img decoding=\"async\" src=\"\/fr\/files\/2012\/12\/accueil-1.png\" alt=\"\" width=\"75\" \/><\/td>\n<\/tr>\n<\/tbody>\n<\/table>\n<table>\n<tbody>\n<tr>\n<td><img decoding=\"async\" src=\"\/fr\/files\/2012\/12\/accueil-2.png\" alt=\"\" width=\"75\" \/><\/td>\n<td>\n<p align=\"center\"><span style=\"color: #000000;\"><span style=\"font-family: Liberation Serif, serif;\"><span style=\"font-size: medium;\">Dentro de una casa que a\u00fan conserva intactos los rastros de los siglos, en parte del XVI y en parte del XVIII, se denota su sencillez, con su espl\u00e9ndida torre, que serv\u00eda en el pasado de palomar. La torre hoy alberga una escalera de 37 escalones que conduce a una de las tres entradas de la propiedad,<\/span><\/span><\/span><\/p>\n<\/td>\n<\/tr>\n<\/tbody>\n<\/table>\n<table>\n<tbody>\n<tr>\n<td>\n<p align=\"center\"><span style=\"color: #000000;\"><span style=\"font-family: Liberation Serif, serif;\"><span style=\"font-size: medium;\">los s\u00f3tanos de la casa son de origen medieval, quiz\u00e1s sirv\u00edan de viviendas trogloditas \u2013 y se extienden debajo de las murallas de la fortaleza&#8230;<\/span><\/span><\/span><\/p>\n<\/td>\n<td><img decoding=\"async\" src=\"\/fr\/files\/2012\/12\/accueil-3.png\" alt=\"\" width=\"75\" \/><\/td>\n<\/tr>\n<\/tbody>\n<\/table>\n<p align=\"center\"><span style=\"color: #000000;\"><span style=\"font-family: Liberation Serif, serif;\"><span style=\"font-size: medium;\">Cuatro apartamentos que reservar, reci\u00e9ntemente renovados con estilo que respectan las huellas del pasado; los cuatro disponen de una entrada independiente, privacidad dentro y fuera del alojamiento. Tres de ellos tienen sus propios rincones del jard\u00edn y se ven equipados con mesas y sillas para comer al aire libre. El cuarto con techo abuhardillado, y sus vigas del siglo XVI que resaltan en toda su belleza, para recordarnos la magia del pasado.<\/span><\/span><\/span><\/p>\n<p align=\"center\">\n<p align=\"center\"><span style=\"color: #000000;\"><span style=\"font-family: Liberation Serif, serif;\"><span style=\"font-size: medium;\">Un peque\u00f1o rinc\u00f3n de para\u00edso para nada aislado: nos ubicamos estamos en la parte m\u00e1s central de una de las ciudadelas medievales mejor conservadas de Europa. En su alojamiento, encontrar\u00e1n todas las informaciones necesarias para planear unas vacaciones \u00fanicas y e inolvidables.<\/span><\/span><\/span><\/p>\n","protected":false},"excerpt":{"rendered":"<p>Para darles la bienvenida encontrar\u00e1n a Silvia les recibir\u00e1 con sus dos compa\u00f1eras de aventuras a cuatro patas, Lola y Lilli Durante su estancia, estar\u00e1n inmerso en el pasado en pleno coraz\u00f3n de la Tierra de los Reyes, del Jard\u00edn de Francia, entre los castillos m\u00e1s famosos del Valle del Loira (Chambord, Chenonceau, Amboise o [&hellip;]<\/p>\n","protected":false},"author":1,"featured_media":0,"parent":0,"menu_order":0,"comment_status":"closed","ping_status":"closed","template":"","meta":[],"_links":{"self":[{"href":"https:\/\/villa-loches.com\/es\/wp-json\/wp\/v2\/pages\/124"}],"collection":[{"href":"https:\/\/villa-loches.com\/es\/wp-json\/wp\/v2\/pages"}],"about":[{"href":"https:\/\/villa-loches.com\/es\/wp-json\/wp\/v2\/types\/page"}],"author":[{"embeddable":true,"href":"https:\/\/villa-loches.com\/es\/wp-json\/wp\/v2\/users\/1"}],"replies":[{"embeddable":true,"href":"https:\/\/villa-loches.com\/es\/wp-json\/wp\/v2\/comments?post=124"}],"version-history":[{"count":43,"href":"https:\/\/villa-loches.com\/es\/wp-json\/wp\/v2\/pages\/124\/revisions"}],"predecessor-version":[{"id":2464,"href":"https:\/\/villa-loches.com\/es\/wp-json\/wp\/v2\/pages\/124\/revisions\/2464"}],"wp:attachment":[{"href":"https:\/\/villa-loches.com\/es\/wp-json\/wp\/v2\/media?parent=124"}],"curies":[{"name":"wp","href":"https:\/\/api.w.org\/{rel}","templated":true}]}}