{"id":1226,"date":"2014-02-27T09:45:51","date_gmt":"2014-02-27T08:45:51","guid":{"rendered":"http:\/\/villa-loches.com\/fr\/?page_id=1226"},"modified":"2024-02-26T13:12:01","modified_gmt":"2024-02-26T12:12:01","slug":"les-activites-en-vallee-loire-cher","status":"publish","type":"page","link":"https:\/\/villa-loches.com\/es\/les-activites-en-vallee-loire-cher\/","title":{"rendered":"Actividades de ocio"},"content":{"rendered":"<h1 class=\"corsiva\">Actividades de ocio<\/h1>\n<table>\n<tbody>\n<tr>\n<td><img decoding=\"async\" class=\"zoom-me\" src=\"\/fr\/files\/2012\/12\/histoire-8.png\" alt=\"\" width=\"105\" \/><\/td>\n<td>\n<p align=\"left\"><span style=\"color: #000000;\"><span style=\"font-size: medium;\">En<\/span> <span style=\"font-size: medium;\">las afueras del pueblo de Loches se puede disfrutar de un amplio parque de actividades deportivas: golf, pesca, paseos a pie o a caballo o en burro, rutas para ciclistas, canoa o kayak, arborismo, segways, parapente&#8230;<\/span><\/span><\/p>\n<p align=\"left\"><span style=\"color: #000000;\"><span style=\"font-size: medium;\">&#8230;.. un mont\u00f3n de<\/span> <span style=\"font-size: medium;\">atracciones: vuelos en globo aer\u00f3statico, pr\u00e1cticas y talleres, paseos en carruajes, itinerarios en barco, paseos en coches antiguos, rallyes con 2CV, parques de atracciones para toda la familia,&#8230;<\/span><\/span><\/p>\n<\/td>\n<td><img decoding=\"async\" class=\"zoom-me\" src=\"\/fr\/files\/2012\/12\/histoire-9.png\" alt=\"\" width=\"105\" \/><\/td>\n<\/tr>\n<\/tbody>\n<\/table>\n<table>\n<tbody>\n<tr>\n<td><img decoding=\"async\" src=\"\/fr\/files\/2012\/12\/histoire-10.png\" alt=\"\" width=\"105\" \/><\/td>\n<td>\n<p align=\"left\"><span style=\"color: #000000;\"><span style=\"font-size: medium;\">&#8230; festivales de m\u00fasica y teatro, balneoterapia y el nuevo parque acu\u00e1tico Natureo con una espl\u00e9ndida<\/span> <span style=\"font-size: medium;\">vista al<\/span> <span style=\"font-size: medium;\">casco antiguo.<\/span><\/span><\/p>\n<\/td>\n<\/tr>\n<\/tbody>\n<\/table>\n<div class=\"is-layout-flex wp-container-4 wp-block-columns\">\n<div class=\"is-layout-flow wp-block-column\">\n<p><strong>en <strong>detalles, <\/strong><em><strong>Actividades en la ciudad de Loches<\/strong><\/em><\/strong>:<\/p>\n<ul>\n<li>paseos por las \u201cPrairies du Roy\u201d y por el bosque estatal de Loches (que cuenta con 4.000 hect\u00e1reas)<\/li>\n<li>paseo y bosquejo en el bosque<\/li>\n<li>paseos en caballo y en burro<\/li>\n<li>paseos en coches antiguo y en carruajes<\/li>\n<li>excursiones en bicicleta y en segways<\/li>\n<li>excursiones en canoa y kayak<\/li>\n<li>pesca<\/li>\n<li>parque acu\u00e1tico Natur\u00e9o<\/li>\n<li>balneoterapia<\/li>\n<li>pr\u00e1cticas y talleres patrimoniales: vidrieras, escultura en piedra, modelado, creaci\u00f3n de blasones\u2026<\/li>\n<li>escape game en el museo Lansyer<\/li>\n<li>taller de fabricaci\u00f3n de dulces en la empresa Hallard<\/li>\n<li>mercados de productos locales franceses, que aqu\u00ed, en Loches, llenan las calles de la ciudad dos veces a la semana<\/li>\n<li>festivales de m\u00fasica y teatro<\/li>\n<\/ul>\n<div class=\"is-layout-flex wp-container-2 wp-block-columns\">\n<div class=\"is-layout-flow wp-block-column\"><\/div>\n<\/div>\n<p><strong>en <strong>detalles, <em>Actividades en los alrededores de Loches<\/em><\/strong><\/strong>:<\/p>\n<ul>\n<li>pesca y centro de ocio con parque de arborismo en Chemill\u00e9<\/li>\n<li>granja educativa\/pedag\u00f3gica en Sepmes<\/li>\n<li>museo de la Prehistoria en Grand-Pressigny<\/li>\n<li>valle troglod\u00edtico de los Goupilli\u00e8res<\/li>\n<li>museo Dufresne<\/li>\n<li>museo del coche en Valen\u00e7ay<\/li>\n<li>planetario en Tauxigny<\/li>\n<li>acuario en Lussault-sur-Loire<\/li>\n<li>las Cuevas Petrificadas P\u00e9trifiantes en Savonni\u00e8res<\/li>\n<li>cultivo de setas de Roches Ville en el pueblo de Bourr\u00e9<\/li>\n<li>visitas a bodegas en Montrichard y en Vouvray<\/li>\n<li>talleres de chocolater\u00eda de Renard en Manthelan<\/li>\n<li>talleres de naturaleza y de gastronom\u00eda en Cand\u00e9<\/li>\n<li>huerto-conservadorio de tomates del castillo de la Bourdaisi\u00e8re<\/li>\n<li>cester\u00edas de mimbre en Villaines-les-Rochers<\/li>\n<li>vuelos en globo aer\u00f3statico<\/li>\n<li>parapente<\/li>\n<li>paseos en barco por los r\u00edos<\/li>\n<li>vuelos en Ulm<\/li>\n<li>golf en Verneuil<\/li>\n<li>karting<\/li>\n<li>rallyes con 2CV<\/li>\n<li>circuito de caminata del lago de Le Louroux<\/li>\n<li>las famosas \u00abbrocante\u00bb, mercados de venta de objetos antiguos y de segunda mano<\/li>\n<li>rutas ciclotur\u00edsticas (Loire \u00e0 v\u00e9lo, Indre \u00e0 v\u00e9lo, Cher \u00e0 v\u00e9lo, Vienne \u00e0 v\u00e9lo) y excursiones (como el G.R.3 y el camino de San Martino)<\/li>\n<li>tren safari en Autr\u00e8che<\/li>\n<li>zoo de Beauval<\/li>\n<li>reserva zool\u00f3gica de la Haute-Touche<\/li>\n<li>Family Park en Sorigny<\/li>\n<li>parque de atracciones en Monts<\/li>\n<\/ul>\n<\/div>\n<\/div>\n","protected":false},"excerpt":{"rendered":"<p>Actividades de ocio En las afueras del pueblo de Loches se puede disfrutar de un amplio parque de actividades deportivas: golf, pesca, paseos a pie o a caballo o en burro, rutas para ciclistas, canoa o kayak, arborismo, segways, parapente&#8230; &#8230;.. un mont\u00f3n de atracciones: vuelos en globo aer\u00f3statico, pr\u00e1cticas y talleres, paseos en carruajes, [&hellip;]<\/p>\n","protected":false},"author":1,"featured_media":0,"parent":0,"menu_order":0,"comment_status":"closed","ping_status":"closed","template":"","meta":[],"_links":{"self":[{"href":"https:\/\/villa-loches.com\/es\/wp-json\/wp\/v2\/pages\/1226"}],"collection":[{"href":"https:\/\/villa-loches.com\/es\/wp-json\/wp\/v2\/pages"}],"about":[{"href":"https:\/\/villa-loches.com\/es\/wp-json\/wp\/v2\/types\/page"}],"author":[{"embeddable":true,"href":"https:\/\/villa-loches.com\/es\/wp-json\/wp\/v2\/users\/1"}],"replies":[{"embeddable":true,"href":"https:\/\/villa-loches.com\/es\/wp-json\/wp\/v2\/comments?post=1226"}],"version-history":[{"count":8,"href":"https:\/\/villa-loches.com\/es\/wp-json\/wp\/v2\/pages\/1226\/revisions"}],"predecessor-version":[{"id":2527,"href":"https:\/\/villa-loches.com\/es\/wp-json\/wp\/v2\/pages\/1226\/revisions\/2527"}],"wp:attachment":[{"href":"https:\/\/villa-loches.com\/es\/wp-json\/wp\/v2\/media?parent=1226"}],"curies":[{"name":"wp","href":"https:\/\/api.w.org\/{rel}","templated":true}]}}