{"id":1225,"date":"2014-02-27T09:45:53","date_gmt":"2014-02-27T08:45:53","guid":{"rendered":"http:\/\/villa-loches.com\/fr\/?page_id=1225"},"modified":"2024-02-26T13:06:33","modified_gmt":"2024-02-26T12:06:33","slug":"region-vallee-loire-cher-terroir-culture","status":"publish","type":"page","link":"https:\/\/villa-loches.com\/es\/region-vallee-loire-cher-terroir-culture\/","title":{"rendered":"La Regi\u00f3n: tierra y cultura"},"content":{"rendered":"<h1 class=\"corsiva\">La Regi\u00f3n<\/h1>\n<table>\n<tbody>\n<tr>\n<td><img decoding=\"async\" class=\"zoom-me\" src=\"\/fr\/files\/2012\/12\/histoire-4.png\" alt=\"\" width=\"105\" \/><\/td>\n<td>\n<p align=\"left\"><span style=\"color: #000000;\"><span style=\"font-size: medium;\">La ciudad es una joya<\/span> <span style=\"font-size: medium;\">en el coraz\u00f3n de la Turena, el \u00abjard\u00edn de Francia\u00bb, tierra de vi\u00f1edos, gastronom\u00eda, productos agr\u00edcoles<\/span> <span style=\"font-size: medium;\">y l\u00e1cteos. <\/span><span style=\"font-family: Liberation Serif, serif;\"><span style=\"font-size: medium;\">\u00f3<\/span><\/span><\/span><\/p>\n<p align=\"left\"><span style=\"color: #000000;\"><span style=\"font-size: medium;\">Del vino a las bodegas: un descubrimiento sin f\u00edn<\/span> <span style=\"font-size: medium;\">lejos de<\/span> <span style=\"font-size: medium;\">la masa<\/span> <span style=\"font-size: medium;\">y de las carreteras m\u00e1s transitadas, entre vi\u00f1edos y bodegas, un viaje inmerso en paisajes verdes y apacibles, que invita a conocer a los ciudadanos del pa\u00eds, su legendario esp\u00edritu de hospitalidad y su \u201cn\u00e9ctar divino\u201d. <\/span><\/span><\/p>\n<p align=\"left\"><span style=\"color: #000000;\"><span style=\"font-size: medium;\">Sin<\/span> <span style=\"font-size: medium;\">olvidar los mercados de productos locales franceses, que aqu\u00ed, en Loches, llenan las calles de la ciudad dos veces a la<\/span> <span style=\"font-size: medium;\">semana. O<\/span> <span style=\"font-size: medium;\">las famosas<\/span> <span style=\"font-size: medium;\">\u00abbrocante\u00bb, mercados de venta de objetos antiguos y de segunda mano t\u00edpicos de este pa\u00eds\u2026<\/span><\/span><\/p>\n<\/td>\n<td><img decoding=\"async\" class=\"zoom-me\" src=\"\/fr\/files\/2012\/12\/histoire-5.png\" alt=\"\" width=\"105\" data-zoom=\"2\" \/><\/td>\n<\/tr>\n<\/tbody>\n<\/table>\n<table>\n<tbody>\n<tr>\n<td><img decoding=\"async\" class=\"zoom-me\" src=\"\/fr\/files\/2012\/12\/histoire-6.png\" alt=\"\" width=\"105\" \/><\/td>\n<td>\n<p align=\"left\"><span style=\"color: #000000;\"><span style=\"font-size: medium;\">Con una superficie de aproximadamente 100 km, la Turena cuenta con muchos de los castillos m\u00e1s famosos del valle del Loira y de<\/span> <span style=\"font-size: medium;\">espl\u00e9ndidas ciudades. Miles de tesoros le esperan: Chenonceau, Chambord, Amboise, Chinon, Villandry, Uss\u00e9, Azay-le-Rideau, Chaumont-sur-Loire, Valen\u00e7ay, Langeais\u2026 pasando por<\/span> <span style=\"font-size: medium;\">Blois, Tours, Saumur, Chinon, Montrichard, Ch\u00e2tellerault , Richelieu\u2026<\/span><\/span><\/p>\n<p align=\"left\"><span style=\"color: #000000;\"><span style=\"font-size: medium;\">Protegidas por tres Parques Naturales Regionales (Brenne \u2013 Loire Anjou Touraine \u2013 Perche), la<\/span> <span style=\"font-size: medium;\">Turena<\/span> <span style=\"font-size: medium;\">y la Regi\u00f3n del Valle del Loira conservan un patrimonio reconocido a nivel nacional e incluso mundial (280 km de rutas fluviales declaradas<\/span> <span style=\"font-size: medium;\">Patrimonio de la Humanidad por la UNESCO desde noviembre 2000), con su encantadora naturaleza, llena<\/span> <span style=\"font-size: medium;\">de rutas ciclotur\u00edsticas (Loire \u00e0 v\u00e9lo, Indre \u00e0 v\u00e9lo, Cher \u00e0 v\u00e9lo, Vienne \u00e0 v\u00e9lo) y excursiones (como el G.R.3 y el camino de San Martino), bosques (el bosque estatal de Loches cuenta con 4.000 hect\u00e1reas), jardines y cursos<\/span> <span style=\"font-size: medium;\">de agua.<\/span><\/span><\/p>\n<\/td>\n<td><img decoding=\"async\" class=\"zoom-me\" src=\"\/fr\/files\/2012\/12\/histoire-7.png\" alt=\"\" width=\"105\" data-zoom=\"2\" \/><\/td>\n<\/tr>\n<\/tbody>\n<\/table>\n<h1 class=\"corsiva\"><\/h1>\n","protected":false},"excerpt":{"rendered":"<p>La Regi\u00f3n La ciudad es una joya en el coraz\u00f3n de la Turena, el \u00abjard\u00edn de Francia\u00bb, tierra de vi\u00f1edos, gastronom\u00eda, productos agr\u00edcoles y l\u00e1cteos. \u00f3 Del vino a las bodegas: un descubrimiento sin f\u00edn lejos de la masa y de las carreteras m\u00e1s transitadas, entre vi\u00f1edos y bodegas, un viaje inmerso en paisajes verdes [&hellip;]<\/p>\n","protected":false},"author":1,"featured_media":0,"parent":0,"menu_order":0,"comment_status":"closed","ping_status":"closed","template":"","meta":[],"_links":{"self":[{"href":"https:\/\/villa-loches.com\/es\/wp-json\/wp\/v2\/pages\/1225"}],"collection":[{"href":"https:\/\/villa-loches.com\/es\/wp-json\/wp\/v2\/pages"}],"about":[{"href":"https:\/\/villa-loches.com\/es\/wp-json\/wp\/v2\/types\/page"}],"author":[{"embeddable":true,"href":"https:\/\/villa-loches.com\/es\/wp-json\/wp\/v2\/users\/1"}],"replies":[{"embeddable":true,"href":"https:\/\/villa-loches.com\/es\/wp-json\/wp\/v2\/comments?post=1225"}],"version-history":[{"count":7,"href":"https:\/\/villa-loches.com\/es\/wp-json\/wp\/v2\/pages\/1225\/revisions"}],"predecessor-version":[{"id":2523,"href":"https:\/\/villa-loches.com\/es\/wp-json\/wp\/v2\/pages\/1225\/revisions\/2523"}],"wp:attachment":[{"href":"https:\/\/villa-loches.com\/es\/wp-json\/wp\/v2\/media?parent=1225"}],"curies":[{"name":"wp","href":"https:\/\/api.w.org\/{rel}","templated":true}]}}