{"id":122,"date":"2012-12-14T15:40:28","date_gmt":"2012-12-14T14:40:28","guid":{"rendered":"http:\/\/villa-loches.com\/fr\/?page_id=122"},"modified":"2024-03-26T16:45:02","modified_gmt":"2024-03-26T15:45:02","slug":"home","status":"publish","type":"page","link":"https:\/\/villa-loches.com\/es\/","title":{"rendered":"Home"},"content":{"rendered":"<p align=\"center\"><span style=\"color: #000000;\"><span style=\"font-family: Liberation Serif, serif;\"><span style=\"font-size: medium;\">Para darles<i><b> <\/b><\/i>la bienvenida encontrar\u00e1n a <b>Silvia<\/b> les recibir\u00e1<i><b> <\/b><\/i>con sus dos compa\u00f1eras de aventuras<br \/>\n<\/span><\/span><\/span><span style=\"color: #000000;\"><span style=\"font-family: Liberation Serif, serif;\"><span style=\"font-size: medium;\"> a<i><b> <\/b><\/i>cuatro patas, <b>Lola<\/b> y <b>Lilli<\/b>.<\/span><\/span><\/span><\/p>\n<table>\n<tbody>\n<tr>\n<td>\n<p align=\"center\"><span style=\"color: #000000;\"><span style=\"font-family: Liberation Serif, serif;\"><span style=\"font-size: medium;\">Durante su estancia, estar\u00e1n inmerso en el pasado en pleno coraz\u00f3n de la Tierra de los Reyes, del Jard\u00edn de Francia, entre los castillos m\u00e1s famosos del Valle del Loira (Chambord, Chenonceau, Amboise o Villandry) y magn\u00edficas ciudades hist\u00f3ricas como Orleans, Blois, Tours y Chinon.<\/span><\/span><\/span><\/p>\n<\/td>\n<td><img decoding=\"async\" src=\"\/fr\/files\/2012\/12\/accueil-1.png\" alt=\"\" width=\"75\" \/><\/td>\n<\/tr>\n<\/tbody>\n<\/table>\n<table>\n<tbody>\n<tr>\n<td><img decoding=\"async\" src=\"\/fr\/files\/2012\/12\/accueil-2.png\" alt=\"\" width=\"75\" \/><\/td>\n<td>\n<p align=\"center\"><span style=\"color: #000000;\"><span style=\"font-family: Liberation Serif, serif;\"><span style=\"font-size: medium;\">Dentro de una casa que a\u00fan conserva intactos los rastros de los siglos, en parte del XVI y en parte del XVIII, se denota su sencillez, con su espl\u00e9ndida torre, que serv\u00eda en el pasado de palomar. La torre hoy alberga una escalera de 37 escalones que conduce a una de las tres entradas de la propiedad,<\/span><\/span><\/span><\/p>\n<\/td>\n<\/tr>\n<\/tbody>\n<\/table>\n<table>\n<tbody>\n<tr>\n<td>\n<p align=\"center\"><span style=\"color: #000000;\"><span style=\"font-family: Liberation Serif, serif;\"><span style=\"font-size: medium;\">y los s\u00f3tanos de la casa son de origen medieval, quiz\u00e1s sirv\u00edan de viviendas trogloditas \u2013 y se extienden debajo de las murallas de la fortaleza&#8230;<\/span><\/span><\/span><\/p>\n<\/td>\n<td><img decoding=\"async\" src=\"\/fr\/files\/2012\/12\/accueil-3.png\" alt=\"\" width=\"75\" \/><\/td>\n<\/tr>\n<\/tbody>\n<\/table>\n<p><a class=\"button-more\" href=\"\/es\/accueil\/\">m\u00e1s&#8230;<\/a><br \/>\n<iframe loading=\"lazy\" src=\"https:\/\/www.youtube.com\/embed\/RaDI-_gnrD4?rel=0&amp;controls=0&amp;showinfo=0\" width=\"560\" height=\"315\" frameborder=\"0\" allowfullscreen=\"allowfullscreen\"><\/iframe><\/p>\n","protected":false},"excerpt":{"rendered":"<p>Para darles la bienvenida encontrar\u00e1n a Silvia les recibir\u00e1 con sus dos compa\u00f1eras de aventuras a cuatro patas, Lola y Lilli. Durante su estancia, estar\u00e1n inmerso en el pasado en pleno coraz\u00f3n de la Tierra de los Reyes, del Jard\u00edn de Francia, entre los castillos m\u00e1s famosos del Valle del Loira (Chambord, Chenonceau, Amboise o [&hellip;]<\/p>\n","protected":false},"author":1,"featured_media":0,"parent":0,"menu_order":0,"comment_status":"closed","ping_status":"closed","template":"","meta":[],"_links":{"self":[{"href":"https:\/\/villa-loches.com\/es\/wp-json\/wp\/v2\/pages\/122"}],"collection":[{"href":"https:\/\/villa-loches.com\/es\/wp-json\/wp\/v2\/pages"}],"about":[{"href":"https:\/\/villa-loches.com\/es\/wp-json\/wp\/v2\/types\/page"}],"author":[{"embeddable":true,"href":"https:\/\/villa-loches.com\/es\/wp-json\/wp\/v2\/users\/1"}],"replies":[{"embeddable":true,"href":"https:\/\/villa-loches.com\/es\/wp-json\/wp\/v2\/comments?post=122"}],"version-history":[{"count":19,"href":"https:\/\/villa-loches.com\/es\/wp-json\/wp\/v2\/pages\/122\/revisions"}],"predecessor-version":[{"id":2557,"href":"https:\/\/villa-loches.com\/es\/wp-json\/wp\/v2\/pages\/122\/revisions\/2557"}],"wp:attachment":[{"href":"https:\/\/villa-loches.com\/es\/wp-json\/wp\/v2\/media?parent=122"}],"curies":[{"name":"wp","href":"https:\/\/api.w.org\/{rel}","templated":true}]}}