{"id":10,"date":"2012-12-11T11:23:56","date_gmt":"2012-12-11T10:23:56","guid":{"rendered":"http:\/\/villa-loches.com\/fr\/?page_id=10"},"modified":"2025-04-08T14:34:43","modified_gmt":"2025-04-08T13:34:43","slug":"tarif","status":"publish","type":"page","link":"https:\/\/villa-loches.com\/es\/tarif\/","title":{"rendered":"Tarifas"},"content":{"rendered":"<h3>Tarifas<\/h3>\n<h4>Piso \/ \u00c1tico<\/h4>\n<table width=\"600\" cellpadding=\"5\">\n<tbody>\n<tr>\n<td><\/td>\n<td style=\"border: 1px dashed black;\" align=\"center\">(1-2 pers)<\/td>\n<td style=\"border: 1px dashed black;\" align=\"center\">(3-5 pers)<\/td>\n<td style=\"border: 1px dashed black;\" align=\"center\">min<\/td>\n<td style=\"border: 1px dashed black;\" align=\"center\">m\u00e1x<\/td>\n<\/tr>\n<tr style=\"border: 1px dashed black;\">\n<td>Semana<\/td>\n<td style=\"border: 1px dashed black;\" align=\"right\">595 \u20ac<\/td>\n<td style=\"border: 1px dashed black;\" align=\"right\">690 \u20ac<\/td>\n<td style=\"border: 1px dashed black;\" align=\"right\">500 \u20ac<\/td>\n<td style=\"border: 1px dashed black;\" align=\"right\">690 \u20ac<\/td>\n<\/tr>\n<tr style=\"border: 1px dashed black;\">\n<td>Noche<\/td>\n<td style=\"border: 1px dashed black;\" align=\"right\">95 \u20ac<\/td>\n<td style=\"border: 1px dashed black;\" align=\"right\">110 \u20ac<\/td>\n<td style=\"border: 1px dashed black;\" align=\"right\">75 \u20ac<\/td>\n<td style=\"border: 1px dashed black;\" align=\"right\">120 \u20ac<\/td>\n<\/tr>\n<tr>\n<td><\/td>\n<td style=\"border: 1px dashed black; border-top: 2px solid black;\">Red sem.<\/td>\n<td style=\"border: 1px dashed black; border-top: 2px solid black;\" align=\"right\">10 %<\/td>\n<td><\/td>\n<td><\/td>\n<\/tr>\n<tr>\n<td><\/td>\n<td style=\"border: 1px dashed black;\">Red mes<\/td>\n<td style=\"border: 1px dashed black;\" align=\"right\">20 %<\/td>\n<td><\/td>\n<td><\/td>\n<\/tr>\n<\/tbody>\n<\/table>\n<h4>Estudio<\/h4>\n<table width=\"600\" cellpadding=\"5\">\n<tbody>\n<tr>\n<td><\/td>\n<td style=\"border: 1px dashed black;\" align=\"center\">(1-2 pers)<\/td>\n<td style=\"border: 1px dashed black;\" align=\"center\"><\/td>\n<td style=\"border: 1px dashed black;\" align=\"center\">min<\/td>\n<td style=\"border: 1px dashed black;\" align=\"center\">m\u00e1x<\/td>\n<\/tr>\n<tr style=\"border: 1px dashed black;\">\n<td>Semana<\/td>\n<td style=\"border: 1px dashed black;\" align=\"right\">535 \u20ac<\/td>\n<td style=\"border: 1px dashed black;\" align=\"right\"><\/td>\n<td style=\"border: 1px dashed black;\" align=\"right\">350 \u20ac<\/td>\n<td style=\"border: 1px dashed black;\" align=\"right\">560 \u20ac<\/td>\n<\/tr>\n<tr style=\"border: 1px dashed black;\">\n<td>Noche<\/td>\n<td style=\"border: 1px dashed black;\" align=\"right\">80 \u20ac<\/td>\n<td style=\"border: 1px dashed black;\" align=\"right\"><\/td>\n<td style=\"border: 1px dashed black;\" align=\"right\">65 \u20ac<\/td>\n<td style=\"border: 1px dashed black;\" align=\"right\">90 \u20ac<\/td>\n<\/tr>\n<tr>\n<td><\/td>\n<td style=\"border: 1px dashed black; border-top: 2px solid black;\">R\u00e9d sem.<\/td>\n<td style=\"border: 1px dashed black; border-top: 2px solid black;\" align=\"right\">10 %<\/td>\n<td><\/td>\n<td><\/td>\n<\/tr>\n<tr>\n<td><\/td>\n<td style=\"border: 1px dashed black;\">R\u00e9d mes<\/td>\n<td style=\"border: 1px dashed black;\" align=\"right\">16 %<\/td>\n<td><\/td>\n<td><\/td>\n<\/tr>\n<\/tbody>\n<\/table>\n<h4>Chez PIERROT<\/h4>\n<table width=\"600\" cellpadding=\"5\">\n<tbody>\n<tr>\n<td><\/td>\n<td style=\"border: 1px dashed black;\" align=\"center\">(1-2 pers)<\/td>\n<td style=\"border: 1px dashed black;\" align=\"center\"><\/td>\n<td style=\"border: 1px dashed black;\" align=\"center\">min<\/td>\n<td style=\"border: 1px dashed black;\" align=\"center\">m\u00e1x<\/td>\n<\/tr>\n<tr style=\"border: 1px dashed black;\">\n<td>Semana<\/td>\n<td style=\"border: 1px dashed black;\" align=\"right\">620 \u20ac<\/td>\n<td style=\"border: 1px dashed black;\" align=\"right\"><\/td>\n<td style=\"border: 1px dashed black;\" align=\"right\">550 \u20ac<\/td>\n<td style=\"border: 1px dashed black;\" align=\"right\">680 \u20ac<\/td>\n<\/tr>\n<tr style=\"border: 1px dashed black;\">\n<td>Noche<\/td>\n<td style=\"border: 1px dashed black;\" align=\"right\">98 \u20ac<\/td>\n<td style=\"border: 1px dashed black;\" align=\"right\"><\/td>\n<td style=\"border: 1px dashed black;\" align=\"right\">85 \u20ac<\/td>\n<td style=\"border: 1px dashed black;\" align=\"right\">105 \u20ac<\/td>\n<\/tr>\n<tr>\n<td><\/td>\n<td style=\"border: 1px dashed black; border-top: 2px solid black;\">Red sem.<\/td>\n<td style=\"border: 1px dashed black; border-top: 2px solid black;\" align=\"right\">10 %<\/td>\n<td><\/td>\n<td><\/td>\n<\/tr>\n<tr>\n<td><\/td>\n<td style=\"border: 1px dashed black;\">Red mes<\/td>\n<td style=\"border: 1px dashed black;\" align=\"right\">16 %<\/td>\n<td><\/td>\n<td><\/td>\n<\/tr>\n<\/tbody>\n<\/table>\n<p align=\"left\"><span style=\"color: #222222;\"><span style=\"font-size: medium;\">Presupuestos a medida en funci\u00f3n de la duraci\u00f3n de la estancia y del n\u00famero de personas: m\u00e1xima flexibilidad&#8230;<\/span><\/span><\/p>\n<p><a href=\"\/fr\/contact\">\u00a1Ll\u00e1menme!<\/a><\/p>\n<p align=\"left\"><span style=\"color: #222222;\"><span style=\"font-size: medium;\">A <\/span><\/span><span style=\"color: #000000;\"><span style=\"font-size: medium;\">partir del 1 de enero de 2016, a la tarifa del alojamiento se le deber\u00e1 a\u00f1adir la Tasa Tur\u00edstica, que se aplica<\/span><\/span> <span style=\"color: #000000;\"><span style=\"font-size: medium;\">a los turistas mayores de edad y su valor diario corresponde al siguiente c\u00e1lculo: saldo<\/span><\/span> <span style=\"color: #000000;\"><span style=\"font-size: medium;\">total del alquiler x 0,05 x 1,10.<\/span><\/span><\/p>\n<p><a style=\"font-weight: bold; text-decoration: underline;\" href=\"\/fr\/files\/2016\/01\/tax.jpg\" target=\"_blank\" rel=\"noopener\">Aqu\u00ed<\/a><\/p>\n<p align=\"left\"><span style=\"color: #000000;\"><span style=\"font-size: medium;\">encontrar\u00e1 el documento correspondiente, aprobado por la Communaut\u00e9 de Communes Loches D\u00e9veloppement en noviembre de 2015.<\/span><\/span><\/p>\n<h3>Formas de pago<\/h3>\n<table>\n<tbody>\n<tr>\n<td>a)<\/td>\n<td colspan=\"2\">su reserva ser\u00e1 efectiva al recibimiento:<\/td>\n<\/tr>\n<tr>\n<td><\/td>\n<td>&#8211;<\/td>\n<td>du contrat firmado, que le ser\u00e1 enviado por correo electr\u00f3nico;<\/td>\n<\/tr>\n<tr>\n<td><\/td>\n<td>&#8211;<\/td>\n<td>del dep\u00f3sito equivalente al 33% del importe total de la estancia (mediante transferencia bancaria o paypal)<\/td>\n<\/tr>\n<tr>\n<td>b)<\/td>\n<td colspan=\"2\">a su llegada se le pedir\u00e1:<\/td>\n<\/tr>\n<tr>\n<td><\/td>\n<td>&#8211;<\/td>\n<td>el saldo del coste total de la estencia;<\/td>\n<\/tr>\n<tr>\n<td><\/td>\n<td valign=\"top\">&#8211;<\/td>\n<td>el pago de un dep\u00f3sito (300 \u20ac para el estudio et 400 \u20ac para el piso \/ chez Pierrot \/ \u00e1tico), que le ser\u00e1 devuelto a la salida si no hay degradaciones<\/td>\n<\/tr>\n<tr>\n<td colspan=\"3\">Si desea cancela, lo deber\u00e1 comunicar por escrito. En caso de cancelaci\u00f3nmenos de un mes antes del 1er d\u00eda reservado, no se reembolsar\u00e0 el anticipo; si usted cancela m\u00e1s de 30 d\u00edas antes de su llegada, el importe del anticipo tendr\u00e1 una validez de un a\u00f1o desde el inicio previsto de la estenciao<\/td>\n<\/tr>\n<tr>\n<td colspan=\"3\">Les servicios adicionales de pago se abonar\u00e1n al final de la estancia.<\/td>\n<\/tr>\n<\/tbody>\n<\/table>\n<h3>Horarios de entrada y salida<\/h3>\n<p>El d\u00eda de llegada los apartamentos estar\u00e1n disponibles a partir de las 16.00.<br \/>\nEl d\u00eda de salida los apartamentos deber\u00e1n quedar libres antes de las 10.30.<\/p>\n<p>Consulten las fechas de reserva disponibles en el <a href=\"\/fr\/reservation\/\">calendario<\/a>.<\/p>\n","protected":false},"excerpt":{"rendered":"<p>Tarifas Piso \/ \u00c1tico (1-2 pers) (3-5 pers) min m\u00e1x Semana 595 \u20ac 690 \u20ac 500 \u20ac 690 \u20ac Noche 95 \u20ac 110 \u20ac 75 \u20ac 120 \u20ac Red sem. 10 % Red mes 20 % Estudio (1-2 pers) min m\u00e1x Semana 535 \u20ac 350 \u20ac 560 \u20ac Noche 80 \u20ac 65 \u20ac 90 \u20ac [&hellip;]<\/p>\n","protected":false},"author":1,"featured_media":0,"parent":0,"menu_order":0,"comment_status":"closed","ping_status":"closed","template":"","meta":[],"_links":{"self":[{"href":"https:\/\/villa-loches.com\/es\/wp-json\/wp\/v2\/pages\/10"}],"collection":[{"href":"https:\/\/villa-loches.com\/es\/wp-json\/wp\/v2\/pages"}],"about":[{"href":"https:\/\/villa-loches.com\/es\/wp-json\/wp\/v2\/types\/page"}],"author":[{"embeddable":true,"href":"https:\/\/villa-loches.com\/es\/wp-json\/wp\/v2\/users\/1"}],"replies":[{"embeddable":true,"href":"https:\/\/villa-loches.com\/es\/wp-json\/wp\/v2\/comments?post=10"}],"version-history":[{"count":83,"href":"https:\/\/villa-loches.com\/es\/wp-json\/wp\/v2\/pages\/10\/revisions"}],"predecessor-version":[{"id":2591,"href":"https:\/\/villa-loches.com\/es\/wp-json\/wp\/v2\/pages\/10\/revisions\/2591"}],"wp:attachment":[{"href":"https:\/\/villa-loches.com\/es\/wp-json\/wp\/v2\/media?parent=10"}],"curies":[{"name":"wp","href":"https:\/\/api.w.org\/{rel}","templated":true}]}}