{"id":448,"date":"2014-02-28T11:21:52","date_gmt":"2014-02-28T10:21:52","guid":{"rendered":"http:\/\/villa-loches.com\/en\/?page_id=448"},"modified":"2023-12-16T09:40:37","modified_gmt":"2023-12-16T08:40:37","slug":"activities-loire-valley","status":"publish","type":"page","link":"https:\/\/villa-loches.com\/en\/activities-loire-valley\/","title":{"rendered":"Activities"},"content":{"rendered":"<h1 class=\"corsiva\">Activities<\/h1>\n<table>\n<tbody>\n<tr>\n<td><img decoding=\"async\" class=\"zoom-me\" src=\"\/fr\/files\/2012\/12\/histoire-8.png\" alt=\"\" width=\"105\"><\/td>\n<td>\n<p class=\"gabriola\">All around Loches many sporting activities: golf, fishing, walking, horse and donkey riding, cycling routes, canoe or kayak, tree climbing,<br \/>\nsegway, paragliding&#8230; , &#8230; a lots of attractions: hot-air balloon, stages and laboratory, carriage rides, boat tours, vintage cars tours, rally 2CV, amusement parks for all the family, &#8230;<\/p>\n<\/td>\n<td><img decoding=\"async\" class=\"zoom-me\" src=\"\/fr\/files\/2012\/12\/histoire-9.png\" alt=\"\" width=\"105\"><\/td>\n<\/tr>\n<\/tbody>\n<\/table>\n<table>\n<tbody>\n<tr>\n<td><img decoding=\"async\" src=\"\/fr\/files\/2012\/12\/histoire-10.png\" alt=\"\" width=\"105\"><\/td>\n<td>\n<p class=\"gabriola\">&#8230; music and theater festivals, the balneotherapy and a new aquatic center Natureo with its magnificent city view!<\/p>\n<\/td>\n<\/tr>\n<\/tbody>\n<\/table>\n<div class=\"is-layout-flex wp-container-4 wp-block-columns\">\n<div class=\"is-layout-flow wp-block-column\">\n<p><strong>i<\/strong><strong>n d<\/strong><strong>e<\/strong><strong>tails, <\/strong><em><strong>Activities in the city of Loches:<\/strong><\/em><\/p>\n<p>\u2022 walks through the \u201cPrairies du Roy\u201d and through the Loches state forest (which has 4,000 hectares)<br \/>\u2022 walk and sketch in the forest<br \/>\u2022 horse and donkey rides<br \/>\u2022 rides in old cars and carriages<br \/>\u2022 bicycle and segway excursions<br \/>\u2022 canoe and kayak excursions<br \/>\u2022 fishing<br \/>\u2022 Natur\u00e9o water park<br \/>\u2022 balneotherapy<br \/>\u2022 heritage practices and workshops: stained glass, stone sculpture, modeling, creation of blazon&#8230;<br \/>\u2022 escape game at the Lansyer museum<br \/>\u2022 candy manufacturing workshop at the Hallard company<br \/>\u2022 markets of local French products, which here in Loches fill the city streets twice a week<br \/>\u2022 music and theater festivals<\/p>\n<div class=\"is-layout-flex wp-container-2 wp-block-columns\">\n<div class=\"is-layout-flow wp-block-column\"><\/div>\n<\/div>\n<p><strong>i<\/strong><strong>n d<\/strong><strong>e<\/strong><strong>tails, <\/strong><em><strong>Activities <\/strong><\/em><em><strong>around<\/strong><\/em><em><strong> Loches:<\/strong><\/em><\/p>\n<p>\u2022 fishing and leisure center with tree climbing park in Chemill\u00e9<br \/>\u2022 educational\/pedagogical farm in Sepmes<br \/>\u2022 Museum of Prehistory in Grand-Pressigny<br \/>\u2022 Goupilli\u00e8res troglodyte valley<br \/>\u2022 Dufresne museum<br \/>\u2022 car museum in Valen\u00e7ay<br \/>\u2022 planetarium in Tauxigny<br \/>\u2022 aquarium in Lussault-sur-Loire<br \/>\u2022 the Petrified Caves in Savonni\u00e8res<br \/>\u2022 Roches Ville mushrooms cultivation in the village of Bourr\u00e9<br \/>\u2022 visits to wineries in Montrichard and Vouvray<br \/>\u2022 Renard&rsquo;s chocolate workshops in Manthelan<br \/>\u2022 nature and gastronomy workshops in Cand\u00e9<br \/>\u2022 tomato garden and conservatory of the Ch\u00e2teau de la Bourdaisi\u00e8re<br \/>\u2022 wicker basket production in Villaines-les-Rochers<br \/>\u2022 hot air balloon flights<br \/>\u2022 paragliding<br \/>\u2022 boat trips on the rivers<br \/>\u2022 flights in Ulm<br \/>\u2022 golf in Verneuil<br \/>\u2022 karting<br \/>\u2022 rallies with 2CV<br \/>\u2022 Le Louroux lake walking circuit<br \/>\u2022 the famous \u00ab\u00a0brocante\u00a0\u00bb, markets selling antique and second-hand objects<br \/>\u2022 cycling routes (Loire \u00e0 v\u00e9lo, Indre \u00e0 v\u00e9lo, Cher \u00e0 v\u00e9lo, Vienne \u00e0 v\u00e9lo) and excursions (such as the G.R.3 and the San Martino path)<br \/>\u2022 safari train in Autr\u00e8che<br \/>\u2022 Beauval Zoo<br \/>\u2022 Haute-Touche zoological reserve<br \/>\u2022 Family Park in Sorigny<br \/>\u2022 amusement park in Monts<\/p>\n<\/div>\n<\/div>\n","protected":false},"excerpt":{"rendered":"<p>Activities All around Loches many sporting activities: golf, fishing, walking, horse and donkey riding, cycling routes, canoe or kayak, tree climbing, segway, paragliding&#8230; , &#8230; a lots of attractions: hot-air balloon, stages and laboratory, carriage rides, boat tours, vintage cars tours, rally 2CV, amusement parks for all the family, &#8230; &#8230; music and theater festivals, [&hellip;]<\/p>\n","protected":false},"author":1,"featured_media":0,"parent":0,"menu_order":0,"comment_status":"closed","ping_status":"closed","template":"","meta":[],"_links":{"self":[{"href":"https:\/\/villa-loches.com\/en\/wp-json\/wp\/v2\/pages\/448"}],"collection":[{"href":"https:\/\/villa-loches.com\/en\/wp-json\/wp\/v2\/pages"}],"about":[{"href":"https:\/\/villa-loches.com\/en\/wp-json\/wp\/v2\/types\/page"}],"author":[{"embeddable":true,"href":"https:\/\/villa-loches.com\/en\/wp-json\/wp\/v2\/users\/1"}],"replies":[{"embeddable":true,"href":"https:\/\/villa-loches.com\/en\/wp-json\/wp\/v2\/comments?post=448"}],"version-history":[{"count":5,"href":"https:\/\/villa-loches.com\/en\/wp-json\/wp\/v2\/pages\/448\/revisions"}],"predecessor-version":[{"id":960,"href":"https:\/\/villa-loches.com\/en\/wp-json\/wp\/v2\/pages\/448\/revisions\/960"}],"wp:attachment":[{"href":"https:\/\/villa-loches.com\/en\/wp-json\/wp\/v2\/media?parent=448"}],"curies":[{"name":"wp","href":"https:\/\/api.w.org\/{rel}","templated":true}]}}