{"id":447,"date":"2014-02-28T11:21:51","date_gmt":"2014-02-28T10:21:51","guid":{"rendered":"http:\/\/villa-loches.com\/en\/?page_id=447"},"modified":"2023-10-18T12:11:31","modified_gmt":"2023-10-18T11:11:31","slug":"region-culture-nature-loire-valley","status":"publish","type":"page","link":"https:\/\/villa-loches.com\/en\/region-culture-nature-loire-valley\/","title":{"rendered":"Region: Local &#038; Culture"},"content":{"rendered":"<h1 class=\"corsiva\">Region<\/h1>\n<table>\n<tbody>\n<tr>\n<td><img decoding=\"async\" class=\"zoom-me\" src=\"\/fr\/files\/2012\/12\/histoire-4.png\" alt=\"\" width=\"105\" \/><\/td>\n<td>\n<p class=\"gabriola\">The town is a jewel located at the heart of the Touraine, the \u00ab\u00a0France&rsquo;s garden\u00a0\u00bb, land of vineyard, gastronomy, vegetables, cheese<br \/>\nFrom wine to cellar in Touraine: a continuous discovery far from crowds and major roads, amongst vineyards and wine cellars, a tour through green and pleasant landscapes, inviting you to meet the local people, his legendary conviviality and his \u00ab\u00a0divine nectar\u00a0\u00bb<br \/>\nAnd how can we forget the French food markets of local products, that here, in Loches, take place twice a week. Or the famous \u00ab\u00a0brocantes\u00a0\u00bb, typically French markets of old objects and antiquity&#8230;<\/p>\n<\/td>\n<td><img decoding=\"async\" class=\"zoom-me\" src=\"\/fr\/files\/2012\/12\/histoire-5.png\" alt=\"\" width=\"105\" data-zoom=\"2\" \/><\/td>\n<\/tr>\n<\/tbody>\n<\/table>\n<table>\n<tbody>\n<tr>\n<td><img decoding=\"async\" class=\"zoom-me\" src=\"\/fr\/files\/2012\/12\/histoire-6.png\" alt=\"\" width=\"105\" \/><\/td>\n<td>\n<p class=\"gabriola\">Extended over an area of just 100 km the Touraine boasts some of the most eminent Castles of the Loire Valley and magnificent cities. Thousands of treasures just waiting for you: Chenonceau, Chambord, Amboise, Chinon, Villandry, Uss\u00e9, Azay-le-Rideau, Chaumont-sur-Loire, Valen\u00e7ay, Langeais\u2026 And then: Blois, Tours, Saumur, Chinon, Montrichard, Ch\u00e2tellerault, Richelieu&#8230;<br \/>\nNow protected by three Natural Regional Parks (Brenne &#8211; Loire Anjou Touraine &#8211; Perche), all Touraine and Loire Valley Region boasts an internationally recognized national heritage with a magnificent nature rich in cycling-touristic routes (Loire \u00e0 v\u00e9lo, Indre \u00e0 v\u00e9lo<span style=\"font-size: revert; font-family: inherit; font-weight: inherit; color: initial;\">, Cher \u00e0 v\u00e9lo, Vienne \u00e0 v\u00e9lo<\/span>) and hikes (G.R.3 and the Saint Martin trails), woods, gardens and rivers.<\/p>\n<\/td>\n<td><img decoding=\"async\" class=\"zoom-me\" src=\"\/fr\/files\/2012\/12\/histoire-7.png\" alt=\"\" width=\"105\" data-zoom=\"2\" \/><\/td>\n<\/tr>\n<\/tbody>\n<\/table>\n<h1 class=\"corsiva\"><\/h1>\n","protected":false},"excerpt":{"rendered":"<p>Region The town is a jewel located at the heart of the Touraine, the \u00ab\u00a0France&rsquo;s garden\u00a0\u00bb, land of vineyard, gastronomy, vegetables, cheese From wine to cellar in Touraine: a continuous discovery far from crowds and major roads, amongst vineyards and wine cellars, a tour through green and pleasant landscapes, inviting you to meet the local [&hellip;]<\/p>\n","protected":false},"author":1,"featured_media":0,"parent":0,"menu_order":0,"comment_status":"closed","ping_status":"closed","template":"","meta":[],"_links":{"self":[{"href":"https:\/\/villa-loches.com\/en\/wp-json\/wp\/v2\/pages\/447"}],"collection":[{"href":"https:\/\/villa-loches.com\/en\/wp-json\/wp\/v2\/pages"}],"about":[{"href":"https:\/\/villa-loches.com\/en\/wp-json\/wp\/v2\/types\/page"}],"author":[{"embeddable":true,"href":"https:\/\/villa-loches.com\/en\/wp-json\/wp\/v2\/users\/1"}],"replies":[{"embeddable":true,"href":"https:\/\/villa-loches.com\/en\/wp-json\/wp\/v2\/comments?post=447"}],"version-history":[{"count":4,"href":"https:\/\/villa-loches.com\/en\/wp-json\/wp\/v2\/pages\/447\/revisions"}],"predecessor-version":[{"id":952,"href":"https:\/\/villa-loches.com\/en\/wp-json\/wp\/v2\/pages\/447\/revisions\/952"}],"wp:attachment":[{"href":"https:\/\/villa-loches.com\/en\/wp-json\/wp\/v2\/media?parent=447"}],"curies":[{"name":"wp","href":"https:\/\/api.w.org\/{rel}","templated":true}]}}